{"id":1109,"date":"2020-03-31T08:13:34","date_gmt":"2020-03-31T06:13:34","guid":{"rendered":"https:\/\/dignita.com\/?page_id=1109"},"modified":"2025-07-25T21:19:18","modified_gmt":"2025-07-25T19:19:18","slug":"asiakaspalvelu","status":"publish","type":"page","link":"https:\/\/dignita.com\/fi\/yhteystiedot\/asiakaspalvelu\/","title":{"rendered":"ASIAKASPALVELU"},"content":{"rendered":"<p><img loading=\"lazy\" decoding=\"async\" class=\"alignnone wp-image-3581 size-medium\" src=\"https:\/\/dignita.com\/app\/uploads\/2023\/02\/dignita-alkolukko-300x177.png\" alt=\"Dignita alkolukko\" width=\"300\" height=\"177\" srcset=\"https:\/\/dignita.com\/app\/uploads\/2023\/02\/dignita-alkolukko-300x177.png 300w, https:\/\/dignita.com\/app\/uploads\/2023\/02\/dignita-alkolukko-768x453.png 768w, https:\/\/dignita.com\/app\/uploads\/2023\/02\/dignita-alkolukko.png 896w\" sizes=\"auto, (max-width: 300px) 100vw, 300px\" \/><\/p>\n<p>Aukioloajat: ma\u2013pe klo 08.00\u201316.00<br \/>\nPuhelin:\u00a0<a href=\"tel:0947800788\">09 47800788<\/a><br \/>\nS\u00e4hk\u00f6posti:\u00a0<a href=\"mailto:info@dignita.fi\">info@dignita.fi<\/a><br \/>\nVastaamme s\u00e4hk\u00f6postiviesteihin 8 tunnin kuluessa (ma\u2013pe).<\/p>\n","protected":false},"excerpt":{"rendered":"<p>Aukioloajat: ma\u2013pe klo 08.00\u201316.00 Puhelin:\u00a009 47800788 S\u00e4hk\u00f6posti:\u00a0info@dignita.fi Vastaamme s\u00e4hk\u00f6postiviesteihin 8 tunnin kuluessa (ma\u2013pe).<\/p>\n","protected":false},"author":2,"featured_media":0,"parent":1160,"menu_order":0,"comment_status":"closed","ping_status":"closed","template":"template-contact_us.php","meta":{"_acf_changed":false,"footnotes":""},"class_list":["post-1109","page","type-page","status-publish","hentry"],"acf":[],"yoast_head":"<!-- This site is optimized with the Yoast SEO plugin v27.3 - https:\/\/yoast.com\/product\/yoast-seo-wordpress\/ -->\n<title>ASIAKASPALVELU - Dignita<\/title>\n<meta name=\"description\" content=\"Dignita asiakaspalvelu palvelee arkisin ma\u2013pe klo 08.00\u201316.00 - L\u00e4het\u00e4 s\u00e4hk\u00f6posti: info@dignita.fi - Vastaamme arkisin 8h kuluessa!\" \/>\n<meta name=\"robots\" content=\"index, follow, max-snippet:-1, max-image-preview:large, max-video-preview:-1\" \/>\n<link rel=\"canonical\" href=\"https:\/\/dignita.com\/fi\/yhteystiedot\/asiakaspalvelu\/\" \/>\n<meta property=\"og:locale\" content=\"fi_FI\" \/>\n<meta property=\"og:type\" content=\"article\" \/>\n<meta property=\"og:title\" content=\"ASIAKASPALVELU - Dignita\" \/>\n<meta property=\"og:description\" content=\"Dignita asiakaspalvelu palvelee arkisin ma\u2013pe klo 08.00\u201316.00 - L\u00e4het\u00e4 s\u00e4hk\u00f6posti: info@dignita.fi - Vastaamme arkisin 8h kuluessa!\" \/>\n<meta property=\"og:url\" content=\"https:\/\/dignita.com\/fi\/yhteystiedot\/asiakaspalvelu\/\" \/>\n<meta property=\"og:site_name\" content=\"Dignita\" \/>\n<meta property=\"article:modified_time\" content=\"2025-07-25T19:19:18+00:00\" \/>\n<meta property=\"og:image\" content=\"https:\/\/dignita.com\/app\/uploads\/2023\/02\/dignita-alkolukko.png\" \/>\n\t<meta property=\"og:image:width\" content=\"896\" \/>\n\t<meta property=\"og:image:height\" content=\"528\" \/>\n\t<meta property=\"og:image:type\" content=\"image\/png\" \/>\n<meta name=\"twitter:card\" content=\"summary_large_image\" \/>\n<meta name=\"twitter:label1\" content=\"Est. reading time\" \/>\n\t<meta name=\"twitter:data1\" content=\"1 minute\" \/>\n<script type=\"application\/ld+json\" class=\"yoast-schema-graph\">{\"@context\":\"https:\\\/\\\/schema.org\",\"@graph\":[{\"@type\":\"WebPage\",\"@id\":\"https:\\\/\\\/dignita.com\\\/fi\\\/yhteystiedot\\\/asiakaspalvelu\\\/\",\"url\":\"https:\\\/\\\/dignita.com\\\/fi\\\/yhteystiedot\\\/asiakaspalvelu\\\/\",\"name\":\"ASIAKASPALVELU - Dignita\",\"isPartOf\":{\"@id\":\"https:\\\/\\\/dignita.com\\\/#website\"},\"primaryImageOfPage\":{\"@id\":\"https:\\\/\\\/dignita.com\\\/fi\\\/yhteystiedot\\\/asiakaspalvelu\\\/#primaryimage\"},\"image\":{\"@id\":\"https:\\\/\\\/dignita.com\\\/fi\\\/yhteystiedot\\\/asiakaspalvelu\\\/#primaryimage\"},\"thumbnailUrl\":\"https:\\\/\\\/dignita.com\\\/app\\\/uploads\\\/2023\\\/02\\\/dignita-alkolukko-300x177.png\",\"datePublished\":\"2020-03-31T06:13:34+00:00\",\"dateModified\":\"2025-07-25T19:19:18+00:00\",\"description\":\"Dignita asiakaspalvelu palvelee arkisin ma\u2013pe klo 08.00\u201316.00 - L\u00e4het\u00e4 s\u00e4hk\u00f6posti: info@dignita.fi - Vastaamme arkisin 8h kuluessa!\",\"breadcrumb\":{\"@id\":\"https:\\\/\\\/dignita.com\\\/fi\\\/yhteystiedot\\\/asiakaspalvelu\\\/#breadcrumb\"},\"inLanguage\":\"fi\",\"potentialAction\":[{\"@type\":\"ReadAction\",\"target\":[\"https:\\\/\\\/dignita.com\\\/fi\\\/yhteystiedot\\\/asiakaspalvelu\\\/\"]}]},{\"@type\":\"ImageObject\",\"inLanguage\":\"fi\",\"@id\":\"https:\\\/\\\/dignita.com\\\/fi\\\/yhteystiedot\\\/asiakaspalvelu\\\/#primaryimage\",\"url\":\"https:\\\/\\\/dignita.com\\\/app\\\/uploads\\\/2023\\\/02\\\/dignita-alkolukko-300x177.png\",\"contentUrl\":\"https:\\\/\\\/dignita.com\\\/app\\\/uploads\\\/2023\\\/02\\\/dignita-alkolukko-300x177.png\"},{\"@type\":\"BreadcrumbList\",\"@id\":\"https:\\\/\\\/dignita.com\\\/fi\\\/yhteystiedot\\\/asiakaspalvelu\\\/#breadcrumb\",\"itemListElement\":[{\"@type\":\"ListItem\",\"position\":1,\"name\":\"Home\",\"item\":\"https:\\\/\\\/dignita.com\\\/fi\\\/\"},{\"@type\":\"ListItem\",\"position\":2,\"name\":\"YHTEYSTIEDOT\",\"item\":\"https:\\\/\\\/dignita.com\\\/fi\\\/yhteystiedot\\\/\"},{\"@type\":\"ListItem\",\"position\":3,\"name\":\"ASIAKASPALVELU\"}]},{\"@type\":\"WebSite\",\"@id\":\"https:\\\/\\\/dignita.com\\\/#website\",\"url\":\"https:\\\/\\\/dignita.com\\\/\",\"name\":\"Dignita\",\"description\":\"\",\"potentialAction\":[{\"@type\":\"SearchAction\",\"target\":{\"@type\":\"EntryPoint\",\"urlTemplate\":\"https:\\\/\\\/dignita.com\\\/?s={search_term_string}\"},\"query-input\":{\"@type\":\"PropertyValueSpecification\",\"valueRequired\":true,\"valueName\":\"search_term_string\"}}],\"inLanguage\":\"fi\"}]}<\/script>\n<!-- \/ Yoast SEO plugin. -->","yoast_head_json":{"title":"ASIAKASPALVELU - Dignita","description":"Dignita asiakaspalvelu palvelee arkisin ma\u2013pe klo 08.00\u201316.00 - L\u00e4het\u00e4 s\u00e4hk\u00f6posti: info@dignita.fi - Vastaamme arkisin 8h kuluessa!","robots":{"index":"index","follow":"follow","max-snippet":"max-snippet:-1","max-image-preview":"max-image-preview:large","max-video-preview":"max-video-preview:-1"},"canonical":"https:\/\/dignita.com\/fi\/yhteystiedot\/asiakaspalvelu\/","og_locale":"fi_FI","og_type":"article","og_title":"ASIAKASPALVELU - Dignita","og_description":"Dignita asiakaspalvelu palvelee arkisin ma\u2013pe klo 08.00\u201316.00 - L\u00e4het\u00e4 s\u00e4hk\u00f6posti: info@dignita.fi - Vastaamme arkisin 8h kuluessa!","og_url":"https:\/\/dignita.com\/fi\/yhteystiedot\/asiakaspalvelu\/","og_site_name":"Dignita","article_modified_time":"2025-07-25T19:19:18+00:00","og_image":[{"width":896,"height":528,"url":"https:\/\/dignita.com\/app\/uploads\/2023\/02\/dignita-alkolukko.png","type":"image\/png"}],"twitter_card":"summary_large_image","twitter_misc":{"Est. reading time":"1 minute"},"schema":{"@context":"https:\/\/schema.org","@graph":[{"@type":"WebPage","@id":"https:\/\/dignita.com\/fi\/yhteystiedot\/asiakaspalvelu\/","url":"https:\/\/dignita.com\/fi\/yhteystiedot\/asiakaspalvelu\/","name":"ASIAKASPALVELU - Dignita","isPartOf":{"@id":"https:\/\/dignita.com\/#website"},"primaryImageOfPage":{"@id":"https:\/\/dignita.com\/fi\/yhteystiedot\/asiakaspalvelu\/#primaryimage"},"image":{"@id":"https:\/\/dignita.com\/fi\/yhteystiedot\/asiakaspalvelu\/#primaryimage"},"thumbnailUrl":"https:\/\/dignita.com\/app\/uploads\/2023\/02\/dignita-alkolukko-300x177.png","datePublished":"2020-03-31T06:13:34+00:00","dateModified":"2025-07-25T19:19:18+00:00","description":"Dignita asiakaspalvelu palvelee arkisin ma\u2013pe klo 08.00\u201316.00 - L\u00e4het\u00e4 s\u00e4hk\u00f6posti: info@dignita.fi - Vastaamme arkisin 8h kuluessa!","breadcrumb":{"@id":"https:\/\/dignita.com\/fi\/yhteystiedot\/asiakaspalvelu\/#breadcrumb"},"inLanguage":"fi","potentialAction":[{"@type":"ReadAction","target":["https:\/\/dignita.com\/fi\/yhteystiedot\/asiakaspalvelu\/"]}]},{"@type":"ImageObject","inLanguage":"fi","@id":"https:\/\/dignita.com\/fi\/yhteystiedot\/asiakaspalvelu\/#primaryimage","url":"https:\/\/dignita.com\/app\/uploads\/2023\/02\/dignita-alkolukko-300x177.png","contentUrl":"https:\/\/dignita.com\/app\/uploads\/2023\/02\/dignita-alkolukko-300x177.png"},{"@type":"BreadcrumbList","@id":"https:\/\/dignita.com\/fi\/yhteystiedot\/asiakaspalvelu\/#breadcrumb","itemListElement":[{"@type":"ListItem","position":1,"name":"Home","item":"https:\/\/dignita.com\/fi\/"},{"@type":"ListItem","position":2,"name":"YHTEYSTIEDOT","item":"https:\/\/dignita.com\/fi\/yhteystiedot\/"},{"@type":"ListItem","position":3,"name":"ASIAKASPALVELU"}]},{"@type":"WebSite","@id":"https:\/\/dignita.com\/#website","url":"https:\/\/dignita.com\/","name":"Dignita","description":"","potentialAction":[{"@type":"SearchAction","target":{"@type":"EntryPoint","urlTemplate":"https:\/\/dignita.com\/?s={search_term_string}"},"query-input":{"@type":"PropertyValueSpecification","valueRequired":true,"valueName":"search_term_string"}}],"inLanguage":"fi"}]}},"_links":{"self":[{"href":"https:\/\/dignita.com\/fi\/wp-json\/wp\/v2\/pages\/1109","targetHints":{"allow":["GET"]}}],"collection":[{"href":"https:\/\/dignita.com\/fi\/wp-json\/wp\/v2\/pages"}],"about":[{"href":"https:\/\/dignita.com\/fi\/wp-json\/wp\/v2\/types\/page"}],"author":[{"embeddable":true,"href":"https:\/\/dignita.com\/fi\/wp-json\/wp\/v2\/users\/2"}],"replies":[{"embeddable":true,"href":"https:\/\/dignita.com\/fi\/wp-json\/wp\/v2\/comments?post=1109"}],"version-history":[{"count":23,"href":"https:\/\/dignita.com\/fi\/wp-json\/wp\/v2\/pages\/1109\/revisions"}],"predecessor-version":[{"id":4661,"href":"https:\/\/dignita.com\/fi\/wp-json\/wp\/v2\/pages\/1109\/revisions\/4661"}],"up":[{"embeddable":true,"href":"https:\/\/dignita.com\/fi\/wp-json\/wp\/v2\/pages\/1160"}],"wp:attachment":[{"href":"https:\/\/dignita.com\/fi\/wp-json\/wp\/v2\/media?parent=1109"}],"curies":[{"name":"wp","href":"https:\/\/api.w.org\/{rel}","templated":true}]}}