{"id":1138,"date":"2020-03-26T09:47:00","date_gmt":"2020-03-26T08:47:00","guid":{"rendered":"https:\/\/dignita.com\/?page_id=1138"},"modified":"2023-12-10T13:02:42","modified_gmt":"2023-12-10T12:02:42","slug":"alkolukko","status":"publish","type":"page","link":"https:\/\/dignita.com\/fi\/alkolukko\/","title":{"rendered":"ALKOLUKKO"},"content":{"rendered":"<h2 style=\"text-align: left;\">Dignita AL-100 alkolukko valvottuun ajo-oikeuteen<\/h2>\n<p>Dignita AL-100 alkolukko kuuluu uuden sukupolven alkolukkoihin ja on yksi markkinoiden luotettavimmista, k\u00e4ytt\u00e4j\u00e4yst\u00e4v\u00e4llisimmist\u00e4 ja edullisimmista alkolukoista.<\/p>\n<p>Alkolukolla valvottu ajo-oikeus voidaan my\u00f6nt\u00e4\u00e4 henkil\u00f6lle, joka on ep\u00e4iltyn\u00e4 rattijuopumuksesta tai t\u00f6rke\u00e4st\u00e4 rattijuopumuksesta alkoholin takia tai joka on tuomion mukaan syyllistynyt n\u00e4ihin rikoksiin. Ajokorttiin voidaan my\u00f6s ennaltaehk\u00e4isev\u00e4n\u00e4 toimena liitt\u00e4\u00e4 terveysperusteinen ehto alkolukon k\u00e4yt\u00f6st\u00e4, jos henkil\u00f6lle ei voida alkoholin jatkuvan v\u00e4\u00e4rink\u00e4yt\u00f6n takia my\u00f6nt\u00e4\u00e4 tavallista ajokorttia.<\/p>\n<p>Alkolukon t\u00e4rkein etu on sen kyky est\u00e4\u00e4 rattijuopumus, mik\u00e4 puolestaan v\u00e4hent\u00e4\u00e4 liikenneonnettomuuksien riski\u00e4. Useat tutkimukset ovat osoittaneet, ett\u00e4 alkolukon k\u00e4ytt\u00f6\u00f6notto on johtanut merkitt\u00e4v\u00e4\u00e4n liikenneonnettomuuksien v\u00e4henemiseen.<\/p>\n<p><strong>Miksi valita Dignita AL-100 alkolukko?<\/strong><\/p>\n<ul>\n<li>Liikenne- ja viestint\u00e4virasto Traficomin hyv\u00e4ksym\u00e4<\/li>\n<li>Yksi markkinoiden luotettavimmista ja edullisimmista alkolukoista<\/li>\n<li>Korkea mittaustarkkuus ja laatu<\/li>\n<li>Ammattiautoilijoiden suosima<\/li>\n<li>Laaja k\u00e4ytt\u00e4j\u00e4verkosto jo useita vuosia<\/li>\n<li>Asennuspisteet ymp\u00e4ri suomen<\/li>\n<li>Markkinoiden ainut alkolukko, joka on testattu ja hyv\u00e4ksytty 24kk laboratoriotesteill\u00e4.<\/li>\n<li>Aina 3 vuoden takuun, kun laite kalibroidaan meid\u00e4n kauttamme 12kk v\u00e4lein.<\/li>\n<li>Vain 109 euroa\/kk ilman mit\u00e4\u00e4n lis\u00e4kuluja.<\/li>\n<\/ul>\n<p><a class=\"button button--primary\" href=\"https:\/\/dignita.com\/fi\/products\/alkolukon-vuokraus\/\" target=\"_blank\" rel=\"noopener noreferrer\">Vuokraa alkolukko t\u00e4st\u00e4<\/a><\/p>\n<p>&nbsp;<\/p>\n<p><img loading=\"lazy\" decoding=\"async\" class=\"alignnone wp-image-3587\" src=\"https:\/\/dignita.com\/app\/uploads\/2023\/02\/dignita-alkolukko-al-100.png\" alt=\"Dignita AL-100 alkolukko autossa\" width=\"344\" height=\"230\" \/><\/p>\n<h2>Faktaa alkolukosta<\/h2>\n<p>Alkolukko est\u00e4\u00e4 ajoneuvon k\u00e4ynnist\u00e4misen, jos kuljettajan uloshengitysilman alkoholipitoisuus ylitt\u00e4\u00e4 sallitun rajan. Tarkkaan ottaen ajoneuvo ei k\u00e4ynnisty, jos kuljettajan uloshengitysilmassa on alkoholia v\u00e4hint\u00e4\u00e4n 0,1 milligrammaa litrassa. T\u00e4m\u00e4 vastaa noin 0,2 promillen alkoholipitoisuutta.<\/p>\n<p>Lis\u00e4ksi laite vaatii kuljettajaa suorittamaan s\u00e4\u00e4nn\u00f6llisi\u00e4 puhallustestej\u00e4 my\u00f6s ajon aikana. T\u00e4m\u00e4 varmistaa sen, ett\u00e4 kuljettaja pysyy raittiina koko matkan ajan.<\/p>\n<p>AL-100 on yhteensopiva my\u00f6s hybridi- ja s\u00e4hk\u00f6autoille. Se on hyv\u00e4ksytty uusimman EU-standardin (Cenelec EN-50436-1: 2014 ja EN-50436-2: 2014) mukaisesti ja on MHF Testilaboratorion suosittelema. Tulevina vuosina Cenelec standardi alkolukoille muuttuu, mutta se ei tuo muutoksia AL-100 alkolukkoon. Suurin osa markkinoilla olevista alkolukoista ei todenn\u00e4k\u00f6isesti t\u00e4yt\u00e4 tulevaisuuden vaatimuksia alkolukon toiminnalle.<\/p>\n<p>Dignitan alkolukkoja k\u00e4ytt\u00e4v\u00e4t sek\u00e4 yritykset ett\u00e4 yksityishenkil\u00f6t. Liikenne- ja viestint\u00e4virasto Traficom on hyv\u00e4ksynyt AL-100 alkolukon valvottuun ajo-oikeuteen, joten se soveltuu rattijuopumustuomion saaneiden henkil\u00f6iden k\u00e4ytett\u00e4v\u00e4ksi omassa autossaan.<\/p>\n<p>Dignita AL-100 alkolukko on merkitt\u00e4v\u00e4 askel kohti turvallisempaa liikennett\u00e4. Se ei ainoastaan toimi ehk\u00e4isev\u00e4n\u00e4 toimenpiteen\u00e4 rattijuopumusta vastaan, vaan my\u00f6s muistuttaa kuljettajia vastuullisesta ja turvallisesta liikennek\u00e4ytt\u00e4ytymisest\u00e4.<\/p>\n<p><a href=\"https:\/\/dignita.com\/fi\/products\/alkolukon-vuokraus\/\" target=\"_blank\" rel=\"noopener\">Alkolukon vuokraus valvottuun ajo-oikeuteen (rattijuopumus)<\/a><\/p>\n<p><a href=\"https:\/\/dignita.com\/fi\/products\/dignita-al-100-alkolukko\/\" target=\"_blank\" rel=\"noopener\">Alkolukko kaupalliseen k\u00e4ytt\u00f6\u00f6n (yritykset, koulu- ja p\u00e4iv\u00e4hoitokyydit)<\/a><\/p>\n<p>&nbsp;<\/p>\n<p>&nbsp;<\/p>\n<p>Alkolukon asennuspisteet kartalla:<\/p>\n<p><strong>Dignita <\/strong><a href=\"https:\/\/dignita.com\/fi\/alkolukon-asennuspisteet\/\" target=\"_blank\" rel=\"noopener\">https:\/\/dignita.com\/fi\/alkolukon-asennuspisteet<\/a><\/p>\n<p>Lis\u00e4tietoja valvotusta ajo-oikeudesta:<\/p>\n<p><strong>Traficom<\/strong>\u00a0<a href=\"https:\/\/ajokortti-info.fi\/fi\/muutokset-ajokorttiin\/alkolukkoajokortti\" target=\"_blank\" rel=\"noopener\">https:\/\/ajokortti-info.fi\/fi\/muutokset-ajokorttiin\/alkolukkoajokortti<\/a><\/p>\n<p><a href=\"mailto:info@dignita\">info@dignita<\/a>\u00a0ja (09) 4780 0788<\/p>\n","protected":false},"excerpt":{"rendered":"<p>Dignita AL-100 alkolukko valvottuun ajo-oikeuteen Dignita AL-100 alkolukko kuuluu uuden sukupolven alkolukkoihin ja on yksi markkinoiden luotettavimmista, k\u00e4ytt\u00e4j\u00e4yst\u00e4v\u00e4llisimmist\u00e4 ja edullisimmista alkolukoista. Alkolukolla valvottu ajo-oikeus voidaan my\u00f6nt\u00e4\u00e4 henkil\u00f6lle, joka on ep\u00e4iltyn\u00e4 rattijuopumuksesta tai t\u00f6rke\u00e4st\u00e4 rattijuopumuksesta alkoholin takia tai joka on tuomion mukaan syyllistynyt n\u00e4ihin rikoksiin. Ajokorttiin voidaan my\u00f6s ennaltaehk\u00e4isev\u00e4n\u00e4 toimena liitt\u00e4\u00e4 terveysperusteinen ehto alkolukon k\u00e4yt\u00f6st\u00e4, jos [&hellip;]<\/p>\n","protected":false},"author":2,"featured_media":962,"parent":0,"menu_order":0,"comment_status":"closed","ping_status":"closed","template":"","meta":{"_acf_changed":false,"footnotes":""},"class_list":["post-1138","page","type-page","status-publish","has-post-thumbnail","hentry"],"acf":[],"yoast_head":"<!-- This site is optimized with the Yoast SEO plugin v27.3 - https:\/\/yoast.com\/product\/yoast-seo-wordpress\/ -->\n<title>Alkolukko - Dignita<\/title>\n<meta name=\"description\" content=\"Dignita AL-100 alkolukko on uuden sukupolven alkolukko ja on yksi markkinoiden luotettavimmista ja edullisimmista alkolukoista.\" \/>\n<meta name=\"robots\" content=\"index, follow, max-snippet:-1, max-image-preview:large, max-video-preview:-1\" \/>\n<link rel=\"canonical\" href=\"https:\/\/dignita.com\/fi\/alkolukko\/\" \/>\n<meta property=\"og:locale\" content=\"fi_FI\" \/>\n<meta property=\"og:type\" content=\"article\" \/>\n<meta property=\"og:title\" content=\"Alkolukko - Dignita\" \/>\n<meta property=\"og:description\" content=\"Dignita AL-100 alkolukko on uuden sukupolven alkolukko ja on yksi markkinoiden luotettavimmista ja edullisimmista alkolukoista.\" \/>\n<meta property=\"og:url\" content=\"https:\/\/dignita.com\/fi\/alkolukko\/\" \/>\n<meta property=\"og:site_name\" content=\"Dignita\" \/>\n<meta property=\"article:modified_time\" content=\"2023-12-10T12:02:42+00:00\" \/>\n<meta property=\"og:image\" content=\"https:\/\/dignita.com\/app\/uploads\/2020\/03\/al_100v_angled.png\" \/>\n\t<meta property=\"og:image:width\" content=\"1000\" \/>\n\t<meta property=\"og:image:height\" content=\"1000\" \/>\n\t<meta property=\"og:image:type\" content=\"image\/png\" \/>\n<meta name=\"twitter:card\" content=\"summary_large_image\" \/>\n<meta name=\"twitter:label1\" content=\"Est. reading time\" \/>\n\t<meta name=\"twitter:data1\" content=\"2 minutes\" \/>\n<script type=\"application\/ld+json\" class=\"yoast-schema-graph\">{\"@context\":\"https:\\\/\\\/schema.org\",\"@graph\":[{\"@type\":\"WebPage\",\"@id\":\"https:\\\/\\\/dignita.com\\\/fi\\\/alkolukko\\\/\",\"url\":\"https:\\\/\\\/dignita.com\\\/fi\\\/alkolukko\\\/\",\"name\":\"Alkolukko - Dignita\",\"isPartOf\":{\"@id\":\"https:\\\/\\\/dignita.com\\\/#website\"},\"primaryImageOfPage\":{\"@id\":\"https:\\\/\\\/dignita.com\\\/fi\\\/alkolukko\\\/#primaryimage\"},\"image\":{\"@id\":\"https:\\\/\\\/dignita.com\\\/fi\\\/alkolukko\\\/#primaryimage\"},\"thumbnailUrl\":\"https:\\\/\\\/dignita.com\\\/app\\\/uploads\\\/2020\\\/03\\\/al_100v_angled.png\",\"datePublished\":\"2020-03-26T08:47:00+00:00\",\"dateModified\":\"2023-12-10T12:02:42+00:00\",\"description\":\"Dignita AL-100 alkolukko on uuden sukupolven alkolukko ja on yksi markkinoiden luotettavimmista ja edullisimmista alkolukoista.\",\"breadcrumb\":{\"@id\":\"https:\\\/\\\/dignita.com\\\/fi\\\/alkolukko\\\/#breadcrumb\"},\"inLanguage\":\"fi\",\"potentialAction\":[{\"@type\":\"ReadAction\",\"target\":[\"https:\\\/\\\/dignita.com\\\/fi\\\/alkolukko\\\/\"]}]},{\"@type\":\"ImageObject\",\"inLanguage\":\"fi\",\"@id\":\"https:\\\/\\\/dignita.com\\\/fi\\\/alkolukko\\\/#primaryimage\",\"url\":\"https:\\\/\\\/dignita.com\\\/app\\\/uploads\\\/2020\\\/03\\\/al_100v_angled.png\",\"contentUrl\":\"https:\\\/\\\/dignita.com\\\/app\\\/uploads\\\/2020\\\/03\\\/al_100v_angled.png\",\"width\":1000,\"height\":1000,\"caption\":\"Alkol\u00e5s\"},{\"@type\":\"BreadcrumbList\",\"@id\":\"https:\\\/\\\/dignita.com\\\/fi\\\/alkolukko\\\/#breadcrumb\",\"itemListElement\":[{\"@type\":\"ListItem\",\"position\":1,\"name\":\"Home\",\"item\":\"https:\\\/\\\/dignita.com\\\/fi\\\/\"},{\"@type\":\"ListItem\",\"position\":2,\"name\":\"ALKOLUKKO\"}]},{\"@type\":\"WebSite\",\"@id\":\"https:\\\/\\\/dignita.com\\\/#website\",\"url\":\"https:\\\/\\\/dignita.com\\\/\",\"name\":\"Dignita\",\"description\":\"\",\"potentialAction\":[{\"@type\":\"SearchAction\",\"target\":{\"@type\":\"EntryPoint\",\"urlTemplate\":\"https:\\\/\\\/dignita.com\\\/?s={search_term_string}\"},\"query-input\":{\"@type\":\"PropertyValueSpecification\",\"valueRequired\":true,\"valueName\":\"search_term_string\"}}],\"inLanguage\":\"fi\"}]}<\/script>\n<!-- \/ Yoast SEO plugin. -->","yoast_head_json":{"title":"Alkolukko - Dignita","description":"Dignita AL-100 alkolukko on uuden sukupolven alkolukko ja on yksi markkinoiden luotettavimmista ja edullisimmista alkolukoista.","robots":{"index":"index","follow":"follow","max-snippet":"max-snippet:-1","max-image-preview":"max-image-preview:large","max-video-preview":"max-video-preview:-1"},"canonical":"https:\/\/dignita.com\/fi\/alkolukko\/","og_locale":"fi_FI","og_type":"article","og_title":"Alkolukko - Dignita","og_description":"Dignita AL-100 alkolukko on uuden sukupolven alkolukko ja on yksi markkinoiden luotettavimmista ja edullisimmista alkolukoista.","og_url":"https:\/\/dignita.com\/fi\/alkolukko\/","og_site_name":"Dignita","article_modified_time":"2023-12-10T12:02:42+00:00","og_image":[{"width":1000,"height":1000,"url":"https:\/\/dignita.com\/app\/uploads\/2020\/03\/al_100v_angled.png","type":"image\/png"}],"twitter_card":"summary_large_image","twitter_misc":{"Est. reading time":"2 minutes"},"schema":{"@context":"https:\/\/schema.org","@graph":[{"@type":"WebPage","@id":"https:\/\/dignita.com\/fi\/alkolukko\/","url":"https:\/\/dignita.com\/fi\/alkolukko\/","name":"Alkolukko - Dignita","isPartOf":{"@id":"https:\/\/dignita.com\/#website"},"primaryImageOfPage":{"@id":"https:\/\/dignita.com\/fi\/alkolukko\/#primaryimage"},"image":{"@id":"https:\/\/dignita.com\/fi\/alkolukko\/#primaryimage"},"thumbnailUrl":"https:\/\/dignita.com\/app\/uploads\/2020\/03\/al_100v_angled.png","datePublished":"2020-03-26T08:47:00+00:00","dateModified":"2023-12-10T12:02:42+00:00","description":"Dignita AL-100 alkolukko on uuden sukupolven alkolukko ja on yksi markkinoiden luotettavimmista ja edullisimmista alkolukoista.","breadcrumb":{"@id":"https:\/\/dignita.com\/fi\/alkolukko\/#breadcrumb"},"inLanguage":"fi","potentialAction":[{"@type":"ReadAction","target":["https:\/\/dignita.com\/fi\/alkolukko\/"]}]},{"@type":"ImageObject","inLanguage":"fi","@id":"https:\/\/dignita.com\/fi\/alkolukko\/#primaryimage","url":"https:\/\/dignita.com\/app\/uploads\/2020\/03\/al_100v_angled.png","contentUrl":"https:\/\/dignita.com\/app\/uploads\/2020\/03\/al_100v_angled.png","width":1000,"height":1000,"caption":"Alkol\u00e5s"},{"@type":"BreadcrumbList","@id":"https:\/\/dignita.com\/fi\/alkolukko\/#breadcrumb","itemListElement":[{"@type":"ListItem","position":1,"name":"Home","item":"https:\/\/dignita.com\/fi\/"},{"@type":"ListItem","position":2,"name":"ALKOLUKKO"}]},{"@type":"WebSite","@id":"https:\/\/dignita.com\/#website","url":"https:\/\/dignita.com\/","name":"Dignita","description":"","potentialAction":[{"@type":"SearchAction","target":{"@type":"EntryPoint","urlTemplate":"https:\/\/dignita.com\/?s={search_term_string}"},"query-input":{"@type":"PropertyValueSpecification","valueRequired":true,"valueName":"search_term_string"}}],"inLanguage":"fi"}]}},"_links":{"self":[{"href":"https:\/\/dignita.com\/fi\/wp-json\/wp\/v2\/pages\/1138","targetHints":{"allow":["GET"]}}],"collection":[{"href":"https:\/\/dignita.com\/fi\/wp-json\/wp\/v2\/pages"}],"about":[{"href":"https:\/\/dignita.com\/fi\/wp-json\/wp\/v2\/types\/page"}],"author":[{"embeddable":true,"href":"https:\/\/dignita.com\/fi\/wp-json\/wp\/v2\/users\/2"}],"replies":[{"embeddable":true,"href":"https:\/\/dignita.com\/fi\/wp-json\/wp\/v2\/comments?post=1138"}],"version-history":[{"count":56,"href":"https:\/\/dignita.com\/fi\/wp-json\/wp\/v2\/pages\/1138\/revisions"}],"predecessor-version":[{"id":4111,"href":"https:\/\/dignita.com\/fi\/wp-json\/wp\/v2\/pages\/1138\/revisions\/4111"}],"wp:featuredmedia":[{"embeddable":true,"href":"https:\/\/dignita.com\/fi\/wp-json\/wp\/v2\/media\/962"}],"wp:attachment":[{"href":"https:\/\/dignita.com\/fi\/wp-json\/wp\/v2\/media?parent=1138"}],"curies":[{"name":"wp","href":"https:\/\/api.w.org\/{rel}","templated":true}]}}