{"id":1144,"date":"2020-04-14T09:55:34","date_gmt":"2020-04-14T07:55:34","guid":{"rendered":"https:\/\/dignita.com\/?page_id=1144"},"modified":"2023-09-05T16:53:43","modified_gmt":"2023-09-05T14:53:43","slug":"alkometri","status":"publish","type":"page","link":"https:\/\/dignita.com\/fi\/alkometri\/","title":{"rendered":"ALKOMETRI"},"content":{"rendered":"","protected":false},"excerpt":{"rendered":"","protected":false},"author":2,"featured_media":0,"parent":0,"menu_order":0,"comment_status":"closed","ping_status":"closed","template":"template-product_cat.php","meta":{"_acf_changed":false,"footnotes":""},"class_list":["post-1144","page","type-page","status-publish","hentry"],"acf":[],"yoast_head":"<!-- This site is optimized with the Yoast SEO plugin v27.3 - https:\/\/yoast.com\/product\/yoast-seo-wordpress\/ -->\n<title>Alkometri - Dignita<\/title>\n<meta name=\"description\" content=\"Dignita alkometrit tuovat luotettavaa liikenneturvallisuutta k\u00e4tev\u00e4ss\u00e4 koossa. Alkometrit kalibroidaan aina ennen toimitusta!\" \/>\n<meta name=\"robots\" content=\"index, follow, max-snippet:-1, max-image-preview:large, max-video-preview:-1\" \/>\n<link rel=\"canonical\" href=\"https:\/\/dignita.com\/fi\/alkometri\/\" \/>\n<meta property=\"og:locale\" content=\"fi_FI\" \/>\n<meta property=\"og:type\" content=\"article\" \/>\n<meta property=\"og:title\" content=\"Alkometri - Dignita\" \/>\n<meta property=\"og:description\" content=\"Dignita alkometrit tuovat luotettavaa liikenneturvallisuutta k\u00e4tev\u00e4ss\u00e4 koossa. Alkometrit kalibroidaan aina ennen toimitusta!\" \/>\n<meta property=\"og:url\" content=\"https:\/\/dignita.com\/fi\/alkometri\/\" \/>\n<meta property=\"og:site_name\" content=\"Dignita\" \/>\n<meta property=\"article:modified_time\" content=\"2023-09-05T14:53:43+00:00\" \/>\n<meta name=\"twitter:card\" content=\"summary_large_image\" \/>\n<script type=\"application\/ld+json\" class=\"yoast-schema-graph\">{\"@context\":\"https:\\\/\\\/schema.org\",\"@graph\":[{\"@type\":\"WebPage\",\"@id\":\"https:\\\/\\\/dignita.com\\\/fi\\\/alkometri\\\/\",\"url\":\"https:\\\/\\\/dignita.com\\\/fi\\\/alkometri\\\/\",\"name\":\"Alkometri - Dignita\",\"isPartOf\":{\"@id\":\"https:\\\/\\\/dignita.com\\\/#website\"},\"datePublished\":\"2020-04-14T07:55:34+00:00\",\"dateModified\":\"2023-09-05T14:53:43+00:00\",\"description\":\"Dignita alkometrit tuovat luotettavaa liikenneturvallisuutta k\u00e4tev\u00e4ss\u00e4 koossa. Alkometrit kalibroidaan aina ennen toimitusta!\",\"breadcrumb\":{\"@id\":\"https:\\\/\\\/dignita.com\\\/fi\\\/alkometri\\\/#breadcrumb\"},\"inLanguage\":\"fi\",\"potentialAction\":[{\"@type\":\"ReadAction\",\"target\":[\"https:\\\/\\\/dignita.com\\\/fi\\\/alkometri\\\/\"]}]},{\"@type\":\"BreadcrumbList\",\"@id\":\"https:\\\/\\\/dignita.com\\\/fi\\\/alkometri\\\/#breadcrumb\",\"itemListElement\":[{\"@type\":\"ListItem\",\"position\":1,\"name\":\"Home\",\"item\":\"https:\\\/\\\/dignita.com\\\/fi\\\/\"},{\"@type\":\"ListItem\",\"position\":2,\"name\":\"ALKOMETRI\"}]},{\"@type\":\"WebSite\",\"@id\":\"https:\\\/\\\/dignita.com\\\/#website\",\"url\":\"https:\\\/\\\/dignita.com\\\/\",\"name\":\"Dignita\",\"description\":\"\",\"potentialAction\":[{\"@type\":\"SearchAction\",\"target\":{\"@type\":\"EntryPoint\",\"urlTemplate\":\"https:\\\/\\\/dignita.com\\\/?s={search_term_string}\"},\"query-input\":{\"@type\":\"PropertyValueSpecification\",\"valueRequired\":true,\"valueName\":\"search_term_string\"}}],\"inLanguage\":\"fi\"}]}<\/script>\n<!-- \/ Yoast SEO plugin. -->","yoast_head_json":{"title":"Alkometri - Dignita","description":"Dignita alkometrit tuovat luotettavaa liikenneturvallisuutta k\u00e4tev\u00e4ss\u00e4 koossa. Alkometrit kalibroidaan aina ennen toimitusta!","robots":{"index":"index","follow":"follow","max-snippet":"max-snippet:-1","max-image-preview":"max-image-preview:large","max-video-preview":"max-video-preview:-1"},"canonical":"https:\/\/dignita.com\/fi\/alkometri\/","og_locale":"fi_FI","og_type":"article","og_title":"Alkometri - Dignita","og_description":"Dignita alkometrit tuovat luotettavaa liikenneturvallisuutta k\u00e4tev\u00e4ss\u00e4 koossa. Alkometrit kalibroidaan aina ennen toimitusta!","og_url":"https:\/\/dignita.com\/fi\/alkometri\/","og_site_name":"Dignita","article_modified_time":"2023-09-05T14:53:43+00:00","twitter_card":"summary_large_image","schema":{"@context":"https:\/\/schema.org","@graph":[{"@type":"WebPage","@id":"https:\/\/dignita.com\/fi\/alkometri\/","url":"https:\/\/dignita.com\/fi\/alkometri\/","name":"Alkometri - Dignita","isPartOf":{"@id":"https:\/\/dignita.com\/#website"},"datePublished":"2020-04-14T07:55:34+00:00","dateModified":"2023-09-05T14:53:43+00:00","description":"Dignita alkometrit tuovat luotettavaa liikenneturvallisuutta k\u00e4tev\u00e4ss\u00e4 koossa. Alkometrit kalibroidaan aina ennen toimitusta!","breadcrumb":{"@id":"https:\/\/dignita.com\/fi\/alkometri\/#breadcrumb"},"inLanguage":"fi","potentialAction":[{"@type":"ReadAction","target":["https:\/\/dignita.com\/fi\/alkometri\/"]}]},{"@type":"BreadcrumbList","@id":"https:\/\/dignita.com\/fi\/alkometri\/#breadcrumb","itemListElement":[{"@type":"ListItem","position":1,"name":"Home","item":"https:\/\/dignita.com\/fi\/"},{"@type":"ListItem","position":2,"name":"ALKOMETRI"}]},{"@type":"WebSite","@id":"https:\/\/dignita.com\/#website","url":"https:\/\/dignita.com\/","name":"Dignita","description":"","potentialAction":[{"@type":"SearchAction","target":{"@type":"EntryPoint","urlTemplate":"https:\/\/dignita.com\/?s={search_term_string}"},"query-input":{"@type":"PropertyValueSpecification","valueRequired":true,"valueName":"search_term_string"}}],"inLanguage":"fi"}]}},"_links":{"self":[{"href":"https:\/\/dignita.com\/fi\/wp-json\/wp\/v2\/pages\/1144","targetHints":{"allow":["GET"]}}],"collection":[{"href":"https:\/\/dignita.com\/fi\/wp-json\/wp\/v2\/pages"}],"about":[{"href":"https:\/\/dignita.com\/fi\/wp-json\/wp\/v2\/types\/page"}],"author":[{"embeddable":true,"href":"https:\/\/dignita.com\/fi\/wp-json\/wp\/v2\/users\/2"}],"replies":[{"embeddable":true,"href":"https:\/\/dignita.com\/fi\/wp-json\/wp\/v2\/comments?post=1144"}],"version-history":[{"count":4,"href":"https:\/\/dignita.com\/fi\/wp-json\/wp\/v2\/pages\/1144\/revisions"}],"predecessor-version":[{"id":1255,"href":"https:\/\/dignita.com\/fi\/wp-json\/wp\/v2\/pages\/1144\/revisions\/1255"}],"wp:attachment":[{"href":"https:\/\/dignita.com\/fi\/wp-json\/wp\/v2\/media?parent=1144"}],"curies":[{"name":"wp","href":"https:\/\/api.w.org\/{rel}","templated":true}]}}