{"id":1150,"date":"2020-04-14T09:58:26","date_gmt":"2020-04-14T07:58:26","guid":{"rendered":"https:\/\/dignita.com\/?page_id=1150"},"modified":"2023-02-14T17:25:45","modified_gmt":"2023-02-14T16:25:45","slug":"alkolukon-tarvikkeet","status":"publish","type":"page","link":"https:\/\/dignita.com\/fi\/alkolukko\/alkolukon-tarvikkeet\/","title":{"rendered":"Alkolukon tarvikkeet"},"content":{"rendered":"","protected":false},"excerpt":{"rendered":"","protected":false},"author":1,"featured_media":0,"parent":1138,"menu_order":0,"comment_status":"closed","ping_status":"closed","template":"template-product_cat.php","meta":{"_acf_changed":false,"footnotes":""},"class_list":["post-1150","page","type-page","status-publish","hentry"],"acf":[],"yoast_head":"<!-- This site is optimized with the Yoast SEO plugin v27.3 - https:\/\/yoast.com\/product\/yoast-seo-wordpress\/ -->\n<title>Alkolukon tarvikkeet - Dignita<\/title>\n<meta name=\"description\" content=\"T\u00e4\u00e4lt\u00e4 l\u00f6yd\u00e4t kaikki Dignita alkolukon tarvikkeet. Esimerkiksi alkuper\u00e4iset suukappaleet AL-100 alkolukolle.\" \/>\n<meta name=\"robots\" content=\"index, follow, max-snippet:-1, max-image-preview:large, max-video-preview:-1\" \/>\n<link rel=\"canonical\" href=\"https:\/\/dignita.com\/fi\/alkolukko\/alkolukon-tarvikkeet\/\" \/>\n<meta property=\"og:locale\" content=\"fi_FI\" \/>\n<meta property=\"og:type\" content=\"article\" \/>\n<meta property=\"og:title\" content=\"Alkolukon tarvikkeet - Dignita\" \/>\n<meta property=\"og:description\" content=\"T\u00e4\u00e4lt\u00e4 l\u00f6yd\u00e4t kaikki Dignita alkolukon tarvikkeet. Esimerkiksi alkuper\u00e4iset suukappaleet AL-100 alkolukolle.\" \/>\n<meta property=\"og:url\" content=\"https:\/\/dignita.com\/fi\/alkolukko\/alkolukon-tarvikkeet\/\" \/>\n<meta property=\"og:site_name\" content=\"Dignita\" \/>\n<meta property=\"article:modified_time\" content=\"2023-02-14T16:25:45+00:00\" \/>\n<meta name=\"twitter:card\" content=\"summary_large_image\" \/>\n<script type=\"application\/ld+json\" class=\"yoast-schema-graph\">{\"@context\":\"https:\\\/\\\/schema.org\",\"@graph\":[{\"@type\":\"WebPage\",\"@id\":\"https:\\\/\\\/dignita.com\\\/fi\\\/alkolukko\\\/alkolukon-tarvikkeet\\\/\",\"url\":\"https:\\\/\\\/dignita.com\\\/fi\\\/alkolukko\\\/alkolukon-tarvikkeet\\\/\",\"name\":\"Alkolukon tarvikkeet - Dignita\",\"isPartOf\":{\"@id\":\"https:\\\/\\\/dignita.com\\\/#website\"},\"datePublished\":\"2020-04-14T07:58:26+00:00\",\"dateModified\":\"2023-02-14T16:25:45+00:00\",\"description\":\"T\u00e4\u00e4lt\u00e4 l\u00f6yd\u00e4t kaikki Dignita alkolukon tarvikkeet. Esimerkiksi alkuper\u00e4iset suukappaleet AL-100 alkolukolle.\",\"breadcrumb\":{\"@id\":\"https:\\\/\\\/dignita.com\\\/fi\\\/alkolukko\\\/alkolukon-tarvikkeet\\\/#breadcrumb\"},\"inLanguage\":\"fi\",\"potentialAction\":[{\"@type\":\"ReadAction\",\"target\":[\"https:\\\/\\\/dignita.com\\\/fi\\\/alkolukko\\\/alkolukon-tarvikkeet\\\/\"]}]},{\"@type\":\"BreadcrumbList\",\"@id\":\"https:\\\/\\\/dignita.com\\\/fi\\\/alkolukko\\\/alkolukon-tarvikkeet\\\/#breadcrumb\",\"itemListElement\":[{\"@type\":\"ListItem\",\"position\":1,\"name\":\"Home\",\"item\":\"https:\\\/\\\/dignita.com\\\/fi\\\/\"},{\"@type\":\"ListItem\",\"position\":2,\"name\":\"ALKOLUKKO\",\"item\":\"https:\\\/\\\/dignita.com\\\/fi\\\/alkolukko\\\/\"},{\"@type\":\"ListItem\",\"position\":3,\"name\":\"Alkolukon tarvikkeet\"}]},{\"@type\":\"WebSite\",\"@id\":\"https:\\\/\\\/dignita.com\\\/#website\",\"url\":\"https:\\\/\\\/dignita.com\\\/\",\"name\":\"Dignita\",\"description\":\"\",\"potentialAction\":[{\"@type\":\"SearchAction\",\"target\":{\"@type\":\"EntryPoint\",\"urlTemplate\":\"https:\\\/\\\/dignita.com\\\/?s={search_term_string}\"},\"query-input\":{\"@type\":\"PropertyValueSpecification\",\"valueRequired\":true,\"valueName\":\"search_term_string\"}}],\"inLanguage\":\"fi\"}]}<\/script>\n<!-- \/ Yoast SEO plugin. -->","yoast_head_json":{"title":"Alkolukon tarvikkeet - Dignita","description":"T\u00e4\u00e4lt\u00e4 l\u00f6yd\u00e4t kaikki Dignita alkolukon tarvikkeet. Esimerkiksi alkuper\u00e4iset suukappaleet AL-100 alkolukolle.","robots":{"index":"index","follow":"follow","max-snippet":"max-snippet:-1","max-image-preview":"max-image-preview:large","max-video-preview":"max-video-preview:-1"},"canonical":"https:\/\/dignita.com\/fi\/alkolukko\/alkolukon-tarvikkeet\/","og_locale":"fi_FI","og_type":"article","og_title":"Alkolukon tarvikkeet - Dignita","og_description":"T\u00e4\u00e4lt\u00e4 l\u00f6yd\u00e4t kaikki Dignita alkolukon tarvikkeet. Esimerkiksi alkuper\u00e4iset suukappaleet AL-100 alkolukolle.","og_url":"https:\/\/dignita.com\/fi\/alkolukko\/alkolukon-tarvikkeet\/","og_site_name":"Dignita","article_modified_time":"2023-02-14T16:25:45+00:00","twitter_card":"summary_large_image","schema":{"@context":"https:\/\/schema.org","@graph":[{"@type":"WebPage","@id":"https:\/\/dignita.com\/fi\/alkolukko\/alkolukon-tarvikkeet\/","url":"https:\/\/dignita.com\/fi\/alkolukko\/alkolukon-tarvikkeet\/","name":"Alkolukon tarvikkeet - Dignita","isPartOf":{"@id":"https:\/\/dignita.com\/#website"},"datePublished":"2020-04-14T07:58:26+00:00","dateModified":"2023-02-14T16:25:45+00:00","description":"T\u00e4\u00e4lt\u00e4 l\u00f6yd\u00e4t kaikki Dignita alkolukon tarvikkeet. Esimerkiksi alkuper\u00e4iset suukappaleet AL-100 alkolukolle.","breadcrumb":{"@id":"https:\/\/dignita.com\/fi\/alkolukko\/alkolukon-tarvikkeet\/#breadcrumb"},"inLanguage":"fi","potentialAction":[{"@type":"ReadAction","target":["https:\/\/dignita.com\/fi\/alkolukko\/alkolukon-tarvikkeet\/"]}]},{"@type":"BreadcrumbList","@id":"https:\/\/dignita.com\/fi\/alkolukko\/alkolukon-tarvikkeet\/#breadcrumb","itemListElement":[{"@type":"ListItem","position":1,"name":"Home","item":"https:\/\/dignita.com\/fi\/"},{"@type":"ListItem","position":2,"name":"ALKOLUKKO","item":"https:\/\/dignita.com\/fi\/alkolukko\/"},{"@type":"ListItem","position":3,"name":"Alkolukon tarvikkeet"}]},{"@type":"WebSite","@id":"https:\/\/dignita.com\/#website","url":"https:\/\/dignita.com\/","name":"Dignita","description":"","potentialAction":[{"@type":"SearchAction","target":{"@type":"EntryPoint","urlTemplate":"https:\/\/dignita.com\/?s={search_term_string}"},"query-input":{"@type":"PropertyValueSpecification","valueRequired":true,"valueName":"search_term_string"}}],"inLanguage":"fi"}]}},"_links":{"self":[{"href":"https:\/\/dignita.com\/fi\/wp-json\/wp\/v2\/pages\/1150","targetHints":{"allow":["GET"]}}],"collection":[{"href":"https:\/\/dignita.com\/fi\/wp-json\/wp\/v2\/pages"}],"about":[{"href":"https:\/\/dignita.com\/fi\/wp-json\/wp\/v2\/types\/page"}],"author":[{"embeddable":true,"href":"https:\/\/dignita.com\/fi\/wp-json\/wp\/v2\/users\/1"}],"replies":[{"embeddable":true,"href":"https:\/\/dignita.com\/fi\/wp-json\/wp\/v2\/comments?post=1150"}],"version-history":[{"count":3,"href":"https:\/\/dignita.com\/fi\/wp-json\/wp\/v2\/pages\/1150\/revisions"}],"predecessor-version":[{"id":1259,"href":"https:\/\/dignita.com\/fi\/wp-json\/wp\/v2\/pages\/1150\/revisions\/1259"}],"up":[{"embeddable":true,"href":"https:\/\/dignita.com\/fi\/wp-json\/wp\/v2\/pages\/1138"}],"wp:attachment":[{"href":"https:\/\/dignita.com\/fi\/wp-json\/wp\/v2\/media?parent=1150"}],"curies":[{"name":"wp","href":"https:\/\/api.w.org\/{rel}","templated":true}]}}