{"id":1158,"date":"2020-04-14T12:42:57","date_gmt":"2020-04-14T10:42:57","guid":{"rendered":"https:\/\/dignita.com\/?page_id=1158"},"modified":"2021-08-27T07:24:20","modified_gmt":"2021-08-27T05:24:20","slug":"rekisteroi-alkometrisi","status":"publish","type":"page","link":"https:\/\/dignita.com\/fi\/alkometri\/rekisteroi-alkometrisi\/","title":{"rendered":"Rekister\u00f6i alkometrisi"},"content":{"rendered":"<p><!-- Begin Mailchimp Signup Form --><\/p>\n<style type=\"text\/css\">\n\t#mc_embed_signup{background:#fff; clear:left; font:14px Helvetica,Arial,sans-serif; }<br \/>\t\/* Add your own Mailchimp form style overrides in your site stylesheet or in this style block.<br \/>\t   We recommend moving this block and the preceding CSS link to the HEAD of your HTML file. *\/<br \/><\/style>\n<p>Suorita rekister\u00f6inti ja tarjoamme kaikille Dignita alkometreille markkinoiden parhaan t\u00e4yden 3 vuoden takuun. Pidennetty 36kk takuu edellytt\u00e4\u00e4 alkometrin rekister\u00f6imist\u00e4 sek\u00e4 vuosittaista kalibrointihuoltoa meill\u00e4. Kun t\u00e4yt\u00e4t ja l\u00e4het\u00e4t lomakkeen, niin rekister\u00f6inti on valmis.<\/p>\n<div id=\"mc_embed_signup\" style=\"width: 70%;\">\n<form id=\"mc-embedded-subscribe-form\" class=\"validate\" action=\"https:\/\/piirla.us20.list-manage.com\/subscribe\/post?u=1c50aedec9b1aba52a01978f5&amp;id=39b491914d\" method=\"post\" name=\"mc-embedded-subscribe-form\" novalidate=\"\" target=\"_blank\">\n<div id=\"mc_embed_signup_scroll\">\n<div class=\"indicates-required\"><span class=\"asterisk\">*<\/span> vaadittu kentt\u00e4<\/div>\n<div><\/div>\n<div class=\"mc-field-group\"><label for=\"mce-EMAIL\">S\u00e4hk\u00f6postiosoite <span class=\"asterisk\">*<\/span><br \/>\n<\/label><br \/>\n<input id=\"mce-EMAIL\" class=\"required email\" name=\"EMAIL\" type=\"email\" value=\"\" \/><\/div>\n<div class=\"mc-field-group\"><label for=\"mce-FNAME\">Etunimi <span class=\"asterisk\">*<\/span><br \/>\n<\/label><br \/>\n<input id=\"mce-FNAME\" class=\"required\" name=\"FNAME\" type=\"text\" value=\"\" \/><\/div>\n<div class=\"mc-field-group\"><label for=\"mce-LNAME\">Sukunimi <span class=\"asterisk\">*<\/span><br \/>\n<\/label><br \/>\n<input id=\"mce-LNAME\" class=\"required\" name=\"LNAME\" type=\"text\" value=\"\" \/><\/div>\n<div class=\"mc-field-group\"><label for=\"mce-MMERGE5\">Laitteen malli <span class=\"asterisk\">*<\/span><br \/>\n<\/label><br \/>\n<select id=\"mce-MMERGE5\" class=\"required\" name=\"MMERGE5\"><option value=\"\"><\/option><option value=\"Dignita AM-8000\">Dignita AM-8000<\/option><option value=\"Dignita AM-7000\">Dignita AM-7000<\/option><option value=\"Dignita AMP-100\">Dignita AMP-100<\/option><\/select><\/div>\n<div class=\"mc-field-group\"><label for=\"mce-MMERGE6\">Laitteen ostopaikka <span class=\"asterisk\">*<\/span><br \/>\n<\/label><br \/>\n<select id=\"mce-MMERGE6\" class=\"required\" name=\"MMERGE6\"><option value=\"\"><\/option><option value=\"www.dignita.fi verkkokauppa\">www.dignita.fi verkkokauppa<\/option><option value=\"www.piirla.fi verkkokauppa\">www.piirla.fi verkkokauppa<\/option><option value=\"Ei kumpikaan, joku muu\">Ei kumpikaan, joku muu<\/option><\/select><\/div>\n<div class=\"mc-field-group size1of2\"><label for=\"mce-MMERGE7-month\">Laitteen ostop\u00e4iv\u00e4 PP\/KK\/VVVV <span class=\"asterisk\">*<\/span><br \/>\n<\/label><\/p>\n<div class=\"datefield\"><span class=\"subfield dayfield\"><input id=\"mce-MMERGE7-day\" class=\"datepart required\" maxlength=\"2\" name=\"MMERGE7[day]\" pattern=\"[0-9]*\" size=\"2\" type=\"text\" value=\"\" placeholder=\"DD\" \/><\/span> \/<br \/>\n<span class=\"subfield monthfield\"><input id=\"mce-MMERGE7-month\" class=\"datepart required\" maxlength=\"2\" name=\"MMERGE7[month]\" pattern=\"[0-9]*\" size=\"2\" type=\"text\" value=\"\" placeholder=\"MM\" \/><\/span> \/<br \/>\n<span class=\"subfield yearfield\"><input id=\"mce-MMERGE7-year\" class=\"datepart required\" maxlength=\"4\" name=\"MMERGE7[year]\" pattern=\"[0-9]*\" size=\"4\" type=\"text\" value=\"\" placeholder=\"YYYY\" \/><\/span><br \/>\n<span class=\"small-meta nowrap\">( dd \/ mm \/ yyyy )<\/span><\/div>\n<\/div>\n<div class=\"mc-field-group input-group\">\n<p><strong>Haluan saada ilmaiset kalibrointimuistutukset <\/strong><\/p>\n<ul>\n<li><input id=\"mce-group[7099]-7099-0\" name=\"group[7099][1]\" type=\"checkbox\" value=\"1\" \/><label for=\"mce-group[7099]-7099-0\">Kyll\u00e4<\/label><\/li>\n<li><input id=\"mce-group[7099]-7099-1\" name=\"group[7099][2]\" type=\"checkbox\" value=\"2\" \/><label for=\"mce-group[7099]-7099-1\">Ei<\/label><\/li>\n<\/ul>\n<\/div>\n<div id=\"mce-responses\" class=\"clear\">\n<div id=\"mce-error-response\" class=\"response\" style=\"display: none;\"><\/div>\n<div id=\"mce-success-response\" class=\"response\" style=\"display: none;\"><\/div>\n<\/div>\n<p><!-- real people should not fill this in and expect good things - do not remove this or risk form bot signups--><\/p>\n<div style=\"position: absolute; left: -5000px;\" aria-hidden=\"true\"><input tabindex=\"-1\" name=\"b_1c50aedec9b1aba52a01978f5_39b491914d\" type=\"text\" value=\"\" \/><\/div>\n<div class=\"clear\"><input id=\"mc-embedded-subscribe\" class=\"button\" name=\"subscribe\" type=\"submit\" value=\"Subscribe\" \/><\/div>\n<\/div>\n<\/form>\n<\/div>\n<p><script type='text\/javascript' src='\/\/s3.amazonaws.com\/downloads.mailchimp.com\/js\/mc-validate.js'><\/script><script type='text\/javascript'>(function($) {window.fnames = new Array(); window.ftypes = new Array();fnames[0]='EMAIL';ftypes[0]='email';fnames[1]='FNAME';ftypes[1]='text';fnames[2]='LNAME';ftypes[2]='text';fnames[3]='ADDRESS';ftypes[3]='address';fnames[4]='PHONE';ftypes[4]='phone';fnames[5]='MMERGE5';ftypes[5]='dropdown';fnames[6]='MMERGE6';ftypes[6]='dropdown';fnames[7]='MMERGE7';ftypes[7]='date';}(jQuery));var $mcj = jQuery.noConflict(true);<\/script><br \/>\n<!--End mc_embed_signup--><\/p>\n<p><!-- [register-form-fi] --><\/p>\n","protected":false},"excerpt":{"rendered":"<p>Suorita rekister\u00f6inti ja tarjoamme kaikille Dignita alkometreille markkinoiden parhaan t\u00e4yden 3 vuoden takuun. Pidennetty 36kk takuu edellytt\u00e4\u00e4 alkometrin rekister\u00f6imist\u00e4 sek\u00e4 vuosittaista kalibrointihuoltoa meill\u00e4. Kun t\u00e4yt\u00e4t ja l\u00e4het\u00e4t lomakkeen, niin rekister\u00f6inti on valmis. * vaadittu kentt\u00e4 S\u00e4hk\u00f6postiosoite * Etunimi * Sukunimi * Laitteen malli * Dignita AM-8000Dignita AM-7000Dignita AMP-100 Laitteen ostopaikka * www.dignita.fi verkkokauppawww.piirla.fi verkkokauppaEi kumpikaan, [&hellip;]<\/p>\n","protected":false},"author":1,"featured_media":0,"parent":1144,"menu_order":0,"comment_status":"closed","ping_status":"closed","template":"template-register-breathalyzer.php","meta":{"_acf_changed":false,"footnotes":""},"class_list":["post-1158","page","type-page","status-publish","hentry"],"acf":[],"yoast_head":"<!-- This site is optimized with the Yoast SEO plugin v27.3 - https:\/\/yoast.com\/product\/yoast-seo-wordpress\/ -->\n<title>Rekister\u00f6i alkometrisi - Dignita<\/title>\n<meta name=\"robots\" content=\"index, follow, max-snippet:-1, max-image-preview:large, max-video-preview:-1\" \/>\n<link rel=\"canonical\" href=\"https:\/\/dignita.com\/fi\/alkometri\/rekisteroi-alkometrisi\/\" \/>\n<meta property=\"og:locale\" content=\"fi_FI\" \/>\n<meta property=\"og:type\" content=\"article\" \/>\n<meta property=\"og:title\" content=\"Rekister\u00f6i alkometrisi - Dignita\" \/>\n<meta property=\"og:description\" content=\"Suorita rekister\u00f6inti ja tarjoamme kaikille Dignita alkometreille markkinoiden parhaan t\u00e4yden 3 vuoden takuun. Pidennetty 36kk takuu edellytt\u00e4\u00e4 alkometrin rekister\u00f6imist\u00e4 sek\u00e4 vuosittaista kalibrointihuoltoa meill\u00e4. Kun t\u00e4yt\u00e4t ja l\u00e4het\u00e4t lomakkeen, niin rekister\u00f6inti on valmis. * vaadittu kentt\u00e4 S\u00e4hk\u00f6postiosoite * Etunimi * Sukunimi * Laitteen malli * Dignita AM-8000Dignita AM-7000Dignita AMP-100 Laitteen ostopaikka * www.dignita.fi verkkokauppawww.piirla.fi verkkokauppaEi kumpikaan, [&hellip;]\" \/>\n<meta property=\"og:url\" content=\"https:\/\/dignita.com\/fi\/alkometri\/rekisteroi-alkometrisi\/\" \/>\n<meta property=\"og:site_name\" content=\"Dignita\" \/>\n<meta property=\"article:modified_time\" content=\"2021-08-27T05:24:20+00:00\" \/>\n<meta name=\"twitter:card\" content=\"summary_large_image\" \/>\n<meta name=\"twitter:label1\" content=\"Est. reading time\" \/>\n\t<meta name=\"twitter:data1\" content=\"1 minute\" \/>\n<script type=\"application\/ld+json\" class=\"yoast-schema-graph\">{\"@context\":\"https:\\\/\\\/schema.org\",\"@graph\":[{\"@type\":\"WebPage\",\"@id\":\"https:\\\/\\\/dignita.com\\\/fi\\\/alkometri\\\/rekisteroi-alkometrisi\\\/\",\"url\":\"https:\\\/\\\/dignita.com\\\/fi\\\/alkometri\\\/rekisteroi-alkometrisi\\\/\",\"name\":\"Rekister\u00f6i alkometrisi - Dignita\",\"isPartOf\":{\"@id\":\"https:\\\/\\\/dignita.com\\\/#website\"},\"datePublished\":\"2020-04-14T10:42:57+00:00\",\"dateModified\":\"2021-08-27T05:24:20+00:00\",\"breadcrumb\":{\"@id\":\"https:\\\/\\\/dignita.com\\\/fi\\\/alkometri\\\/rekisteroi-alkometrisi\\\/#breadcrumb\"},\"inLanguage\":\"fi\",\"potentialAction\":[{\"@type\":\"ReadAction\",\"target\":[\"https:\\\/\\\/dignita.com\\\/fi\\\/alkometri\\\/rekisteroi-alkometrisi\\\/\"]}]},{\"@type\":\"BreadcrumbList\",\"@id\":\"https:\\\/\\\/dignita.com\\\/fi\\\/alkometri\\\/rekisteroi-alkometrisi\\\/#breadcrumb\",\"itemListElement\":[{\"@type\":\"ListItem\",\"position\":1,\"name\":\"Home\",\"item\":\"https:\\\/\\\/dignita.com\\\/fi\\\/\"},{\"@type\":\"ListItem\",\"position\":2,\"name\":\"ALKOMETRI\",\"item\":\"https:\\\/\\\/dignita.com\\\/fi\\\/alkometri\\\/\"},{\"@type\":\"ListItem\",\"position\":3,\"name\":\"Rekister\u00f6i alkometrisi\"}]},{\"@type\":\"WebSite\",\"@id\":\"https:\\\/\\\/dignita.com\\\/#website\",\"url\":\"https:\\\/\\\/dignita.com\\\/\",\"name\":\"Dignita\",\"description\":\"\",\"potentialAction\":[{\"@type\":\"SearchAction\",\"target\":{\"@type\":\"EntryPoint\",\"urlTemplate\":\"https:\\\/\\\/dignita.com\\\/?s={search_term_string}\"},\"query-input\":{\"@type\":\"PropertyValueSpecification\",\"valueRequired\":true,\"valueName\":\"search_term_string\"}}],\"inLanguage\":\"fi\"}]}<\/script>\n<!-- \/ Yoast SEO plugin. -->","yoast_head_json":{"title":"Rekister\u00f6i alkometrisi - Dignita","robots":{"index":"index","follow":"follow","max-snippet":"max-snippet:-1","max-image-preview":"max-image-preview:large","max-video-preview":"max-video-preview:-1"},"canonical":"https:\/\/dignita.com\/fi\/alkometri\/rekisteroi-alkometrisi\/","og_locale":"fi_FI","og_type":"article","og_title":"Rekister\u00f6i alkometrisi - Dignita","og_description":"Suorita rekister\u00f6inti ja tarjoamme kaikille Dignita alkometreille markkinoiden parhaan t\u00e4yden 3 vuoden takuun. Pidennetty 36kk takuu edellytt\u00e4\u00e4 alkometrin rekister\u00f6imist\u00e4 sek\u00e4 vuosittaista kalibrointihuoltoa meill\u00e4. Kun t\u00e4yt\u00e4t ja l\u00e4het\u00e4t lomakkeen, niin rekister\u00f6inti on valmis. * vaadittu kentt\u00e4 S\u00e4hk\u00f6postiosoite * Etunimi * Sukunimi * Laitteen malli * Dignita AM-8000Dignita AM-7000Dignita AMP-100 Laitteen ostopaikka * www.dignita.fi verkkokauppawww.piirla.fi verkkokauppaEi kumpikaan, [&hellip;]","og_url":"https:\/\/dignita.com\/fi\/alkometri\/rekisteroi-alkometrisi\/","og_site_name":"Dignita","article_modified_time":"2021-08-27T05:24:20+00:00","twitter_card":"summary_large_image","twitter_misc":{"Est. reading time":"1 minute"},"schema":{"@context":"https:\/\/schema.org","@graph":[{"@type":"WebPage","@id":"https:\/\/dignita.com\/fi\/alkometri\/rekisteroi-alkometrisi\/","url":"https:\/\/dignita.com\/fi\/alkometri\/rekisteroi-alkometrisi\/","name":"Rekister\u00f6i alkometrisi - Dignita","isPartOf":{"@id":"https:\/\/dignita.com\/#website"},"datePublished":"2020-04-14T10:42:57+00:00","dateModified":"2021-08-27T05:24:20+00:00","breadcrumb":{"@id":"https:\/\/dignita.com\/fi\/alkometri\/rekisteroi-alkometrisi\/#breadcrumb"},"inLanguage":"fi","potentialAction":[{"@type":"ReadAction","target":["https:\/\/dignita.com\/fi\/alkometri\/rekisteroi-alkometrisi\/"]}]},{"@type":"BreadcrumbList","@id":"https:\/\/dignita.com\/fi\/alkometri\/rekisteroi-alkometrisi\/#breadcrumb","itemListElement":[{"@type":"ListItem","position":1,"name":"Home","item":"https:\/\/dignita.com\/fi\/"},{"@type":"ListItem","position":2,"name":"ALKOMETRI","item":"https:\/\/dignita.com\/fi\/alkometri\/"},{"@type":"ListItem","position":3,"name":"Rekister\u00f6i alkometrisi"}]},{"@type":"WebSite","@id":"https:\/\/dignita.com\/#website","url":"https:\/\/dignita.com\/","name":"Dignita","description":"","potentialAction":[{"@type":"SearchAction","target":{"@type":"EntryPoint","urlTemplate":"https:\/\/dignita.com\/?s={search_term_string}"},"query-input":{"@type":"PropertyValueSpecification","valueRequired":true,"valueName":"search_term_string"}}],"inLanguage":"fi"}]}},"_links":{"self":[{"href":"https:\/\/dignita.com\/fi\/wp-json\/wp\/v2\/pages\/1158","targetHints":{"allow":["GET"]}}],"collection":[{"href":"https:\/\/dignita.com\/fi\/wp-json\/wp\/v2\/pages"}],"about":[{"href":"https:\/\/dignita.com\/fi\/wp-json\/wp\/v2\/types\/page"}],"author":[{"embeddable":true,"href":"https:\/\/dignita.com\/fi\/wp-json\/wp\/v2\/users\/1"}],"replies":[{"embeddable":true,"href":"https:\/\/dignita.com\/fi\/wp-json\/wp\/v2\/comments?post=1158"}],"version-history":[{"count":16,"href":"https:\/\/dignita.com\/fi\/wp-json\/wp\/v2\/pages\/1158\/revisions"}],"predecessor-version":[{"id":2405,"href":"https:\/\/dignita.com\/fi\/wp-json\/wp\/v2\/pages\/1158\/revisions\/2405"}],"up":[{"embeddable":true,"href":"https:\/\/dignita.com\/fi\/wp-json\/wp\/v2\/pages\/1144"}],"wp:attachment":[{"href":"https:\/\/dignita.com\/fi\/wp-json\/wp\/v2\/media?parent=1158"}],"curies":[{"name":"wp","href":"https:\/\/api.w.org\/{rel}","templated":true}]}}