{"id":1160,"date":"2020-03-30T10:40:57","date_gmt":"2020-03-30T08:40:57","guid":{"rendered":"https:\/\/dignita.com\/?page_id=1160"},"modified":"2025-03-11T15:10:16","modified_gmt":"2025-03-11T14:10:16","slug":"yhteystiedot","status":"publish","type":"page","link":"https:\/\/dignita.com\/fi\/yhteystiedot\/","title":{"rendered":"YHTEYSTIEDOT"},"content":{"rendered":"","protected":false},"excerpt":{"rendered":"","protected":false},"author":1,"featured_media":978,"parent":0,"menu_order":0,"comment_status":"closed","ping_status":"closed","template":"template-customerservice.php","meta":{"_acf_changed":false,"footnotes":""},"class_list":["post-1160","page","type-page","status-publish","has-post-thumbnail","hentry"],"acf":[],"yoast_head":"<!-- This site is optimized with the Yoast SEO plugin v27.3 - https:\/\/yoast.com\/product\/yoast-seo-wordpress\/ -->\n<title>Yhteystiedot - Dignita<\/title>\n<meta name=\"description\" content=\"Ota yhteytt\u00e4 ja pyyd\u00e4 tarjous Dignita alkolukosta tai alkometrist\u00e4! Palvelemme arkisin maanantai-perjantai 09.00-17.00\" \/>\n<meta name=\"robots\" content=\"index, follow, max-snippet:-1, max-image-preview:large, max-video-preview:-1\" \/>\n<link rel=\"canonical\" href=\"https:\/\/dignita.com\/fi\/yhteystiedot\/\" \/>\n<meta property=\"og:locale\" content=\"fi_FI\" \/>\n<meta property=\"og:type\" content=\"article\" \/>\n<meta property=\"og:title\" content=\"Yhteystiedot - Dignita\" \/>\n<meta property=\"og:description\" content=\"Ota yhteytt\u00e4 ja pyyd\u00e4 tarjous Dignita alkolukosta tai alkometrist\u00e4! Palvelemme arkisin maanantai-perjantai 09.00-17.00\" \/>\n<meta property=\"og:url\" content=\"https:\/\/dignita.com\/fi\/yhteystiedot\/\" \/>\n<meta property=\"og:site_name\" content=\"Dignita\" \/>\n<meta property=\"article:modified_time\" content=\"2025-03-11T14:10:16+00:00\" \/>\n<meta property=\"og:image\" content=\"https:\/\/dignita.com\/app\/uploads\/2020\/04\/dignita2.png\" \/>\n\t<meta property=\"og:image:width\" content=\"943\" \/>\n\t<meta property=\"og:image:height\" content=\"714\" \/>\n\t<meta property=\"og:image:type\" content=\"image\/png\" \/>\n<meta name=\"twitter:card\" content=\"summary_large_image\" \/>\n<meta name=\"twitter:label1\" content=\"Est. reading time\" \/>\n\t<meta name=\"twitter:data1\" content=\"1 minute\" \/>\n<script type=\"application\/ld+json\" class=\"yoast-schema-graph\">{\"@context\":\"https:\\\/\\\/schema.org\",\"@graph\":[{\"@type\":\"WebPage\",\"@id\":\"https:\\\/\\\/dignita.com\\\/fi\\\/yhteystiedot\\\/\",\"url\":\"https:\\\/\\\/dignita.com\\\/fi\\\/yhteystiedot\\\/\",\"name\":\"Yhteystiedot - Dignita\",\"isPartOf\":{\"@id\":\"https:\\\/\\\/dignita.com\\\/#website\"},\"primaryImageOfPage\":{\"@id\":\"https:\\\/\\\/dignita.com\\\/fi\\\/yhteystiedot\\\/#primaryimage\"},\"image\":{\"@id\":\"https:\\\/\\\/dignita.com\\\/fi\\\/yhteystiedot\\\/#primaryimage\"},\"thumbnailUrl\":\"https:\\\/\\\/dignita.com\\\/app\\\/uploads\\\/2020\\\/04\\\/dignita2.png\",\"datePublished\":\"2020-03-30T08:40:57+00:00\",\"dateModified\":\"2025-03-11T14:10:16+00:00\",\"description\":\"Ota yhteytt\u00e4 ja pyyd\u00e4 tarjous Dignita alkolukosta tai alkometrist\u00e4! Palvelemme arkisin maanantai-perjantai 09.00-17.00\",\"breadcrumb\":{\"@id\":\"https:\\\/\\\/dignita.com\\\/fi\\\/yhteystiedot\\\/#breadcrumb\"},\"inLanguage\":\"fi\",\"potentialAction\":[{\"@type\":\"ReadAction\",\"target\":[\"https:\\\/\\\/dignita.com\\\/fi\\\/yhteystiedot\\\/\"]}]},{\"@type\":\"ImageObject\",\"inLanguage\":\"fi\",\"@id\":\"https:\\\/\\\/dignita.com\\\/fi\\\/yhteystiedot\\\/#primaryimage\",\"url\":\"https:\\\/\\\/dignita.com\\\/app\\\/uploads\\\/2020\\\/04\\\/dignita2.png\",\"contentUrl\":\"https:\\\/\\\/dignita.com\\\/app\\\/uploads\\\/2020\\\/04\\\/dignita2.png\",\"width\":943,\"height\":714,\"caption\":\"dignita logo\"},{\"@type\":\"BreadcrumbList\",\"@id\":\"https:\\\/\\\/dignita.com\\\/fi\\\/yhteystiedot\\\/#breadcrumb\",\"itemListElement\":[{\"@type\":\"ListItem\",\"position\":1,\"name\":\"Home\",\"item\":\"https:\\\/\\\/dignita.com\\\/fi\\\/\"},{\"@type\":\"ListItem\",\"position\":2,\"name\":\"YHTEYSTIEDOT\"}]},{\"@type\":\"WebSite\",\"@id\":\"https:\\\/\\\/dignita.com\\\/#website\",\"url\":\"https:\\\/\\\/dignita.com\\\/\",\"name\":\"Dignita\",\"description\":\"\",\"potentialAction\":[{\"@type\":\"SearchAction\",\"target\":{\"@type\":\"EntryPoint\",\"urlTemplate\":\"https:\\\/\\\/dignita.com\\\/?s={search_term_string}\"},\"query-input\":{\"@type\":\"PropertyValueSpecification\",\"valueRequired\":true,\"valueName\":\"search_term_string\"}}],\"inLanguage\":\"fi\"}]}<\/script>\n<!-- \/ Yoast SEO plugin. -->","yoast_head_json":{"title":"Yhteystiedot - Dignita","description":"Ota yhteytt\u00e4 ja pyyd\u00e4 tarjous Dignita alkolukosta tai alkometrist\u00e4! Palvelemme arkisin maanantai-perjantai 09.00-17.00","robots":{"index":"index","follow":"follow","max-snippet":"max-snippet:-1","max-image-preview":"max-image-preview:large","max-video-preview":"max-video-preview:-1"},"canonical":"https:\/\/dignita.com\/fi\/yhteystiedot\/","og_locale":"fi_FI","og_type":"article","og_title":"Yhteystiedot - Dignita","og_description":"Ota yhteytt\u00e4 ja pyyd\u00e4 tarjous Dignita alkolukosta tai alkometrist\u00e4! Palvelemme arkisin maanantai-perjantai 09.00-17.00","og_url":"https:\/\/dignita.com\/fi\/yhteystiedot\/","og_site_name":"Dignita","article_modified_time":"2025-03-11T14:10:16+00:00","og_image":[{"width":943,"height":714,"url":"https:\/\/dignita.com\/app\/uploads\/2020\/04\/dignita2.png","type":"image\/png"}],"twitter_card":"summary_large_image","twitter_misc":{"Est. reading time":"1 minute"},"schema":{"@context":"https:\/\/schema.org","@graph":[{"@type":"WebPage","@id":"https:\/\/dignita.com\/fi\/yhteystiedot\/","url":"https:\/\/dignita.com\/fi\/yhteystiedot\/","name":"Yhteystiedot - Dignita","isPartOf":{"@id":"https:\/\/dignita.com\/#website"},"primaryImageOfPage":{"@id":"https:\/\/dignita.com\/fi\/yhteystiedot\/#primaryimage"},"image":{"@id":"https:\/\/dignita.com\/fi\/yhteystiedot\/#primaryimage"},"thumbnailUrl":"https:\/\/dignita.com\/app\/uploads\/2020\/04\/dignita2.png","datePublished":"2020-03-30T08:40:57+00:00","dateModified":"2025-03-11T14:10:16+00:00","description":"Ota yhteytt\u00e4 ja pyyd\u00e4 tarjous Dignita alkolukosta tai alkometrist\u00e4! Palvelemme arkisin maanantai-perjantai 09.00-17.00","breadcrumb":{"@id":"https:\/\/dignita.com\/fi\/yhteystiedot\/#breadcrumb"},"inLanguage":"fi","potentialAction":[{"@type":"ReadAction","target":["https:\/\/dignita.com\/fi\/yhteystiedot\/"]}]},{"@type":"ImageObject","inLanguage":"fi","@id":"https:\/\/dignita.com\/fi\/yhteystiedot\/#primaryimage","url":"https:\/\/dignita.com\/app\/uploads\/2020\/04\/dignita2.png","contentUrl":"https:\/\/dignita.com\/app\/uploads\/2020\/04\/dignita2.png","width":943,"height":714,"caption":"dignita logo"},{"@type":"BreadcrumbList","@id":"https:\/\/dignita.com\/fi\/yhteystiedot\/#breadcrumb","itemListElement":[{"@type":"ListItem","position":1,"name":"Home","item":"https:\/\/dignita.com\/fi\/"},{"@type":"ListItem","position":2,"name":"YHTEYSTIEDOT"}]},{"@type":"WebSite","@id":"https:\/\/dignita.com\/#website","url":"https:\/\/dignita.com\/","name":"Dignita","description":"","potentialAction":[{"@type":"SearchAction","target":{"@type":"EntryPoint","urlTemplate":"https:\/\/dignita.com\/?s={search_term_string}"},"query-input":{"@type":"PropertyValueSpecification","valueRequired":true,"valueName":"search_term_string"}}],"inLanguage":"fi"}]}},"_links":{"self":[{"href":"https:\/\/dignita.com\/fi\/wp-json\/wp\/v2\/pages\/1160","targetHints":{"allow":["GET"]}}],"collection":[{"href":"https:\/\/dignita.com\/fi\/wp-json\/wp\/v2\/pages"}],"about":[{"href":"https:\/\/dignita.com\/fi\/wp-json\/wp\/v2\/types\/page"}],"author":[{"embeddable":true,"href":"https:\/\/dignita.com\/fi\/wp-json\/wp\/v2\/users\/1"}],"replies":[{"embeddable":true,"href":"https:\/\/dignita.com\/fi\/wp-json\/wp\/v2\/comments?post=1160"}],"version-history":[{"count":16,"href":"https:\/\/dignita.com\/fi\/wp-json\/wp\/v2\/pages\/1160\/revisions"}],"predecessor-version":[{"id":4612,"href":"https:\/\/dignita.com\/fi\/wp-json\/wp\/v2\/pages\/1160\/revisions\/4612"}],"wp:featuredmedia":[{"embeddable":true,"href":"https:\/\/dignita.com\/fi\/wp-json\/wp\/v2\/media\/978"}],"wp:attachment":[{"href":"https:\/\/dignita.com\/fi\/wp-json\/wp\/v2\/media?parent=1160"}],"curies":[{"name":"wp","href":"https:\/\/api.w.org\/{rel}","templated":true}]}}