{"id":1162,"date":"2020-04-14T10:01:40","date_gmt":"2020-04-14T08:01:40","guid":{"rendered":"https:\/\/dignita.com\/?page_id=1162"},"modified":"2023-02-14T18:38:00","modified_gmt":"2023-02-14T17:38:00","slug":"kysymyksia-ja-vastauksia","status":"publish","type":"page","link":"https:\/\/dignita.com\/fi\/yhteystiedot\/kysymyksia-ja-vastauksia\/","title":{"rendered":"Kysymyksi\u00e4 ja Vastauksia"},"content":{"rendered":"","protected":false},"excerpt":{"rendered":"","protected":false},"author":1,"featured_media":3575,"parent":1160,"menu_order":0,"comment_status":"closed","ping_status":"closed","template":"template-faq.php","meta":{"_acf_changed":false,"footnotes":""},"class_list":["post-1162","page","type-page","status-publish","has-post-thumbnail","hentry"],"acf":[],"yoast_head":"<!-- This site is optimized with the Yoast SEO plugin v27.3 - https:\/\/yoast.com\/product\/yoast-seo-wordpress\/ -->\n<title>Kysymyksi\u00e4 ja Vastauksia - Dignita<\/title>\n<meta name=\"description\" content=\"Vastaukset yleisimpiin kysymyksiin koskien Dignita alkolukkoja ja alkometrej\u00e4! Mitk\u00e4 ovat rattijuopumuksen rajat? Miten tilaan alkolukon?\" \/>\n<meta name=\"robots\" content=\"index, follow, max-snippet:-1, max-image-preview:large, max-video-preview:-1\" \/>\n<link rel=\"canonical\" href=\"https:\/\/dignita.com\/fi\/yhteystiedot\/kysymyksia-ja-vastauksia\/\" \/>\n<meta property=\"og:locale\" content=\"fi_FI\" \/>\n<meta property=\"og:type\" content=\"article\" \/>\n<meta property=\"og:title\" content=\"Kysymyksi\u00e4 ja Vastauksia - Dignita\" \/>\n<meta property=\"og:description\" content=\"Vastaukset yleisimpiin kysymyksiin koskien Dignita alkolukkoja ja alkometrej\u00e4! Mitk\u00e4 ovat rattijuopumuksen rajat? Miten tilaan alkolukon?\" \/>\n<meta property=\"og:url\" content=\"https:\/\/dignita.com\/fi\/yhteystiedot\/kysymyksia-ja-vastauksia\/\" \/>\n<meta property=\"og:site_name\" content=\"Dignita\" \/>\n<meta property=\"article:modified_time\" content=\"2023-02-14T17:38:00+00:00\" \/>\n<meta property=\"og:image\" content=\"https:\/\/dignita.com\/app\/uploads\/2023\/02\/dignita-alkolukon-vuokraus.png\" \/>\n\t<meta property=\"og:image:width\" content=\"896\" \/>\n\t<meta property=\"og:image:height\" content=\"528\" \/>\n\t<meta property=\"og:image:type\" content=\"image\/png\" \/>\n<meta name=\"twitter:card\" content=\"summary_large_image\" \/>\n<script type=\"application\/ld+json\" class=\"yoast-schema-graph\">{\"@context\":\"https:\\\/\\\/schema.org\",\"@graph\":[{\"@type\":\"WebPage\",\"@id\":\"https:\\\/\\\/dignita.com\\\/fi\\\/yhteystiedot\\\/kysymyksia-ja-vastauksia\\\/\",\"url\":\"https:\\\/\\\/dignita.com\\\/fi\\\/yhteystiedot\\\/kysymyksia-ja-vastauksia\\\/\",\"name\":\"Kysymyksi\u00e4 ja Vastauksia - Dignita\",\"isPartOf\":{\"@id\":\"https:\\\/\\\/dignita.com\\\/#website\"},\"primaryImageOfPage\":{\"@id\":\"https:\\\/\\\/dignita.com\\\/fi\\\/yhteystiedot\\\/kysymyksia-ja-vastauksia\\\/#primaryimage\"},\"image\":{\"@id\":\"https:\\\/\\\/dignita.com\\\/fi\\\/yhteystiedot\\\/kysymyksia-ja-vastauksia\\\/#primaryimage\"},\"thumbnailUrl\":\"https:\\\/\\\/dignita.com\\\/app\\\/uploads\\\/2023\\\/02\\\/dignita-alkolukon-vuokraus.png\",\"datePublished\":\"2020-04-14T08:01:40+00:00\",\"dateModified\":\"2023-02-14T17:38:00+00:00\",\"description\":\"Vastaukset yleisimpiin kysymyksiin koskien Dignita alkolukkoja ja alkometrej\u00e4! Mitk\u00e4 ovat rattijuopumuksen rajat? Miten tilaan alkolukon?\",\"breadcrumb\":{\"@id\":\"https:\\\/\\\/dignita.com\\\/fi\\\/yhteystiedot\\\/kysymyksia-ja-vastauksia\\\/#breadcrumb\"},\"inLanguage\":\"fi\",\"potentialAction\":[{\"@type\":\"ReadAction\",\"target\":[\"https:\\\/\\\/dignita.com\\\/fi\\\/yhteystiedot\\\/kysymyksia-ja-vastauksia\\\/\"]}]},{\"@type\":\"ImageObject\",\"inLanguage\":\"fi\",\"@id\":\"https:\\\/\\\/dignita.com\\\/fi\\\/yhteystiedot\\\/kysymyksia-ja-vastauksia\\\/#primaryimage\",\"url\":\"https:\\\/\\\/dignita.com\\\/app\\\/uploads\\\/2023\\\/02\\\/dignita-alkolukon-vuokraus.png\",\"contentUrl\":\"https:\\\/\\\/dignita.com\\\/app\\\/uploads\\\/2023\\\/02\\\/dignita-alkolukon-vuokraus.png\",\"width\":896,\"height\":528,\"caption\":\"Dignita alkolukko autossa\"},{\"@type\":\"BreadcrumbList\",\"@id\":\"https:\\\/\\\/dignita.com\\\/fi\\\/yhteystiedot\\\/kysymyksia-ja-vastauksia\\\/#breadcrumb\",\"itemListElement\":[{\"@type\":\"ListItem\",\"position\":1,\"name\":\"Home\",\"item\":\"https:\\\/\\\/dignita.com\\\/fi\\\/\"},{\"@type\":\"ListItem\",\"position\":2,\"name\":\"YHTEYSTIEDOT\",\"item\":\"https:\\\/\\\/dignita.com\\\/fi\\\/yhteystiedot\\\/\"},{\"@type\":\"ListItem\",\"position\":3,\"name\":\"Kysymyksi\u00e4 ja Vastauksia\"}]},{\"@type\":\"WebSite\",\"@id\":\"https:\\\/\\\/dignita.com\\\/#website\",\"url\":\"https:\\\/\\\/dignita.com\\\/\",\"name\":\"Dignita\",\"description\":\"\",\"potentialAction\":[{\"@type\":\"SearchAction\",\"target\":{\"@type\":\"EntryPoint\",\"urlTemplate\":\"https:\\\/\\\/dignita.com\\\/?s={search_term_string}\"},\"query-input\":{\"@type\":\"PropertyValueSpecification\",\"valueRequired\":true,\"valueName\":\"search_term_string\"}}],\"inLanguage\":\"fi\"}]}<\/script>\n<!-- \/ Yoast SEO plugin. -->","yoast_head_json":{"title":"Kysymyksi\u00e4 ja Vastauksia - Dignita","description":"Vastaukset yleisimpiin kysymyksiin koskien Dignita alkolukkoja ja alkometrej\u00e4! Mitk\u00e4 ovat rattijuopumuksen rajat? Miten tilaan alkolukon?","robots":{"index":"index","follow":"follow","max-snippet":"max-snippet:-1","max-image-preview":"max-image-preview:large","max-video-preview":"max-video-preview:-1"},"canonical":"https:\/\/dignita.com\/fi\/yhteystiedot\/kysymyksia-ja-vastauksia\/","og_locale":"fi_FI","og_type":"article","og_title":"Kysymyksi\u00e4 ja Vastauksia - Dignita","og_description":"Vastaukset yleisimpiin kysymyksiin koskien Dignita alkolukkoja ja alkometrej\u00e4! Mitk\u00e4 ovat rattijuopumuksen rajat? Miten tilaan alkolukon?","og_url":"https:\/\/dignita.com\/fi\/yhteystiedot\/kysymyksia-ja-vastauksia\/","og_site_name":"Dignita","article_modified_time":"2023-02-14T17:38:00+00:00","og_image":[{"width":896,"height":528,"url":"https:\/\/dignita.com\/app\/uploads\/2023\/02\/dignita-alkolukon-vuokraus.png","type":"image\/png"}],"twitter_card":"summary_large_image","schema":{"@context":"https:\/\/schema.org","@graph":[{"@type":"WebPage","@id":"https:\/\/dignita.com\/fi\/yhteystiedot\/kysymyksia-ja-vastauksia\/","url":"https:\/\/dignita.com\/fi\/yhteystiedot\/kysymyksia-ja-vastauksia\/","name":"Kysymyksi\u00e4 ja Vastauksia - Dignita","isPartOf":{"@id":"https:\/\/dignita.com\/#website"},"primaryImageOfPage":{"@id":"https:\/\/dignita.com\/fi\/yhteystiedot\/kysymyksia-ja-vastauksia\/#primaryimage"},"image":{"@id":"https:\/\/dignita.com\/fi\/yhteystiedot\/kysymyksia-ja-vastauksia\/#primaryimage"},"thumbnailUrl":"https:\/\/dignita.com\/app\/uploads\/2023\/02\/dignita-alkolukon-vuokraus.png","datePublished":"2020-04-14T08:01:40+00:00","dateModified":"2023-02-14T17:38:00+00:00","description":"Vastaukset yleisimpiin kysymyksiin koskien Dignita alkolukkoja ja alkometrej\u00e4! Mitk\u00e4 ovat rattijuopumuksen rajat? Miten tilaan alkolukon?","breadcrumb":{"@id":"https:\/\/dignita.com\/fi\/yhteystiedot\/kysymyksia-ja-vastauksia\/#breadcrumb"},"inLanguage":"fi","potentialAction":[{"@type":"ReadAction","target":["https:\/\/dignita.com\/fi\/yhteystiedot\/kysymyksia-ja-vastauksia\/"]}]},{"@type":"ImageObject","inLanguage":"fi","@id":"https:\/\/dignita.com\/fi\/yhteystiedot\/kysymyksia-ja-vastauksia\/#primaryimage","url":"https:\/\/dignita.com\/app\/uploads\/2023\/02\/dignita-alkolukon-vuokraus.png","contentUrl":"https:\/\/dignita.com\/app\/uploads\/2023\/02\/dignita-alkolukon-vuokraus.png","width":896,"height":528,"caption":"Dignita alkolukko autossa"},{"@type":"BreadcrumbList","@id":"https:\/\/dignita.com\/fi\/yhteystiedot\/kysymyksia-ja-vastauksia\/#breadcrumb","itemListElement":[{"@type":"ListItem","position":1,"name":"Home","item":"https:\/\/dignita.com\/fi\/"},{"@type":"ListItem","position":2,"name":"YHTEYSTIEDOT","item":"https:\/\/dignita.com\/fi\/yhteystiedot\/"},{"@type":"ListItem","position":3,"name":"Kysymyksi\u00e4 ja Vastauksia"}]},{"@type":"WebSite","@id":"https:\/\/dignita.com\/#website","url":"https:\/\/dignita.com\/","name":"Dignita","description":"","potentialAction":[{"@type":"SearchAction","target":{"@type":"EntryPoint","urlTemplate":"https:\/\/dignita.com\/?s={search_term_string}"},"query-input":{"@type":"PropertyValueSpecification","valueRequired":true,"valueName":"search_term_string"}}],"inLanguage":"fi"}]}},"_links":{"self":[{"href":"https:\/\/dignita.com\/fi\/wp-json\/wp\/v2\/pages\/1162","targetHints":{"allow":["GET"]}}],"collection":[{"href":"https:\/\/dignita.com\/fi\/wp-json\/wp\/v2\/pages"}],"about":[{"href":"https:\/\/dignita.com\/fi\/wp-json\/wp\/v2\/types\/page"}],"author":[{"embeddable":true,"href":"https:\/\/dignita.com\/fi\/wp-json\/wp\/v2\/users\/1"}],"replies":[{"embeddable":true,"href":"https:\/\/dignita.com\/fi\/wp-json\/wp\/v2\/comments?post=1162"}],"version-history":[{"count":3,"href":"https:\/\/dignita.com\/fi\/wp-json\/wp\/v2\/pages\/1162\/revisions"}],"predecessor-version":[{"id":1225,"href":"https:\/\/dignita.com\/fi\/wp-json\/wp\/v2\/pages\/1162\/revisions\/1225"}],"up":[{"embeddable":true,"href":"https:\/\/dignita.com\/fi\/wp-json\/wp\/v2\/pages\/1160"}],"wp:featuredmedia":[{"embeddable":true,"href":"https:\/\/dignita.com\/fi\/wp-json\/wp\/v2\/media\/3575"}],"wp:attachment":[{"href":"https:\/\/dignita.com\/fi\/wp-json\/wp\/v2\/media?parent=1162"}],"curies":[{"name":"wp","href":"https:\/\/api.w.org\/{rel}","templated":true}]}}