{"id":1165,"date":"2020-04-21T12:02:24","date_gmt":"2020-04-21T10:02:24","guid":{"rendered":"https:\/\/dignita.com\/?page_id=1165"},"modified":"2024-10-09T14:25:15","modified_gmt":"2024-10-09T12:25:15","slug":"alkolukon-asennuspisteet","status":"publish","type":"page","link":"https:\/\/dignita.com\/fi\/alkolukon-asennuspisteet\/","title":{"rendered":"ALKOLUKON ASENNUSPISTEET"},"content":{"rendered":"<div class=\"map-responsive\"><iframe loading=\"lazy\" style=\"border: 0;\" tabindex=\"0\" src=\"https:\/\/www.google.com\/maps\/d\/embed?mid=1WFoJ6boLWQk6OHNAbmZj84vUSVoJrDc&amp;hl=fi&amp;ehbc=2E312F\" width=\"640\" height=\"480\" frameborder=\"0\" allowfullscreen=\"allowfullscreen\" aria-hidden=\"false\"><\/iframe><\/div>\n<p>HUOM &#8211; Olethan ensin yhteydess\u00e4 Dignitan asiakaspalveluun, jos haluatte <a href=\"https:\/\/dignita.com\/fi\/products\/alkolukon-vuokraus\/\">vuokrata alkolukon<\/a> valvottuun ajo-oikeuteen tai teill\u00e4 on kysymyksi\u00e4 liittyen alkolukkoajokorttiin. Katsomme t\u00e4m\u00e4n j\u00e4lkeen teille sopivan asennuspisteen. Soita meille tai pyyd\u00e4 tarjous asennuksesta oheisen painikkeen kautta:<\/p>\n<p>&nbsp;<\/p>\n<p><a href=\"\/fi\/products\/alkolukon-vuokraus\/#contactform\"><img loading=\"lazy\" decoding=\"async\" class=\"alignnone\" src=\"https:\/\/dignita.com\/app\/uploads\/2020\/08\/banner-3-fi.jpg\" alt=\"dignita.com\/fi\/products\/alkolukon-vuokraus\/#contactform\" width=\"1920\" height=\"237\" \/><\/a><\/p>\n<p>&nbsp;<\/p>\n<p><strong>Dignita Asiakaspalvelu: <\/strong><\/p>\n<p>Dignita Asiakaspalvelu<\/p>\n<p>09-4780088<\/p>\n<p>info@dignita.fi<\/p>\n","protected":false},"excerpt":{"rendered":"<p>HUOM &#8211; Olethan ensin yhteydess\u00e4 Dignitan asiakaspalveluun, jos haluatte vuokrata alkolukon valvottuun ajo-oikeuteen tai teill\u00e4 on kysymyksi\u00e4 liittyen alkolukkoajokorttiin. Katsomme t\u00e4m\u00e4n j\u00e4lkeen teille sopivan asennuspisteen. Soita meille tai pyyd\u00e4 tarjous asennuksesta oheisen painikkeen kautta: &nbsp; &nbsp; Dignita Asiakaspalvelu: Dignita Asiakaspalvelu 09-4780088 info@dignita.fi<\/p>\n","protected":false},"author":1,"featured_media":0,"parent":0,"menu_order":0,"comment_status":"closed","ping_status":"closed","template":"","meta":{"_acf_changed":false,"footnotes":""},"class_list":["post-1165","page","type-page","status-publish","hentry"],"acf":[],"yoast_head":"<!-- This site is optimized with the Yoast SEO plugin v27.3 - https:\/\/yoast.com\/product\/yoast-seo-wordpress\/ -->\n<title>Alkolukon asennuspisteet - Dignita<\/title>\n<meta name=\"description\" content=\"Alkolukon asennuspisteet kartalla. Asennuspisteet sijoittuvat tasaisesti eri puolille Suomea. Otathan yhteytt\u00e4 vuokrataksesi alkolukon!\" \/>\n<meta name=\"robots\" content=\"index, follow, max-snippet:-1, max-image-preview:large, max-video-preview:-1\" \/>\n<link rel=\"canonical\" href=\"https:\/\/dignita.com\/fi\/alkolukon-asennuspisteet\/\" \/>\n<meta property=\"og:locale\" content=\"fi_FI\" \/>\n<meta property=\"og:type\" content=\"article\" \/>\n<meta property=\"og:title\" content=\"Alkolukon asennuspisteet - Dignita\" \/>\n<meta property=\"og:description\" content=\"Alkolukon asennuspisteet kartalla. Asennuspisteet sijoittuvat tasaisesti eri puolille Suomea. Otathan yhteytt\u00e4 vuokrataksesi alkolukon!\" \/>\n<meta property=\"og:url\" content=\"https:\/\/dignita.com\/fi\/alkolukon-asennuspisteet\/\" \/>\n<meta property=\"og:site_name\" content=\"Dignita\" \/>\n<meta property=\"article:modified_time\" content=\"2024-10-09T12:25:15+00:00\" \/>\n<meta property=\"og:image\" content=\"https:\/\/dignita.com\/app\/uploads\/2020\/08\/banner-3-fi.jpg\" \/>\n<meta name=\"twitter:card\" content=\"summary_large_image\" \/>\n<meta name=\"twitter:label1\" content=\"Est. reading time\" \/>\n\t<meta name=\"twitter:data1\" content=\"1 minute\" \/>\n<script type=\"application\/ld+json\" class=\"yoast-schema-graph\">{\"@context\":\"https:\\\/\\\/schema.org\",\"@graph\":[{\"@type\":\"WebPage\",\"@id\":\"https:\\\/\\\/dignita.com\\\/fi\\\/alkolukon-asennuspisteet\\\/\",\"url\":\"https:\\\/\\\/dignita.com\\\/fi\\\/alkolukon-asennuspisteet\\\/\",\"name\":\"Alkolukon asennuspisteet - Dignita\",\"isPartOf\":{\"@id\":\"https:\\\/\\\/dignita.com\\\/#website\"},\"primaryImageOfPage\":{\"@id\":\"https:\\\/\\\/dignita.com\\\/fi\\\/alkolukon-asennuspisteet\\\/#primaryimage\"},\"image\":{\"@id\":\"https:\\\/\\\/dignita.com\\\/fi\\\/alkolukon-asennuspisteet\\\/#primaryimage\"},\"thumbnailUrl\":\"https:\\\/\\\/dignita.com\\\/app\\\/uploads\\\/2020\\\/08\\\/banner-3-fi.jpg\",\"datePublished\":\"2020-04-21T10:02:24+00:00\",\"dateModified\":\"2024-10-09T12:25:15+00:00\",\"description\":\"Alkolukon asennuspisteet kartalla. Asennuspisteet sijoittuvat tasaisesti eri puolille Suomea. Otathan yhteytt\u00e4 vuokrataksesi alkolukon!\",\"breadcrumb\":{\"@id\":\"https:\\\/\\\/dignita.com\\\/fi\\\/alkolukon-asennuspisteet\\\/#breadcrumb\"},\"inLanguage\":\"fi\",\"potentialAction\":[{\"@type\":\"ReadAction\",\"target\":[\"https:\\\/\\\/dignita.com\\\/fi\\\/alkolukon-asennuspisteet\\\/\"]}]},{\"@type\":\"ImageObject\",\"inLanguage\":\"fi\",\"@id\":\"https:\\\/\\\/dignita.com\\\/fi\\\/alkolukon-asennuspisteet\\\/#primaryimage\",\"url\":\"https:\\\/\\\/dignita.com\\\/app\\\/uploads\\\/2020\\\/08\\\/banner-3-fi.jpg\",\"contentUrl\":\"https:\\\/\\\/dignita.com\\\/app\\\/uploads\\\/2020\\\/08\\\/banner-3-fi.jpg\"},{\"@type\":\"BreadcrumbList\",\"@id\":\"https:\\\/\\\/dignita.com\\\/fi\\\/alkolukon-asennuspisteet\\\/#breadcrumb\",\"itemListElement\":[{\"@type\":\"ListItem\",\"position\":1,\"name\":\"Home\",\"item\":\"https:\\\/\\\/dignita.com\\\/fi\\\/\"},{\"@type\":\"ListItem\",\"position\":2,\"name\":\"ALKOLUKON ASENNUSPISTEET\"}]},{\"@type\":\"WebSite\",\"@id\":\"https:\\\/\\\/dignita.com\\\/#website\",\"url\":\"https:\\\/\\\/dignita.com\\\/\",\"name\":\"Dignita\",\"description\":\"\",\"potentialAction\":[{\"@type\":\"SearchAction\",\"target\":{\"@type\":\"EntryPoint\",\"urlTemplate\":\"https:\\\/\\\/dignita.com\\\/?s={search_term_string}\"},\"query-input\":{\"@type\":\"PropertyValueSpecification\",\"valueRequired\":true,\"valueName\":\"search_term_string\"}}],\"inLanguage\":\"fi\"}]}<\/script>\n<!-- \/ Yoast SEO plugin. -->","yoast_head_json":{"title":"Alkolukon asennuspisteet - Dignita","description":"Alkolukon asennuspisteet kartalla. Asennuspisteet sijoittuvat tasaisesti eri puolille Suomea. Otathan yhteytt\u00e4 vuokrataksesi alkolukon!","robots":{"index":"index","follow":"follow","max-snippet":"max-snippet:-1","max-image-preview":"max-image-preview:large","max-video-preview":"max-video-preview:-1"},"canonical":"https:\/\/dignita.com\/fi\/alkolukon-asennuspisteet\/","og_locale":"fi_FI","og_type":"article","og_title":"Alkolukon asennuspisteet - Dignita","og_description":"Alkolukon asennuspisteet kartalla. Asennuspisteet sijoittuvat tasaisesti eri puolille Suomea. Otathan yhteytt\u00e4 vuokrataksesi alkolukon!","og_url":"https:\/\/dignita.com\/fi\/alkolukon-asennuspisteet\/","og_site_name":"Dignita","article_modified_time":"2024-10-09T12:25:15+00:00","og_image":[{"url":"https:\/\/dignita.com\/app\/uploads\/2020\/08\/banner-3-fi.jpg","type":"","width":"","height":""}],"twitter_card":"summary_large_image","twitter_misc":{"Est. reading time":"1 minute"},"schema":{"@context":"https:\/\/schema.org","@graph":[{"@type":"WebPage","@id":"https:\/\/dignita.com\/fi\/alkolukon-asennuspisteet\/","url":"https:\/\/dignita.com\/fi\/alkolukon-asennuspisteet\/","name":"Alkolukon asennuspisteet - Dignita","isPartOf":{"@id":"https:\/\/dignita.com\/#website"},"primaryImageOfPage":{"@id":"https:\/\/dignita.com\/fi\/alkolukon-asennuspisteet\/#primaryimage"},"image":{"@id":"https:\/\/dignita.com\/fi\/alkolukon-asennuspisteet\/#primaryimage"},"thumbnailUrl":"https:\/\/dignita.com\/app\/uploads\/2020\/08\/banner-3-fi.jpg","datePublished":"2020-04-21T10:02:24+00:00","dateModified":"2024-10-09T12:25:15+00:00","description":"Alkolukon asennuspisteet kartalla. Asennuspisteet sijoittuvat tasaisesti eri puolille Suomea. Otathan yhteytt\u00e4 vuokrataksesi alkolukon!","breadcrumb":{"@id":"https:\/\/dignita.com\/fi\/alkolukon-asennuspisteet\/#breadcrumb"},"inLanguage":"fi","potentialAction":[{"@type":"ReadAction","target":["https:\/\/dignita.com\/fi\/alkolukon-asennuspisteet\/"]}]},{"@type":"ImageObject","inLanguage":"fi","@id":"https:\/\/dignita.com\/fi\/alkolukon-asennuspisteet\/#primaryimage","url":"https:\/\/dignita.com\/app\/uploads\/2020\/08\/banner-3-fi.jpg","contentUrl":"https:\/\/dignita.com\/app\/uploads\/2020\/08\/banner-3-fi.jpg"},{"@type":"BreadcrumbList","@id":"https:\/\/dignita.com\/fi\/alkolukon-asennuspisteet\/#breadcrumb","itemListElement":[{"@type":"ListItem","position":1,"name":"Home","item":"https:\/\/dignita.com\/fi\/"},{"@type":"ListItem","position":2,"name":"ALKOLUKON ASENNUSPISTEET"}]},{"@type":"WebSite","@id":"https:\/\/dignita.com\/#website","url":"https:\/\/dignita.com\/","name":"Dignita","description":"","potentialAction":[{"@type":"SearchAction","target":{"@type":"EntryPoint","urlTemplate":"https:\/\/dignita.com\/?s={search_term_string}"},"query-input":{"@type":"PropertyValueSpecification","valueRequired":true,"valueName":"search_term_string"}}],"inLanguage":"fi"}]}},"_links":{"self":[{"href":"https:\/\/dignita.com\/fi\/wp-json\/wp\/v2\/pages\/1165","targetHints":{"allow":["GET"]}}],"collection":[{"href":"https:\/\/dignita.com\/fi\/wp-json\/wp\/v2\/pages"}],"about":[{"href":"https:\/\/dignita.com\/fi\/wp-json\/wp\/v2\/types\/page"}],"author":[{"embeddable":true,"href":"https:\/\/dignita.com\/fi\/wp-json\/wp\/v2\/users\/1"}],"replies":[{"embeddable":true,"href":"https:\/\/dignita.com\/fi\/wp-json\/wp\/v2\/comments?post=1165"}],"version-history":[{"count":69,"href":"https:\/\/dignita.com\/fi\/wp-json\/wp\/v2\/pages\/1165\/revisions"}],"predecessor-version":[{"id":4374,"href":"https:\/\/dignita.com\/fi\/wp-json\/wp\/v2\/pages\/1165\/revisions\/4374"}],"wp:attachment":[{"href":"https:\/\/dignita.com\/fi\/wp-json\/wp\/v2\/media?parent=1165"}],"curies":[{"name":"wp","href":"https:\/\/api.w.org\/{rel}","templated":true}]}}