{"id":1243,"date":"2020-04-14T12:51:28","date_gmt":"2020-04-14T10:51:28","guid":{"rendered":"https:\/\/dignita.com\/?page_id=1243"},"modified":"2020-08-18T13:20:40","modified_gmt":"2020-08-18T11:20:40","slug":"ostoneuvoja","status":"publish","type":"page","link":"https:\/\/dignita.com\/fi\/yhteystiedot\/ostoneuvoja\/","title":{"rendered":"Ostoneuvoja"},"content":{"rendered":"<h2>V\u00c4LT\u00c4 N\u00c4M\u00c4 3 VIRHETT\u00c4 ALKOMETRIN HANKINNASSA<\/h2>\n<ol>\n<li>Laitteen huolto -&gt; On eritt\u00e4in t\u00e4rke\u00e4\u00e4 selvitt\u00e4\u00e4, ett\u00e4 millainen huolto- ja kalibrointipalvelu hankittavalle alkometrille l\u00f6ytyy. Eth\u00e4n hankkisi sellaista autoa, jolle ei ole saatavilla helposti korjausta ja vuosihuoltoa?<\/li>\n<li>Luotettavuus -&gt; Varmista, ett\u00e4 hankkimallesi laitteelle on puolueettomia arvioita ja mahdollisesti laboratoriotestej\u00e4.<\/li>\n<li>Takuu -&gt; Mik\u00e4li laitteelle my\u00f6nnet\u00e4\u00e4n pitk\u00e4 takuu, niin se luo lis\u00e4varmuutta sinulle ja voit luottaa laitteeseen vuosia.<\/li>\n<\/ol>\n<h2>ALKOMETRIEN LAATUTASOT<\/h2>\n<p>Alkometrimarkkinat ovat pitk\u00e4\u00e4n olleet vailla s\u00e4\u00e4ntely\u00e4, joten tarjolla on runsaasti huonoja tuotteita, jotka eiv\u00e4t toimi luvatulla tavalla. Vuonna 2013 on m\u00e4\u00e4ritetty kaksi kansainv\u00e4list\u00e4 EU-standardia, joissa m\u00e4\u00e4ritet\u00e4\u00e4n alkometreille laatustandardit. Ne auttavat jatkossa valitsemaan hyv\u00e4n alkometrin.<\/p>\n<p>Vuonna 2013 m\u00e4\u00e4ritettiin kaksi uutta standardia alkometreille.<\/p>\n<ul>\n<li>Yksityisk\u00e4ytt\u00f6 \u2013 SS-EN 16280:2012 &#8211;\u00a0<a href=\"https:\/\/www.dignita.com\/fi\/alkometri\/dignita\/dignita-am7000\">Dignita AM-7000<\/a>ja\u00a0<a href=\"https:\/\/www.dignita.com\/fi\/alkometri\/dignita\/dignita-am-8000\">Dignita AM-8000<\/a>\u00a0ovat ensimm\u00e4isi\u00e4 standardin perusteella yksityisk\u00e4ytt\u00f6\u00f6n hyv\u00e4ksyttyj\u00e4 alkometreja.<\/li>\n<li>Ammattik\u00e4ytt\u00f6\u00f6n, kuten poliisille ja yrityksille \u2013 SS-EN 15964:2011 &#8211;\u00a0<a href=\"https:\/\/www.dignita.com\/fi\/alkometri\/ammattikayttoon\/dignita-amp-100\">Dignita AMP 100<\/a>on yksi ensimm\u00e4isist\u00e4 standardin perusteella ammattik\u00e4ytt\u00f6\u00f6n hyv\u00e4ksytyist\u00e4 mittareista.<\/li>\n<\/ul>\n<p>Valitettavasti joudumme el\u00e4m\u00e4\u00e4n ongelmien ja ep\u00e4varmuuden kanssa viel\u00e4 vuosien ajan, koska juuri nyt valmistajat muokkaavat tuotteitaan ja teett\u00e4v\u00e4t riippumattomia tuotetestej\u00e4 valtuuttamattomissa laboratorioissa varmistaakseen, ett\u00e4 heid\u00e4n alkometrins\u00e4 l\u00e4p\u00e4isev\u00e4t standardit.<\/p>\n<p>Alkometrin ostaminen ei ole helppoa. Niihin liittyy paljon petollista mainontaa, tyhji\u00e4 lupauksia ja houkuttelevia pakkauksia, jotka johtavat harhaan. T\u00e4ss\u00e4kin tapauksessa on t\u00e4rke\u00e4\u00e4 olla tiedostava kuluttaja. Siin\u00e4 MHF testilaboratorio voi auttaa. MHF laboratorio on erikoistunut vaativiin ja luotettaviin testauksiin mm. alkometrien osalta. MHF on my\u00f6nt\u00e4nyt hyv\u00e4ksynt\u00f6j\u00e4 vain harvoille alkometreille.<\/p>\n<h2>LUOTETTAVAN ALKOMETRIN TUNNUSMERKIT<\/h2>\n<ol>\n<li><strong> Puhallusilman mittaaminen oikein<\/strong><\/li>\n<\/ol>\n<p>Puhallusilman alkoholipitoisuuden mittaaminen asettaa alkometrille korkeat vaatimukset. Monet valmistajat tuntuvat unohtavan, ett\u00e4 puhallusilman alkoholipitoisuuden tulee kuvastaa veren alkoholipitoisuutta. N\u00e4in tapahtuu vain, kun n\u00e4ytteeksi saadaan ilmaa syv\u00e4lt\u00e4 keuhkoista, sill\u00e4 vain keuhkojen alaosassa olevan hengitysilman alkoholipitoisuus vastaa veren alkoholipitoisuutta. Jos alkometri mittaa tuloksen esimerkiksi jo puolen litran uloshengitystilavuuden kohdalla, tuloksessa voi olla 70\u201380 prosentin virhe. Suosittelemme varmistamaan, ett\u00e4 valitsemanne alkometrin n\u00e4ytteenotto tehd\u00e4\u00e4n noin yhden litran uloshengitystilavuuden kohdalla.<\/p>\n<ol start=\"2\">\n<li><strong> Vakaat mittaustulokset<\/strong><\/li>\n<\/ol>\n<p>Toinen t\u00e4rke\u00e4 laatutekij\u00e4 on mittarin vakaus, jolloin se mittaa saman tason joka kerta. Jos mittarin n\u00e4ytt\u00e4m\u00e4 mittausarvo vaeltaa yl\u00f6s-alas, tuote on niin ep\u00e4luotettava, ett\u00e4 sellaisen myynti pit\u00e4isi kielt\u00e4\u00e4.<\/p>\n<ol start=\"3\">\n<li><strong> S\u00e4\u00e4nn\u00f6llinen kalibrointi<\/strong><\/li>\n<\/ol>\n<p>Varmista, ett\u00e4 alkometrien myyj\u00e4 voi tarjota helpon ja luotettavan kalibrointipalvelun. Kolmas t\u00e4rke\u00e4 tekij\u00e4 on mittarin s\u00e4\u00e4nn\u00f6llinen kalibrointi ja se, ett\u00e4 kalibrointi tehd\u00e4\u00e4n varmasti oikein. Me Dignitalla tarjoamme helpon kalibrointipalvelun ja samalla pidennetyn takuun aina 3 vuoteen saakka.<\/p>\n<ol start=\"4\">\n<li><strong> Kuka on alkometrien valmistaja?<\/strong><\/li>\n<\/ol>\n<p>Kun valitset luotettavaa alkometrien valmistajaa ja toimittajaa, niin suosittelemme tarkastelemaan yrityksi\u00e4, jotka valmistavat my\u00f6s tuotteita kuten\u00a0<a href=\"https:\/\/www.dignita.com\/fi\/dignita-al-100\">alkolukot<\/a>. Me Dignitalla valmistamme my\u00f6s Trafin hyv\u00e4ksymi\u00e4 alkolukkoja ja k\u00e4yt\u00e4mme samaa tietotaitoa sek\u00e4 teknologiaa my\u00f6s alkometreiss\u00e4mme.<\/p>\n<p>&nbsp;<\/p>\n<p><strong>Hy\u00f6dynn\u00e4 yhteens\u00e4 49\u20ac alennus alkometrist\u00e4 koodilla: dignita49\u00a0 &#8211; Kampanja voimassa 19.12.2019-31.12.2019 saakka &#8211; Koodilla saat my\u00f6s ilmaisen toimituksen!<\/strong><strong><\/p>\n<p><\/strong><\/p>\n<p><strong>\u00a0\u00a0\u00a0\u00a0\u00a0\u00a0\u00a0\u00a0\u00a0\u00a0\u00a0\u00a0\u00a0\u00a0\u00a0\u00a0\u00a0\u00a0\u00a0\u00a0\u00a0\u00a0\u00a0<\/strong><\/p>\n<h2>K\u00c4YT\u00d6SS\u00c4 HUOMIOITAVIA SEIKKOJA<\/h2>\n<p>Vaikka hankittu alkometri olisi hyv\u00e4, sen k\u00e4yt\u00f6ss\u00e4 pit\u00e4\u00e4 ottaa huomioon joitakin t\u00e4rkeit\u00e4 seikkoja.<\/p>\n<ol>\n<li><strong> Odota 10\u201315 minuuttia ennen puhaltamista<\/strong><\/li>\n<\/ol>\n<p>Ennen alkometriin puhaltamista pit\u00e4\u00e4 varmistaa, ett\u00e4 suussa ei ole alkoholia. Jos k\u00e4ytt\u00e4j\u00e4 on juonut jotakin alkoholipitoista 10\u201315 minuutin kuluessa, vaikka kyseess\u00e4 olisi vain ykk\u00f6solut, alkometriin ei pid\u00e4 puhaltaa.<\/p>\n<p>Monet ottavat alkometrinsa esiin juhlissa ja juovat jotakin v\u00e4kev\u00e4\u00e4 juuri ennen mittariin puhaltamista. Silloin tulos on eritt\u00e4in korkea, mutta se ei vastaa veren alkoholipitoisuutta, vaan vain suun alkoholitasoa. Lis\u00e4ksi alkometrin kalibrointi voi t\u00e4ll\u00f6in menn\u00e4 pilalle, jolloin alkometri on l\u00e4hetett\u00e4v\u00e4 uudelleen kalibroitavaksi, jotta sen antamiin tuloksiin voi luottaa.<\/p>\n<ol start=\"2\">\n<li><strong> Ole tarkkana yksikk\u00f6jen kanssa<\/strong><\/li>\n<\/ol>\n<p>Monet sekoittavat mg\/l- ja promillelukemat. Mg\/l-yksikk\u00f6\u00e4 k\u00e4ytet\u00e4\u00e4n mitattaessa puhallusn\u00e4ytett\u00e4. Promilleja k\u00e4ytet\u00e4\u00e4n mitattaessa veren alkoholipitoisuutta. Suomen rikoslain mukaan kuljettaja syyllistyy rattijuopumukseen kuljettaessaan moottorik\u00e4ytt\u00f6ist\u00e4 ajoneuvoa tai raitiovaunua nautittuaan alkoholia niin, ett\u00e4 h\u00e4nen verens\u00e4 alkoholipitoisuus ajon aikana tai sen j\u00e4lkeen on v\u00e4hint\u00e4\u00e4n 0,5 promillea tai ett\u00e4 h\u00e4nell\u00e4 t\u00e4ll\u00f6in on v\u00e4hint\u00e4\u00e4n 0,25 milligrammaa alkoholia litrassa uloshengitysilmaa. Raja on sama ilma- ja junaliikennejuopumuksessa, mutta vesiliikennejuopumuksessa se on 1,0 promillea (0,50 mg\/l). N\u00e4m\u00e4 kaksi tasoa vastaavat toisiaan alkoholin vaikutuksen suhteen.<\/p>\n<p>Eri mittayksikk\u00f6jen sekoittaminen toisiinsa on eritt\u00e4in yleist\u00e4 ja onkin t\u00e4rke\u00e4\u00e4, ett\u00e4 k\u00e4ytt\u00e4j\u00e4 tiet\u00e4\u00e4 eron. Jos alkometri n\u00e4ytt\u00e4\u00e4 vain arvon, mutta ei yksikk\u00f6\u00e4 (milligrammaa litrassa tai promillea), k\u00e4ytt\u00e4j\u00e4 voi uskoa, ett\u00e4 h\u00e4nen humalatilansa on vain puolet siit\u00e4, mit\u00e4 se todellisuudessa on.<\/p>\n<p><strong>Autamme mielell\u00e4mme sinua valitsemaan oikean alkometrin, jotta voisit olla varma. Tavoitat meid\u00e4t parhaiten puhelimitse\u00a0<\/strong><a href=\"tel:0102353879\"><strong>010-235 3879<\/strong><\/a><strong>\u00a0tai s\u00e4hk\u00f6postilla info(\u00e4t)dignita.fi &#8211; Puhelun hinta normaali PVM ta MPH (ei piilotettuja kuluja).<\/strong><\/p>\n<p>&nbsp;<\/p>\n","protected":false},"excerpt":{"rendered":"<p>V\u00c4LT\u00c4 N\u00c4M\u00c4 3 VIRHETT\u00c4 ALKOMETRIN HANKINNASSA Laitteen huolto -&gt; On eritt\u00e4in t\u00e4rke\u00e4\u00e4 selvitt\u00e4\u00e4, ett\u00e4 millainen huolto- ja kalibrointipalvelu hankittavalle alkometrille l\u00f6ytyy. Eth\u00e4n hankkisi sellaista autoa, jolle ei ole saatavilla helposti korjausta ja vuosihuoltoa? Luotettavuus -&gt; Varmista, ett\u00e4 hankkimallesi laitteelle on puolueettomia arvioita ja mahdollisesti laboratoriotestej\u00e4. Takuu -&gt; Mik\u00e4li laitteelle my\u00f6nnet\u00e4\u00e4n pitk\u00e4 takuu, niin se luo [&hellip;]<\/p>\n","protected":false},"author":2,"featured_media":0,"parent":1160,"menu_order":0,"comment_status":"closed","ping_status":"closed","template":"","meta":{"_acf_changed":false,"footnotes":""},"class_list":["post-1243","page","type-page","status-publish","hentry"],"acf":[],"yoast_head":"<!-- This site is optimized with the Yoast SEO plugin v27.3 - https:\/\/yoast.com\/product\/yoast-seo-wordpress\/ -->\n<title>Ostoneuvoja - Dignita<\/title>\n<meta name=\"robots\" content=\"index, follow, max-snippet:-1, max-image-preview:large, max-video-preview:-1\" \/>\n<link rel=\"canonical\" href=\"https:\/\/dignita.com\/fi\/yhteystiedot\/ostoneuvoja\/\" \/>\n<meta property=\"og:locale\" content=\"fi_FI\" \/>\n<meta property=\"og:type\" content=\"article\" \/>\n<meta property=\"og:title\" content=\"Ostoneuvoja - Dignita\" \/>\n<meta property=\"og:description\" content=\"V\u00c4LT\u00c4 N\u00c4M\u00c4 3 VIRHETT\u00c4 ALKOMETRIN HANKINNASSA Laitteen huolto -&gt; On eritt\u00e4in t\u00e4rke\u00e4\u00e4 selvitt\u00e4\u00e4, ett\u00e4 millainen huolto- ja kalibrointipalvelu hankittavalle alkometrille l\u00f6ytyy. Eth\u00e4n hankkisi sellaista autoa, jolle ei ole saatavilla helposti korjausta ja vuosihuoltoa? Luotettavuus -&gt; Varmista, ett\u00e4 hankkimallesi laitteelle on puolueettomia arvioita ja mahdollisesti laboratoriotestej\u00e4. Takuu -&gt; Mik\u00e4li laitteelle my\u00f6nnet\u00e4\u00e4n pitk\u00e4 takuu, niin se luo [&hellip;]\" \/>\n<meta property=\"og:url\" content=\"https:\/\/dignita.com\/fi\/yhteystiedot\/ostoneuvoja\/\" \/>\n<meta property=\"og:site_name\" content=\"Dignita\" \/>\n<meta property=\"article:modified_time\" content=\"2020-08-18T11:20:40+00:00\" \/>\n<meta name=\"twitter:card\" content=\"summary_large_image\" \/>\n<meta name=\"twitter:label1\" content=\"Est. reading time\" \/>\n\t<meta name=\"twitter:data1\" content=\"4 minutes\" \/>\n<script type=\"application\/ld+json\" class=\"yoast-schema-graph\">{\"@context\":\"https:\\\/\\\/schema.org\",\"@graph\":[{\"@type\":\"WebPage\",\"@id\":\"https:\\\/\\\/dignita.com\\\/fi\\\/yhteystiedot\\\/ostoneuvoja\\\/\",\"url\":\"https:\\\/\\\/dignita.com\\\/fi\\\/yhteystiedot\\\/ostoneuvoja\\\/\",\"name\":\"Ostoneuvoja - Dignita\",\"isPartOf\":{\"@id\":\"https:\\\/\\\/dignita.com\\\/#website\"},\"datePublished\":\"2020-04-14T10:51:28+00:00\",\"dateModified\":\"2020-08-18T11:20:40+00:00\",\"breadcrumb\":{\"@id\":\"https:\\\/\\\/dignita.com\\\/fi\\\/yhteystiedot\\\/ostoneuvoja\\\/#breadcrumb\"},\"inLanguage\":\"fi\",\"potentialAction\":[{\"@type\":\"ReadAction\",\"target\":[\"https:\\\/\\\/dignita.com\\\/fi\\\/yhteystiedot\\\/ostoneuvoja\\\/\"]}]},{\"@type\":\"BreadcrumbList\",\"@id\":\"https:\\\/\\\/dignita.com\\\/fi\\\/yhteystiedot\\\/ostoneuvoja\\\/#breadcrumb\",\"itemListElement\":[{\"@type\":\"ListItem\",\"position\":1,\"name\":\"Home\",\"item\":\"https:\\\/\\\/dignita.com\\\/fi\\\/\"},{\"@type\":\"ListItem\",\"position\":2,\"name\":\"YHTEYSTIEDOT\",\"item\":\"https:\\\/\\\/dignita.com\\\/fi\\\/yhteystiedot\\\/\"},{\"@type\":\"ListItem\",\"position\":3,\"name\":\"Ostoneuvoja\"}]},{\"@type\":\"WebSite\",\"@id\":\"https:\\\/\\\/dignita.com\\\/#website\",\"url\":\"https:\\\/\\\/dignita.com\\\/\",\"name\":\"Dignita\",\"description\":\"\",\"potentialAction\":[{\"@type\":\"SearchAction\",\"target\":{\"@type\":\"EntryPoint\",\"urlTemplate\":\"https:\\\/\\\/dignita.com\\\/?s={search_term_string}\"},\"query-input\":{\"@type\":\"PropertyValueSpecification\",\"valueRequired\":true,\"valueName\":\"search_term_string\"}}],\"inLanguage\":\"fi\"}]}<\/script>\n<!-- \/ Yoast SEO plugin. -->","yoast_head_json":{"title":"Ostoneuvoja - Dignita","robots":{"index":"index","follow":"follow","max-snippet":"max-snippet:-1","max-image-preview":"max-image-preview:large","max-video-preview":"max-video-preview:-1"},"canonical":"https:\/\/dignita.com\/fi\/yhteystiedot\/ostoneuvoja\/","og_locale":"fi_FI","og_type":"article","og_title":"Ostoneuvoja - Dignita","og_description":"V\u00c4LT\u00c4 N\u00c4M\u00c4 3 VIRHETT\u00c4 ALKOMETRIN HANKINNASSA Laitteen huolto -&gt; On eritt\u00e4in t\u00e4rke\u00e4\u00e4 selvitt\u00e4\u00e4, ett\u00e4 millainen huolto- ja kalibrointipalvelu hankittavalle alkometrille l\u00f6ytyy. Eth\u00e4n hankkisi sellaista autoa, jolle ei ole saatavilla helposti korjausta ja vuosihuoltoa? Luotettavuus -&gt; Varmista, ett\u00e4 hankkimallesi laitteelle on puolueettomia arvioita ja mahdollisesti laboratoriotestej\u00e4. Takuu -&gt; Mik\u00e4li laitteelle my\u00f6nnet\u00e4\u00e4n pitk\u00e4 takuu, niin se luo [&hellip;]","og_url":"https:\/\/dignita.com\/fi\/yhteystiedot\/ostoneuvoja\/","og_site_name":"Dignita","article_modified_time":"2020-08-18T11:20:40+00:00","twitter_card":"summary_large_image","twitter_misc":{"Est. reading time":"4 minutes"},"schema":{"@context":"https:\/\/schema.org","@graph":[{"@type":"WebPage","@id":"https:\/\/dignita.com\/fi\/yhteystiedot\/ostoneuvoja\/","url":"https:\/\/dignita.com\/fi\/yhteystiedot\/ostoneuvoja\/","name":"Ostoneuvoja - Dignita","isPartOf":{"@id":"https:\/\/dignita.com\/#website"},"datePublished":"2020-04-14T10:51:28+00:00","dateModified":"2020-08-18T11:20:40+00:00","breadcrumb":{"@id":"https:\/\/dignita.com\/fi\/yhteystiedot\/ostoneuvoja\/#breadcrumb"},"inLanguage":"fi","potentialAction":[{"@type":"ReadAction","target":["https:\/\/dignita.com\/fi\/yhteystiedot\/ostoneuvoja\/"]}]},{"@type":"BreadcrumbList","@id":"https:\/\/dignita.com\/fi\/yhteystiedot\/ostoneuvoja\/#breadcrumb","itemListElement":[{"@type":"ListItem","position":1,"name":"Home","item":"https:\/\/dignita.com\/fi\/"},{"@type":"ListItem","position":2,"name":"YHTEYSTIEDOT","item":"https:\/\/dignita.com\/fi\/yhteystiedot\/"},{"@type":"ListItem","position":3,"name":"Ostoneuvoja"}]},{"@type":"WebSite","@id":"https:\/\/dignita.com\/#website","url":"https:\/\/dignita.com\/","name":"Dignita","description":"","potentialAction":[{"@type":"SearchAction","target":{"@type":"EntryPoint","urlTemplate":"https:\/\/dignita.com\/?s={search_term_string}"},"query-input":{"@type":"PropertyValueSpecification","valueRequired":true,"valueName":"search_term_string"}}],"inLanguage":"fi"}]}},"_links":{"self":[{"href":"https:\/\/dignita.com\/fi\/wp-json\/wp\/v2\/pages\/1243","targetHints":{"allow":["GET"]}}],"collection":[{"href":"https:\/\/dignita.com\/fi\/wp-json\/wp\/v2\/pages"}],"about":[{"href":"https:\/\/dignita.com\/fi\/wp-json\/wp\/v2\/types\/page"}],"author":[{"embeddable":true,"href":"https:\/\/dignita.com\/fi\/wp-json\/wp\/v2\/users\/2"}],"replies":[{"embeddable":true,"href":"https:\/\/dignita.com\/fi\/wp-json\/wp\/v2\/comments?post=1243"}],"version-history":[{"count":1,"href":"https:\/\/dignita.com\/fi\/wp-json\/wp\/v2\/pages\/1243\/revisions"}],"predecessor-version":[{"id":1244,"href":"https:\/\/dignita.com\/fi\/wp-json\/wp\/v2\/pages\/1243\/revisions\/1244"}],"up":[{"embeddable":true,"href":"https:\/\/dignita.com\/fi\/wp-json\/wp\/v2\/pages\/1160"}],"wp:attachment":[{"href":"https:\/\/dignita.com\/fi\/wp-json\/wp\/v2\/media?parent=1243"}],"curies":[{"name":"wp","href":"https:\/\/api.w.org\/{rel}","templated":true}]}}