{"id":2586,"date":"2022-02-17T12:25:50","date_gmt":"2022-02-17T11:25:50","guid":{"rendered":"https:\/\/dignita.com\/?page_id=2586"},"modified":"2023-12-07T17:22:39","modified_gmt":"2023-12-07T16:22:39","slug":"vaihtotarjous-vanhasta-alkolukosta","status":"publish","type":"page","link":"https:\/\/dignita.com\/fi\/vaihtotarjous-vanhasta-alkolukosta\/","title":{"rendered":"Reilu vaihtotarjous yrityksille \u2013 Vaihda vanha alkolukko uuteen"},"content":{"rendered":"<blockquote><p><span style=\"font-weight: 400;\">Mitk\u00e4 alkolukot ovat hyv\u00e4ksyttyj\u00e4 nyt ja tulevaisuudessa? Kuinka pitk\u00e4\u00e4n vanhojen alkolukkojen tuki on voimassa? <\/span><\/p><\/blockquote>\n<p><span style=\"font-weight: 400;\">Alkolukko on huollettava ja kalibroitava vuosittain. Tekniikaltaan vanhemmat alkolukot alkavat olla pian tiens\u00e4 p\u00e4\u00e4ss\u00e4. <\/span><span style=\"font-weight: 400;\">Vanhempiin laitteisiin ei saa en\u00e4\u00e4 pitk\u00e4\u00e4n huoltotukea tai varaosia ongelmatilanteissa.<\/span><\/p>\n<p>Pyyd\u00e4 nyt vaihtotarjous ja olet oikeutettu hy\u00f6dynt\u00e4m\u00e4\u00e4n poikkeuksellisen hyv\u00e4n edun viel\u00e4 31.12.2022 saakka.<\/p>\n<p><strong>Vaihtotarjouksemme sis\u00e4lt\u00e4\u00e4:<\/strong><\/p>\n<ul>\n<li><a href=\"https:\/\/dignita.com\/fi\/products\/dignita-al-100-alkolukko\/\">Dignita AL-100 alkolukko<\/a><\/li>\n<li>Alkolukon asennus vanhan laitteen tilalle<\/li>\n<li>Reilu hyvitys vanhasta alkolukosta<\/li>\n<li>10 + 50 kpl suukappaleita<\/li>\n<li>Avaimenper\u00e4pidike yhdelle suukappaleelle<\/li>\n<li>Alkolukon puhdistussuihke (alkoholiton)<\/li>\n<\/ul>\n<p>Saat vaihtotarjouksen Dignita AL-100 alkolukosta asennettuna vanhan laitteen tilalle. Dignita AL-100 on suunniteltu tietysti my\u00f6s yhteensopivaksi s\u00e4hk\u00f6- ja hybridiajoneuvoille. Laite on hyv\u00e4ksytty uusimmalla standardilla, joten se on pitk\u00e4ik\u00e4inen kumppani kalustoosi.<\/p>\n\n<div class=\"wpcf7 no-js\" id=\"wpcf7-f2585-o1\" lang=\"en-US\" dir=\"ltr\" data-wpcf7-id=\"2585\">\n<div class=\"screen-reader-response\"><p role=\"status\" aria-live=\"polite\" aria-atomic=\"true\"><\/p> <ul><\/ul><\/div>\n<form action=\"\/fi\/wp-json\/wp\/v2\/pages\/2586#wpcf7-f2585-o1\" method=\"post\" class=\"wpcf7-form init\" aria-label=\"Contact form\" novalidate=\"novalidate\" data-status=\"init\">\n<fieldset class=\"hidden-fields-container\"><input type=\"hidden\" name=\"_wpcf7\" value=\"2585\" \/><input type=\"hidden\" name=\"_wpcf7_version\" value=\"6.1.5\" \/><input type=\"hidden\" name=\"_wpcf7_locale\" value=\"en_US\" \/><input type=\"hidden\" name=\"_wpcf7_unit_tag\" value=\"wpcf7-f2585-o1\" \/><input type=\"hidden\" name=\"_wpcf7_container_post\" value=\"0\" \/><input type=\"hidden\" name=\"_wpcf7_posted_data_hash\" value=\"\" \/><input type=\"hidden\" name=\"_wpcf7_recaptcha_response\" value=\"\" \/>\n<\/fieldset>\n<p><label> Yritys<br \/>\n<span class=\"wpcf7-form-control-wrap\" data-name=\"your-name\"><input size=\"40\" maxlength=\"400\" class=\"wpcf7-form-control wpcf7-text wpcf7-validates-as-required\" aria-required=\"true\" aria-invalid=\"false\" value=\"\" type=\"text\" name=\"your-name\" \/><\/span> <\/label>\n<\/p>\n<p><label> S\u00e4hk\u00f6posti<br \/>\n<span class=\"wpcf7-form-control-wrap\" data-name=\"your-subject1\"><input size=\"40\" maxlength=\"400\" class=\"wpcf7-form-control wpcf7-text wpcf7-validates-as-required\" aria-required=\"true\" aria-invalid=\"false\" value=\"\" type=\"text\" name=\"your-subject1\" \/><\/span> <\/label>\n<\/p>\n<p><label> Puhelinnumero<br \/>\n<span class=\"wpcf7-form-control-wrap\" data-name=\"your-subject2\"><input size=\"40\" maxlength=\"400\" class=\"wpcf7-form-control wpcf7-text wpcf7-validates-as-required\" aria-required=\"true\" aria-invalid=\"false\" value=\"\" type=\"text\" name=\"your-subject2\" \/><\/span> <\/label>\n<\/p>\n<p><label> Vanhojen alkolukkojen merkki\/merkit<br \/>\n<span class=\"wpcf7-form-control-wrap\" data-name=\"your-subject3\"><input size=\"40\" maxlength=\"400\" class=\"wpcf7-form-control wpcf7-text wpcf7-validates-as-required\" aria-required=\"true\" aria-invalid=\"false\" value=\"\" type=\"text\" name=\"your-subject3\" \/><\/span> <\/label>\n<\/p>\n<p><label> Millaisessa k\u00e4yt\u00f6ss\u00e4 alkolukot ovat olleet? (Raskas kalusto, bussi, taksi)<br \/>\n<span class=\"wpcf7-form-control-wrap\" data-name=\"your-subject4\"><input size=\"40\" maxlength=\"400\" class=\"wpcf7-form-control wpcf7-text wpcf7-validates-as-required\" aria-required=\"true\" aria-invalid=\"false\" value=\"\" type=\"text\" name=\"your-subject4\" \/><\/span><\/label>\n<\/p>\n<p><label> Montako alkolukkoa tarvitsette?<br \/>\n<span class=\"wpcf7-form-control-wrap\" data-name=\"your-subject5\"><input size=\"40\" maxlength=\"400\" class=\"wpcf7-form-control wpcf7-text wpcf7-validates-as-required\" aria-required=\"true\" aria-invalid=\"false\" value=\"\" type=\"text\" name=\"your-subject5\" \/><\/span><\/label>\n<\/p>\n<p><label> Lis\u00e4tiedot (optional)<br \/>\n<span class=\"wpcf7-form-control-wrap\" data-name=\"your-message\"><textarea cols=\"40\" rows=\"10\" maxlength=\"2000\" class=\"wpcf7-form-control wpcf7-textarea\" aria-invalid=\"false\" name=\"your-message\"><\/textarea><\/span> <\/label>\n<\/p>\n<p><input class=\"wpcf7-form-control wpcf7-submit has-spinner\" type=\"submit\" value=\"Pyyd\u00e4 tarjous!\" \/>\n<\/p><div class=\"wpcf7-response-output\" aria-hidden=\"true\"><\/div>\n<\/form>\n<\/div>\n\n<p>* Vaihtotarjous on voimassa vain yritysasiakkaille. Vaihtotarjous ei koske valvotun ajo-oikeuden k\u00e4yt\u00f6ss\u00e4 olevia alkolukkoja.<\/p>\n","protected":false},"excerpt":{"rendered":"<p>Mitk\u00e4 alkolukot ovat hyv\u00e4ksyttyj\u00e4 nyt ja tulevaisuudessa? Kuinka pitk\u00e4\u00e4n vanhojen alkolukkojen tuki on voimassa? Alkolukko on huollettava ja kalibroitava vuosittain. Tekniikaltaan vanhemmat alkolukot alkavat olla pian tiens\u00e4 p\u00e4\u00e4ss\u00e4. Vanhempiin laitteisiin ei saa en\u00e4\u00e4 pitk\u00e4\u00e4n huoltotukea tai varaosia ongelmatilanteissa. Pyyd\u00e4 nyt vaihtotarjous ja olet oikeutettu hy\u00f6dynt\u00e4m\u00e4\u00e4n poikkeuksellisen hyv\u00e4n edun viel\u00e4 31.12.2022 saakka. Vaihtotarjouksemme sis\u00e4lt\u00e4\u00e4: Dignita AL-100 [&hellip;]<\/p>\n","protected":false},"author":12,"featured_media":2612,"parent":0,"menu_order":0,"comment_status":"closed","ping_status":"closed","template":"","meta":{"_acf_changed":false,"footnotes":""},"class_list":["post-2586","page","type-page","status-publish","has-post-thumbnail","hentry"],"acf":[],"yoast_head":"<!-- This site is optimized with the Yoast SEO plugin v27.3 - https:\/\/yoast.com\/product\/yoast-seo-wordpress\/ -->\n<title>Alkolukon vaihtotarjous yrityksille - Dignita<\/title>\n<meta name=\"description\" content=\"Pyyd\u00e4 nyt alkolukon vaihtotarjous ja voit hy\u00f6dynt\u00e4\u00e4 poikkeuksellisen hyv\u00e4n edun! Uusi Dignita AL-100 alkolukko vanhan laitteesi tilalle!\" \/>\n<meta name=\"robots\" content=\"index, follow, max-snippet:-1, max-image-preview:large, max-video-preview:-1\" \/>\n<link rel=\"canonical\" href=\"https:\/\/dignita.com\/fi\/vaihtotarjous-vanhasta-alkolukosta\/\" \/>\n<meta property=\"og:locale\" content=\"fi_FI\" \/>\n<meta property=\"og:type\" content=\"article\" \/>\n<meta property=\"og:title\" content=\"Alkolukon vaihtotarjous yrityksille - Dignita\" \/>\n<meta property=\"og:description\" content=\"Pyyd\u00e4 nyt alkolukon vaihtotarjous ja voit hy\u00f6dynt\u00e4\u00e4 poikkeuksellisen hyv\u00e4n edun! Uusi Dignita AL-100 alkolukko vanhan laitteesi tilalle!\" \/>\n<meta property=\"og:url\" content=\"https:\/\/dignita.com\/fi\/vaihtotarjous-vanhasta-alkolukosta\/\" \/>\n<meta property=\"og:site_name\" content=\"Dignita\" \/>\n<meta property=\"article:modified_time\" content=\"2023-12-07T16:22:39+00:00\" \/>\n<meta property=\"og:image\" content=\"https:\/\/dignita.com\/app\/uploads\/2022\/03\/reilu-vaihtohyvitys-2000x2000-01.png\" \/>\n\t<meta property=\"og:image:width\" content=\"4167\" \/>\n\t<meta property=\"og:image:height\" content=\"4168\" \/>\n\t<meta property=\"og:image:type\" content=\"image\/png\" \/>\n<meta name=\"twitter:card\" content=\"summary_large_image\" \/>\n<meta name=\"twitter:label1\" content=\"Est. reading time\" \/>\n\t<meta name=\"twitter:data1\" content=\"1 minute\" \/>\n<script type=\"application\/ld+json\" class=\"yoast-schema-graph\">{\"@context\":\"https:\\\/\\\/schema.org\",\"@graph\":[{\"@type\":\"WebPage\",\"@id\":\"https:\\\/\\\/dignita.com\\\/fi\\\/vaihtotarjous-vanhasta-alkolukosta\\\/\",\"url\":\"https:\\\/\\\/dignita.com\\\/fi\\\/vaihtotarjous-vanhasta-alkolukosta\\\/\",\"name\":\"Alkolukon vaihtotarjous yrityksille - Dignita\",\"isPartOf\":{\"@id\":\"https:\\\/\\\/dignita.com\\\/#website\"},\"primaryImageOfPage\":{\"@id\":\"https:\\\/\\\/dignita.com\\\/fi\\\/vaihtotarjous-vanhasta-alkolukosta\\\/#primaryimage\"},\"image\":{\"@id\":\"https:\\\/\\\/dignita.com\\\/fi\\\/vaihtotarjous-vanhasta-alkolukosta\\\/#primaryimage\"},\"thumbnailUrl\":\"https:\\\/\\\/dignita.com\\\/app\\\/uploads\\\/2022\\\/03\\\/reilu-vaihtohyvitys-2000x2000-01.png\",\"datePublished\":\"2022-02-17T11:25:50+00:00\",\"dateModified\":\"2023-12-07T16:22:39+00:00\",\"description\":\"Pyyd\u00e4 nyt alkolukon vaihtotarjous ja voit hy\u00f6dynt\u00e4\u00e4 poikkeuksellisen hyv\u00e4n edun! Uusi Dignita AL-100 alkolukko vanhan laitteesi tilalle!\",\"breadcrumb\":{\"@id\":\"https:\\\/\\\/dignita.com\\\/fi\\\/vaihtotarjous-vanhasta-alkolukosta\\\/#breadcrumb\"},\"inLanguage\":\"fi\",\"potentialAction\":[{\"@type\":\"ReadAction\",\"target\":[\"https:\\\/\\\/dignita.com\\\/fi\\\/vaihtotarjous-vanhasta-alkolukosta\\\/\"]}]},{\"@type\":\"ImageObject\",\"inLanguage\":\"fi\",\"@id\":\"https:\\\/\\\/dignita.com\\\/fi\\\/vaihtotarjous-vanhasta-alkolukosta\\\/#primaryimage\",\"url\":\"https:\\\/\\\/dignita.com\\\/app\\\/uploads\\\/2022\\\/03\\\/reilu-vaihtohyvitys-2000x2000-01.png\",\"contentUrl\":\"https:\\\/\\\/dignita.com\\\/app\\\/uploads\\\/2022\\\/03\\\/reilu-vaihtohyvitys-2000x2000-01.png\",\"width\":4167,\"height\":4168,\"caption\":\"Vaihda vanha alkolukko\"},{\"@type\":\"BreadcrumbList\",\"@id\":\"https:\\\/\\\/dignita.com\\\/fi\\\/vaihtotarjous-vanhasta-alkolukosta\\\/#breadcrumb\",\"itemListElement\":[{\"@type\":\"ListItem\",\"position\":1,\"name\":\"Home\",\"item\":\"https:\\\/\\\/dignita.com\\\/fi\\\/\"},{\"@type\":\"ListItem\",\"position\":2,\"name\":\"Reilu vaihtotarjous yrityksille \u2013 Vaihda vanha alkolukko uuteen\"}]},{\"@type\":\"WebSite\",\"@id\":\"https:\\\/\\\/dignita.com\\\/#website\",\"url\":\"https:\\\/\\\/dignita.com\\\/\",\"name\":\"Dignita\",\"description\":\"\",\"potentialAction\":[{\"@type\":\"SearchAction\",\"target\":{\"@type\":\"EntryPoint\",\"urlTemplate\":\"https:\\\/\\\/dignita.com\\\/?s={search_term_string}\"},\"query-input\":{\"@type\":\"PropertyValueSpecification\",\"valueRequired\":true,\"valueName\":\"search_term_string\"}}],\"inLanguage\":\"fi\"}]}<\/script>\n<!-- \/ Yoast SEO plugin. -->","yoast_head_json":{"title":"Alkolukon vaihtotarjous yrityksille - Dignita","description":"Pyyd\u00e4 nyt alkolukon vaihtotarjous ja voit hy\u00f6dynt\u00e4\u00e4 poikkeuksellisen hyv\u00e4n edun! Uusi Dignita AL-100 alkolukko vanhan laitteesi tilalle!","robots":{"index":"index","follow":"follow","max-snippet":"max-snippet:-1","max-image-preview":"max-image-preview:large","max-video-preview":"max-video-preview:-1"},"canonical":"https:\/\/dignita.com\/fi\/vaihtotarjous-vanhasta-alkolukosta\/","og_locale":"fi_FI","og_type":"article","og_title":"Alkolukon vaihtotarjous yrityksille - Dignita","og_description":"Pyyd\u00e4 nyt alkolukon vaihtotarjous ja voit hy\u00f6dynt\u00e4\u00e4 poikkeuksellisen hyv\u00e4n edun! Uusi Dignita AL-100 alkolukko vanhan laitteesi tilalle!","og_url":"https:\/\/dignita.com\/fi\/vaihtotarjous-vanhasta-alkolukosta\/","og_site_name":"Dignita","article_modified_time":"2023-12-07T16:22:39+00:00","og_image":[{"width":4167,"height":4168,"url":"https:\/\/dignita.com\/app\/uploads\/2022\/03\/reilu-vaihtohyvitys-2000x2000-01.png","type":"image\/png"}],"twitter_card":"summary_large_image","twitter_misc":{"Est. reading time":"1 minute"},"schema":{"@context":"https:\/\/schema.org","@graph":[{"@type":"WebPage","@id":"https:\/\/dignita.com\/fi\/vaihtotarjous-vanhasta-alkolukosta\/","url":"https:\/\/dignita.com\/fi\/vaihtotarjous-vanhasta-alkolukosta\/","name":"Alkolukon vaihtotarjous yrityksille - Dignita","isPartOf":{"@id":"https:\/\/dignita.com\/#website"},"primaryImageOfPage":{"@id":"https:\/\/dignita.com\/fi\/vaihtotarjous-vanhasta-alkolukosta\/#primaryimage"},"image":{"@id":"https:\/\/dignita.com\/fi\/vaihtotarjous-vanhasta-alkolukosta\/#primaryimage"},"thumbnailUrl":"https:\/\/dignita.com\/app\/uploads\/2022\/03\/reilu-vaihtohyvitys-2000x2000-01.png","datePublished":"2022-02-17T11:25:50+00:00","dateModified":"2023-12-07T16:22:39+00:00","description":"Pyyd\u00e4 nyt alkolukon vaihtotarjous ja voit hy\u00f6dynt\u00e4\u00e4 poikkeuksellisen hyv\u00e4n edun! Uusi Dignita AL-100 alkolukko vanhan laitteesi tilalle!","breadcrumb":{"@id":"https:\/\/dignita.com\/fi\/vaihtotarjous-vanhasta-alkolukosta\/#breadcrumb"},"inLanguage":"fi","potentialAction":[{"@type":"ReadAction","target":["https:\/\/dignita.com\/fi\/vaihtotarjous-vanhasta-alkolukosta\/"]}]},{"@type":"ImageObject","inLanguage":"fi","@id":"https:\/\/dignita.com\/fi\/vaihtotarjous-vanhasta-alkolukosta\/#primaryimage","url":"https:\/\/dignita.com\/app\/uploads\/2022\/03\/reilu-vaihtohyvitys-2000x2000-01.png","contentUrl":"https:\/\/dignita.com\/app\/uploads\/2022\/03\/reilu-vaihtohyvitys-2000x2000-01.png","width":4167,"height":4168,"caption":"Vaihda vanha alkolukko"},{"@type":"BreadcrumbList","@id":"https:\/\/dignita.com\/fi\/vaihtotarjous-vanhasta-alkolukosta\/#breadcrumb","itemListElement":[{"@type":"ListItem","position":1,"name":"Home","item":"https:\/\/dignita.com\/fi\/"},{"@type":"ListItem","position":2,"name":"Reilu vaihtotarjous yrityksille \u2013 Vaihda vanha alkolukko uuteen"}]},{"@type":"WebSite","@id":"https:\/\/dignita.com\/#website","url":"https:\/\/dignita.com\/","name":"Dignita","description":"","potentialAction":[{"@type":"SearchAction","target":{"@type":"EntryPoint","urlTemplate":"https:\/\/dignita.com\/?s={search_term_string}"},"query-input":{"@type":"PropertyValueSpecification","valueRequired":true,"valueName":"search_term_string"}}],"inLanguage":"fi"}]}},"_links":{"self":[{"href":"https:\/\/dignita.com\/fi\/wp-json\/wp\/v2\/pages\/2586","targetHints":{"allow":["GET"]}}],"collection":[{"href":"https:\/\/dignita.com\/fi\/wp-json\/wp\/v2\/pages"}],"about":[{"href":"https:\/\/dignita.com\/fi\/wp-json\/wp\/v2\/types\/page"}],"author":[{"embeddable":true,"href":"https:\/\/dignita.com\/fi\/wp-json\/wp\/v2\/users\/12"}],"replies":[{"embeddable":true,"href":"https:\/\/dignita.com\/fi\/wp-json\/wp\/v2\/comments?post=2586"}],"version-history":[{"count":13,"href":"https:\/\/dignita.com\/fi\/wp-json\/wp\/v2\/pages\/2586\/revisions"}],"predecessor-version":[{"id":3372,"href":"https:\/\/dignita.com\/fi\/wp-json\/wp\/v2\/pages\/2586\/revisions\/3372"}],"wp:featuredmedia":[{"embeddable":true,"href":"https:\/\/dignita.com\/fi\/wp-json\/wp\/v2\/media\/2612"}],"wp:attachment":[{"href":"https:\/\/dignita.com\/fi\/wp-json\/wp\/v2\/media?parent=2586"}],"curies":[{"name":"wp","href":"https:\/\/api.w.org\/{rel}","templated":true}]}}