{"id":461,"date":"2020-03-25T10:16:46","date_gmt":"2020-03-25T09:16:46","guid":{"rendered":"https:\/\/dignita.strateg.dev\/?page_id=461"},"modified":"2024-11-01T09:36:40","modified_gmt":"2024-11-01T08:36:40","slug":"dignita-alkolukot-ja-alkometrit-2","status":"publish","type":"page","link":"https:\/\/dignita.com\/fi\/","title":{"rendered":"Dignita alkolukot valvottuun ajo-oikeuteen sek\u00e4 ammattiliikenteeseen. Meilt\u00e4 my\u00f6s alkometrit."},"content":{"rendered":"","protected":false},"excerpt":{"rendered":"","protected":false},"author":1,"featured_media":3581,"parent":0,"menu_order":0,"comment_status":"closed","ping_status":"closed","template":"","meta":{"_acf_changed":false,"footnotes":""},"class_list":["post-461","page","type-page","status-publish","has-post-thumbnail","hentry"],"acf":[],"yoast_head":"<!-- This site is optimized with the Yoast SEO plugin v27.3 - https:\/\/yoast.com\/product\/yoast-seo-wordpress\/ -->\n<title>Alkolukot ja alkometrit - Dignita<\/title>\n<meta name=\"description\" content=\"Dignita AL-100 on uuden sukupolven alkolukko ja yksi markkinoiden luotettavimmista, k\u00e4ytt\u00e4j\u00e4yst\u00e4v\u00e4llisimmist\u00e4 ja edullisimmista alkolukoista.\" \/>\n<meta name=\"robots\" content=\"index, follow, max-snippet:-1, max-image-preview:large, max-video-preview:-1\" \/>\n<link rel=\"canonical\" href=\"https:\/\/dignita.com\/fi\/\" \/>\n<meta property=\"og:locale\" content=\"fi_FI\" \/>\n<meta property=\"og:type\" content=\"article\" \/>\n<meta property=\"og:title\" content=\"Alkolukot ja alkometrit - Dignita\" \/>\n<meta property=\"og:description\" content=\"Dignita AL-100 on uuden sukupolven alkolukko ja yksi markkinoiden luotettavimmista, k\u00e4ytt\u00e4j\u00e4yst\u00e4v\u00e4llisimmist\u00e4 ja edullisimmista alkolukoista.\" \/>\n<meta property=\"og:url\" content=\"https:\/\/dignita.com\/fi\/\" \/>\n<meta property=\"og:site_name\" content=\"Dignita\" \/>\n<meta property=\"article:modified_time\" content=\"2024-11-01T08:36:40+00:00\" \/>\n<meta property=\"og:image\" content=\"https:\/\/dignita.com\/app\/uploads\/2023\/02\/dignita-alkolukko.png\" \/>\n\t<meta property=\"og:image:width\" content=\"896\" \/>\n\t<meta property=\"og:image:height\" content=\"528\" \/>\n\t<meta property=\"og:image:type\" content=\"image\/png\" \/>\n<meta name=\"twitter:card\" content=\"summary_large_image\" \/>\n<meta name=\"twitter:label1\" content=\"Est. reading time\" \/>\n\t<meta name=\"twitter:data1\" content=\"1 minute\" \/>\n<script type=\"application\/ld+json\" class=\"yoast-schema-graph\">{\"@context\":\"https:\\\/\\\/schema.org\",\"@graph\":[{\"@type\":\"WebPage\",\"@id\":\"https:\\\/\\\/dignita.com\\\/fi\\\/\",\"url\":\"https:\\\/\\\/dignita.com\\\/fi\\\/\",\"name\":\"Alkolukot ja alkometrit - Dignita\",\"isPartOf\":{\"@id\":\"https:\\\/\\\/dignita.com\\\/#website\"},\"primaryImageOfPage\":{\"@id\":\"https:\\\/\\\/dignita.com\\\/fi\\\/#primaryimage\"},\"image\":{\"@id\":\"https:\\\/\\\/dignita.com\\\/fi\\\/#primaryimage\"},\"thumbnailUrl\":\"https:\\\/\\\/dignita.com\\\/app\\\/uploads\\\/2023\\\/02\\\/dignita-alkolukko.png\",\"datePublished\":\"2020-03-25T09:16:46+00:00\",\"dateModified\":\"2024-11-01T08:36:40+00:00\",\"description\":\"Dignita AL-100 on uuden sukupolven alkolukko ja yksi markkinoiden luotettavimmista, k\u00e4ytt\u00e4j\u00e4yst\u00e4v\u00e4llisimmist\u00e4 ja edullisimmista alkolukoista.\",\"breadcrumb\":{\"@id\":\"https:\\\/\\\/dignita.com\\\/fi\\\/#breadcrumb\"},\"inLanguage\":\"fi\",\"potentialAction\":[{\"@type\":\"ReadAction\",\"target\":[\"https:\\\/\\\/dignita.com\\\/fi\\\/\"]}]},{\"@type\":\"ImageObject\",\"inLanguage\":\"fi\",\"@id\":\"https:\\\/\\\/dignita.com\\\/fi\\\/#primaryimage\",\"url\":\"https:\\\/\\\/dignita.com\\\/app\\\/uploads\\\/2023\\\/02\\\/dignita-alkolukko.png\",\"contentUrl\":\"https:\\\/\\\/dignita.com\\\/app\\\/uploads\\\/2023\\\/02\\\/dignita-alkolukko.png\",\"width\":896,\"height\":528,\"caption\":\"Dignita AL-100 alkolukko autossa\"},{\"@type\":\"BreadcrumbList\",\"@id\":\"https:\\\/\\\/dignita.com\\\/fi\\\/#breadcrumb\",\"itemListElement\":[{\"@type\":\"ListItem\",\"position\":1,\"name\":\"Home\",\"item\":\"https:\\\/\\\/dignita.com\\\/fi\\\/\"},{\"@type\":\"ListItem\",\"position\":2,\"name\":\"Dignita alkolukot valvottuun ajo-oikeuteen sek\u00e4 ammattiliikenteeseen. Meilt\u00e4 my\u00f6s alkometrit.\"}]},{\"@type\":\"WebSite\",\"@id\":\"https:\\\/\\\/dignita.com\\\/#website\",\"url\":\"https:\\\/\\\/dignita.com\\\/\",\"name\":\"Dignita\",\"description\":\"\",\"potentialAction\":[{\"@type\":\"SearchAction\",\"target\":{\"@type\":\"EntryPoint\",\"urlTemplate\":\"https:\\\/\\\/dignita.com\\\/?s={search_term_string}\"},\"query-input\":{\"@type\":\"PropertyValueSpecification\",\"valueRequired\":true,\"valueName\":\"search_term_string\"}}],\"inLanguage\":\"fi\"}]}<\/script>\n<!-- \/ Yoast SEO plugin. -->","yoast_head_json":{"title":"Alkolukot ja alkometrit - Dignita","description":"Dignita AL-100 on uuden sukupolven alkolukko ja yksi markkinoiden luotettavimmista, k\u00e4ytt\u00e4j\u00e4yst\u00e4v\u00e4llisimmist\u00e4 ja edullisimmista alkolukoista.","robots":{"index":"index","follow":"follow","max-snippet":"max-snippet:-1","max-image-preview":"max-image-preview:large","max-video-preview":"max-video-preview:-1"},"canonical":"https:\/\/dignita.com\/fi\/","og_locale":"fi_FI","og_type":"article","og_title":"Alkolukot ja alkometrit - Dignita","og_description":"Dignita AL-100 on uuden sukupolven alkolukko ja yksi markkinoiden luotettavimmista, k\u00e4ytt\u00e4j\u00e4yst\u00e4v\u00e4llisimmist\u00e4 ja edullisimmista alkolukoista.","og_url":"https:\/\/dignita.com\/fi\/","og_site_name":"Dignita","article_modified_time":"2024-11-01T08:36:40+00:00","og_image":[{"width":896,"height":528,"url":"https:\/\/dignita.com\/app\/uploads\/2023\/02\/dignita-alkolukko.png","type":"image\/png"}],"twitter_card":"summary_large_image","twitter_misc":{"Est. reading time":"1 minute"},"schema":{"@context":"https:\/\/schema.org","@graph":[{"@type":"WebPage","@id":"https:\/\/dignita.com\/fi\/","url":"https:\/\/dignita.com\/fi\/","name":"Alkolukot ja alkometrit - Dignita","isPartOf":{"@id":"https:\/\/dignita.com\/#website"},"primaryImageOfPage":{"@id":"https:\/\/dignita.com\/fi\/#primaryimage"},"image":{"@id":"https:\/\/dignita.com\/fi\/#primaryimage"},"thumbnailUrl":"https:\/\/dignita.com\/app\/uploads\/2023\/02\/dignita-alkolukko.png","datePublished":"2020-03-25T09:16:46+00:00","dateModified":"2024-11-01T08:36:40+00:00","description":"Dignita AL-100 on uuden sukupolven alkolukko ja yksi markkinoiden luotettavimmista, k\u00e4ytt\u00e4j\u00e4yst\u00e4v\u00e4llisimmist\u00e4 ja edullisimmista alkolukoista.","breadcrumb":{"@id":"https:\/\/dignita.com\/fi\/#breadcrumb"},"inLanguage":"fi","potentialAction":[{"@type":"ReadAction","target":["https:\/\/dignita.com\/fi\/"]}]},{"@type":"ImageObject","inLanguage":"fi","@id":"https:\/\/dignita.com\/fi\/#primaryimage","url":"https:\/\/dignita.com\/app\/uploads\/2023\/02\/dignita-alkolukko.png","contentUrl":"https:\/\/dignita.com\/app\/uploads\/2023\/02\/dignita-alkolukko.png","width":896,"height":528,"caption":"Dignita AL-100 alkolukko autossa"},{"@type":"BreadcrumbList","@id":"https:\/\/dignita.com\/fi\/#breadcrumb","itemListElement":[{"@type":"ListItem","position":1,"name":"Home","item":"https:\/\/dignita.com\/fi\/"},{"@type":"ListItem","position":2,"name":"Dignita alkolukot valvottuun ajo-oikeuteen sek\u00e4 ammattiliikenteeseen. Meilt\u00e4 my\u00f6s alkometrit."}]},{"@type":"WebSite","@id":"https:\/\/dignita.com\/#website","url":"https:\/\/dignita.com\/","name":"Dignita","description":"","potentialAction":[{"@type":"SearchAction","target":{"@type":"EntryPoint","urlTemplate":"https:\/\/dignita.com\/?s={search_term_string}"},"query-input":{"@type":"PropertyValueSpecification","valueRequired":true,"valueName":"search_term_string"}}],"inLanguage":"fi"}]}},"_links":{"self":[{"href":"https:\/\/dignita.com\/fi\/wp-json\/wp\/v2\/pages\/461","targetHints":{"allow":["GET"]}}],"collection":[{"href":"https:\/\/dignita.com\/fi\/wp-json\/wp\/v2\/pages"}],"about":[{"href":"https:\/\/dignita.com\/fi\/wp-json\/wp\/v2\/types\/page"}],"author":[{"embeddable":true,"href":"https:\/\/dignita.com\/fi\/wp-json\/wp\/v2\/users\/1"}],"replies":[{"embeddable":true,"href":"https:\/\/dignita.com\/fi\/wp-json\/wp\/v2\/comments?post=461"}],"version-history":[{"count":67,"href":"https:\/\/dignita.com\/fi\/wp-json\/wp\/v2\/pages\/461\/revisions"}],"predecessor-version":[{"id":4443,"href":"https:\/\/dignita.com\/fi\/wp-json\/wp\/v2\/pages\/461\/revisions\/4443"}],"wp:featuredmedia":[{"embeddable":true,"href":"https:\/\/dignita.com\/fi\/wp-json\/wp\/v2\/media\/3581"}],"wp:attachment":[{"href":"https:\/\/dignita.com\/fi\/wp-json\/wp\/v2\/media?parent=461"}],"curies":[{"name":"wp","href":"https:\/\/api.w.org\/{rel}","templated":true}]}}