{"id":1524,"date":"2020-03-26T09:47:00","date_gmt":"2020-03-26T08:47:00","guid":{"rendered":"https:\/\/dignita.com\/?page_id=1524"},"modified":"2025-02-26T15:34:13","modified_gmt":"2025-02-26T14:34:13","slug":"1524-2","status":"publish","type":"page","link":"https:\/\/dignita.com\/no\/1524-2\/","title":{"rendered":"Alkol\u00e5s"},"content":{"rendered":"<p>Dignitas nye alkol\u00e5s AL-100 har helt unike egenskaper og er tilpasset dagens moderne kj\u00f8ret\u00f8y.<\/p>\n<p>AL-100 p\u00e5virker ikke startmomentet i el-hybrider, n\u00f8kkell\u00f8se biler, eller biler med start\/stopp funksjon.<\/p>\n<p>En alkol\u00e5s med god total\u00f8konomi som har alt du kan \u00f8nske deg.<\/p>\n<p>AL-100 er godkjent av MHF Test\u00a0Lab og av nye Cenelec standard EN-50436-2:2014. Standarden ble tatt i bruk i 2016.<\/p>\n<p>Dignita sitt alkol\u00e5s er markedets mest anvendelige om man \u00f8nsker integrere det mot egne eksisterende systemer som for eks. fl\u00e5testyring. Det kan leses ut 38 hendelser, og det kan sendes to kommandoer inn til AL-100.<\/p>\n<p>AL-100 er testet p\u00e5 MHF sitt labratorie sammenhengende i 2 \u00e5r uten \u00e5 ha v\u00e6rt kalibrert, noe ingen andre har gjort.<\/p>\n<p><img loading=\"lazy\" decoding=\"async\" class=\"aligncenter wp-image-4012 size-large\" src=\"https:\/\/dignita.com\/app\/uploads\/2023\/12\/ah4i8263-lr-1024x683.jpg\" alt=\"\" width=\"1024\" height=\"683\" srcset=\"https:\/\/dignita.com\/app\/uploads\/2023\/12\/ah4i8263-lr-1024x683.jpg 1024w, https:\/\/dignita.com\/app\/uploads\/2023\/12\/ah4i8263-lr-300x200.jpg 300w, https:\/\/dignita.com\/app\/uploads\/2023\/12\/ah4i8263-lr-768x512.jpg 768w, https:\/\/dignita.com\/app\/uploads\/2023\/12\/ah4i8263-lr.jpg 1368w\" sizes=\"auto, (max-width: 1024px) 100vw, 1024px\" \/><\/p>\n","protected":false},"excerpt":{"rendered":"<p>Dignitas nye alkol\u00e5s AL-100 har helt unike egenskaper og er tilpasset dagens moderne kj\u00f8ret\u00f8y. AL-100 p\u00e5virker ikke startmomentet i el-hybrider, n\u00f8kkell\u00f8se biler, eller biler med start\/stopp funksjon. En alkol\u00e5s med god total\u00f8konomi som har alt du kan \u00f8nske deg. AL-100 er godkjent av MHF Test\u00a0Lab og av nye Cenelec standard EN-50436-2:2014. Standarden ble tatt i [&hellip;]<\/p>\n","protected":false},"author":2,"featured_media":1770,"parent":0,"menu_order":0,"comment_status":"closed","ping_status":"closed","template":"","meta":{"_acf_changed":false,"footnotes":""},"class_list":["post-1524","page","type-page","status-publish","has-post-thumbnail","hentry"],"acf":[],"yoast_head":"<!-- This site is optimized with the Yoast SEO plugin v27.3 - https:\/\/yoast.com\/product\/yoast-seo-wordpress\/ -->\n<title>Alkol\u00e5s - Dignita<\/title>\n<meta name=\"robots\" content=\"index, follow, max-snippet:-1, max-image-preview:large, max-video-preview:-1\" \/>\n<link rel=\"canonical\" href=\"https:\/\/dignita.com\/no\/1524-2\/\" \/>\n<meta property=\"og:locale\" content=\"nb_NO\" \/>\n<meta property=\"og:type\" content=\"article\" \/>\n<meta property=\"og:title\" content=\"Alkol\u00e5s - Dignita\" \/>\n<meta property=\"og:description\" content=\"Dignitas nye alkol\u00e5s AL-100 har helt unike egenskaper og er tilpasset dagens moderne kj\u00f8ret\u00f8y. AL-100 p\u00e5virker ikke startmomentet i el-hybrider, n\u00f8kkell\u00f8se biler, eller biler med start\/stopp funksjon. En alkol\u00e5s med god total\u00f8konomi som har alt du kan \u00f8nske deg. AL-100 er godkjent av MHF Test\u00a0Lab og av nye Cenelec standard EN-50436-2:2014. Standarden ble tatt i [&hellip;]\" \/>\n<meta property=\"og:url\" content=\"https:\/\/dignita.com\/no\/1524-2\/\" \/>\n<meta property=\"og:site_name\" content=\"Dignita\" \/>\n<meta property=\"article:modified_time\" content=\"2025-02-26T14:34:13+00:00\" \/>\n<meta property=\"og:image\" content=\"https:\/\/dignita.com\/app\/uploads\/2020\/03\/al_100v_angled.png\" \/>\n\t<meta property=\"og:image:width\" content=\"1000\" \/>\n\t<meta property=\"og:image:height\" content=\"1000\" \/>\n\t<meta property=\"og:image:type\" content=\"image\/png\" \/>\n<meta name=\"twitter:card\" content=\"summary_large_image\" \/>\n<meta name=\"twitter:label1\" content=\"Est. reading time\" \/>\n\t<meta name=\"twitter:data1\" content=\"2 minutes\" \/>\n<script type=\"application\/ld+json\" class=\"yoast-schema-graph\">{\"@context\":\"https:\\\/\\\/schema.org\",\"@graph\":[{\"@type\":\"WebPage\",\"@id\":\"https:\\\/\\\/dignita.com\\\/no\\\/1524-2\\\/\",\"url\":\"https:\\\/\\\/dignita.com\\\/no\\\/1524-2\\\/\",\"name\":\"Alkol\u00e5s - Dignita\",\"isPartOf\":{\"@id\":\"https:\\\/\\\/dignita.com\\\/#website\"},\"primaryImageOfPage\":{\"@id\":\"https:\\\/\\\/dignita.com\\\/no\\\/1524-2\\\/#primaryimage\"},\"image\":{\"@id\":\"https:\\\/\\\/dignita.com\\\/no\\\/1524-2\\\/#primaryimage\"},\"thumbnailUrl\":\"https:\\\/\\\/dignita.com\\\/app\\\/uploads\\\/2020\\\/03\\\/al_100v_angled.png\",\"datePublished\":\"2020-03-26T08:47:00+00:00\",\"dateModified\":\"2025-02-26T14:34:13+00:00\",\"breadcrumb\":{\"@id\":\"https:\\\/\\\/dignita.com\\\/no\\\/1524-2\\\/#breadcrumb\"},\"inLanguage\":\"nb-NO\",\"potentialAction\":[{\"@type\":\"ReadAction\",\"target\":[\"https:\\\/\\\/dignita.com\\\/no\\\/1524-2\\\/\"]}]},{\"@type\":\"ImageObject\",\"inLanguage\":\"nb-NO\",\"@id\":\"https:\\\/\\\/dignita.com\\\/no\\\/1524-2\\\/#primaryimage\",\"url\":\"https:\\\/\\\/dignita.com\\\/app\\\/uploads\\\/2020\\\/03\\\/al_100v_angled.png\",\"contentUrl\":\"https:\\\/\\\/dignita.com\\\/app\\\/uploads\\\/2020\\\/03\\\/al_100v_angled.png\",\"width\":1000,\"height\":1000,\"caption\":\"Alkol\u00e5s\"},{\"@type\":\"BreadcrumbList\",\"@id\":\"https:\\\/\\\/dignita.com\\\/no\\\/1524-2\\\/#breadcrumb\",\"itemListElement\":[{\"@type\":\"ListItem\",\"position\":1,\"name\":\"Home\",\"item\":\"https:\\\/\\\/dignita.com\\\/no\\\/\"},{\"@type\":\"ListItem\",\"position\":2,\"name\":\"Alkol\u00e5s\"}]},{\"@type\":\"WebSite\",\"@id\":\"https:\\\/\\\/dignita.com\\\/#website\",\"url\":\"https:\\\/\\\/dignita.com\\\/\",\"name\":\"Dignita\",\"description\":\"\",\"potentialAction\":[{\"@type\":\"SearchAction\",\"target\":{\"@type\":\"EntryPoint\",\"urlTemplate\":\"https:\\\/\\\/dignita.com\\\/?s={search_term_string}\"},\"query-input\":{\"@type\":\"PropertyValueSpecification\",\"valueRequired\":true,\"valueName\":\"search_term_string\"}}],\"inLanguage\":\"nb-NO\"}]}<\/script>\n<!-- \/ Yoast SEO plugin. -->","yoast_head_json":{"title":"Alkol\u00e5s - Dignita","robots":{"index":"index","follow":"follow","max-snippet":"max-snippet:-1","max-image-preview":"max-image-preview:large","max-video-preview":"max-video-preview:-1"},"canonical":"https:\/\/dignita.com\/no\/1524-2\/","og_locale":"nb_NO","og_type":"article","og_title":"Alkol\u00e5s - Dignita","og_description":"Dignitas nye alkol\u00e5s AL-100 har helt unike egenskaper og er tilpasset dagens moderne kj\u00f8ret\u00f8y. AL-100 p\u00e5virker ikke startmomentet i el-hybrider, n\u00f8kkell\u00f8se biler, eller biler med start\/stopp funksjon. En alkol\u00e5s med god total\u00f8konomi som har alt du kan \u00f8nske deg. AL-100 er godkjent av MHF Test\u00a0Lab og av nye Cenelec standard EN-50436-2:2014. Standarden ble tatt i [&hellip;]","og_url":"https:\/\/dignita.com\/no\/1524-2\/","og_site_name":"Dignita","article_modified_time":"2025-02-26T14:34:13+00:00","og_image":[{"width":1000,"height":1000,"url":"https:\/\/dignita.com\/app\/uploads\/2020\/03\/al_100v_angled.png","type":"image\/png"}],"twitter_card":"summary_large_image","twitter_misc":{"Est. reading time":"2 minutes"},"schema":{"@context":"https:\/\/schema.org","@graph":[{"@type":"WebPage","@id":"https:\/\/dignita.com\/no\/1524-2\/","url":"https:\/\/dignita.com\/no\/1524-2\/","name":"Alkol\u00e5s - Dignita","isPartOf":{"@id":"https:\/\/dignita.com\/#website"},"primaryImageOfPage":{"@id":"https:\/\/dignita.com\/no\/1524-2\/#primaryimage"},"image":{"@id":"https:\/\/dignita.com\/no\/1524-2\/#primaryimage"},"thumbnailUrl":"https:\/\/dignita.com\/app\/uploads\/2020\/03\/al_100v_angled.png","datePublished":"2020-03-26T08:47:00+00:00","dateModified":"2025-02-26T14:34:13+00:00","breadcrumb":{"@id":"https:\/\/dignita.com\/no\/1524-2\/#breadcrumb"},"inLanguage":"nb-NO","potentialAction":[{"@type":"ReadAction","target":["https:\/\/dignita.com\/no\/1524-2\/"]}]},{"@type":"ImageObject","inLanguage":"nb-NO","@id":"https:\/\/dignita.com\/no\/1524-2\/#primaryimage","url":"https:\/\/dignita.com\/app\/uploads\/2020\/03\/al_100v_angled.png","contentUrl":"https:\/\/dignita.com\/app\/uploads\/2020\/03\/al_100v_angled.png","width":1000,"height":1000,"caption":"Alkol\u00e5s"},{"@type":"BreadcrumbList","@id":"https:\/\/dignita.com\/no\/1524-2\/#breadcrumb","itemListElement":[{"@type":"ListItem","position":1,"name":"Home","item":"https:\/\/dignita.com\/no\/"},{"@type":"ListItem","position":2,"name":"Alkol\u00e5s"}]},{"@type":"WebSite","@id":"https:\/\/dignita.com\/#website","url":"https:\/\/dignita.com\/","name":"Dignita","description":"","potentialAction":[{"@type":"SearchAction","target":{"@type":"EntryPoint","urlTemplate":"https:\/\/dignita.com\/?s={search_term_string}"},"query-input":{"@type":"PropertyValueSpecification","valueRequired":true,"valueName":"search_term_string"}}],"inLanguage":"nb-NO"}]}},"_links":{"self":[{"href":"https:\/\/dignita.com\/no\/wp-json\/wp\/v2\/pages\/1524","targetHints":{"allow":["GET"]}}],"collection":[{"href":"https:\/\/dignita.com\/no\/wp-json\/wp\/v2\/pages"}],"about":[{"href":"https:\/\/dignita.com\/no\/wp-json\/wp\/v2\/types\/page"}],"author":[{"embeddable":true,"href":"https:\/\/dignita.com\/no\/wp-json\/wp\/v2\/users\/2"}],"replies":[{"embeddable":true,"href":"https:\/\/dignita.com\/no\/wp-json\/wp\/v2\/comments?post=1524"}],"version-history":[{"count":13,"href":"https:\/\/dignita.com\/no\/wp-json\/wp\/v2\/pages\/1524\/revisions"}],"predecessor-version":[{"id":4582,"href":"https:\/\/dignita.com\/no\/wp-json\/wp\/v2\/pages\/1524\/revisions\/4582"}],"wp:featuredmedia":[{"embeddable":true,"href":"https:\/\/dignita.com\/no\/wp-json\/wp\/v2\/media\/1770"}],"wp:attachment":[{"href":"https:\/\/dignita.com\/no\/wp-json\/wp\/v2\/media?parent=1524"}],"curies":[{"name":"wp","href":"https:\/\/api.w.org\/{rel}","templated":true}]}}