{"id":1636,"date":"2020-11-30T10:22:13","date_gmt":"2020-11-30T09:22:13","guid":{"rendered":"https:\/\/dignita.com\/?page_id=1636"},"modified":"2023-12-20T10:45:03","modified_gmt":"2023-12-20T09:45:03","slug":"registrere-alkometer","status":"publish","type":"page","link":"https:\/\/dignita.com\/no\/registrere-alkometer\/","title":{"rendered":"Registrere alkometer"},"content":{"rendered":"<h3>Takk for at du har valgt \u00e5 kj\u00f8pe et alkometer fra oss!<\/h3>\n<p><strong>Viktig, registrer ditt alkometer!<\/strong><\/p>\n<p>S\u00e5 snart du har registrert deg f\u00e5r du markedets beste garanti, 36 m\u00e5neder.<\/p>\n<p>For at du som kunde av Dignita skal v\u00e6re sikker p\u00e5 at det er et godt kj\u00f8p gir vi markedets beste garantier.<\/p>\n<p>Som alle h\u00f8ykvalitets m\u00e5leinstrumenter trenger v\u00e5re m\u00e5lere ogs\u00e5 regelmessig service og kalibrering for \u00e5 sikre h\u00f8yeste n\u00f8yaktighet. Vi anbefaler derfor at m\u00e5lerne v\u00e5re blir kalibrert minst en gang i \u00e5ret.<\/p>\n<p><strong>Registrer ved \u00e5 fylle ut skjema nedenfor:<\/strong><\/p>\n","protected":false},"excerpt":{"rendered":"<p>Takk for at du har valgt \u00e5 kj\u00f8pe et alkometer fra oss! Viktig, registrer ditt alkometer! S\u00e5 snart du har registrert deg f\u00e5r du markedets beste garanti, 36 m\u00e5neder. For at du som kunde av Dignita skal v\u00e6re sikker p\u00e5 at det er et godt kj\u00f8p gir vi markedets beste garantier. Som alle h\u00f8ykvalitets m\u00e5leinstrumenter [&hellip;]<\/p>\n","protected":false},"author":2,"featured_media":0,"parent":0,"menu_order":0,"comment_status":"closed","ping_status":"closed","template":"template-register-alcometer.php","meta":{"_acf_changed":false,"footnotes":""},"class_list":["post-1636","page","type-page","status-publish","hentry"],"acf":[],"yoast_head":"<!-- This site is optimized with the Yoast SEO plugin v27.3 - https:\/\/yoast.com\/product\/yoast-seo-wordpress\/ -->\n<title>Registrere alkometer - Dignita<\/title>\n<meta name=\"robots\" content=\"index, follow, max-snippet:-1, max-image-preview:large, max-video-preview:-1\" \/>\n<link rel=\"canonical\" href=\"https:\/\/dignita.com\/no\/registrere-alkometer\/\" \/>\n<meta property=\"og:locale\" content=\"nb_NO\" \/>\n<meta property=\"og:type\" content=\"article\" \/>\n<meta property=\"og:title\" content=\"Registrere alkometer - Dignita\" \/>\n<meta property=\"og:description\" content=\"Takk for at du har valgt \u00e5 kj\u00f8pe et alkometer fra oss! Viktig, registrer ditt alkometer! S\u00e5 snart du har registrert deg f\u00e5r du markedets beste garanti, 36 m\u00e5neder. For at du som kunde av Dignita skal v\u00e6re sikker p\u00e5 at det er et godt kj\u00f8p gir vi markedets beste garantier. Som alle h\u00f8ykvalitets m\u00e5leinstrumenter [&hellip;]\" \/>\n<meta property=\"og:url\" content=\"https:\/\/dignita.com\/no\/registrere-alkometer\/\" \/>\n<meta property=\"og:site_name\" content=\"Dignita\" \/>\n<meta property=\"article:modified_time\" content=\"2023-12-20T09:45:03+00:00\" \/>\n<meta name=\"twitter:card\" content=\"summary_large_image\" \/>\n<meta name=\"twitter:label1\" content=\"Est. reading time\" \/>\n\t<meta name=\"twitter:data1\" content=\"1 minute\" \/>\n<script type=\"application\/ld+json\" class=\"yoast-schema-graph\">{\"@context\":\"https:\\\/\\\/schema.org\",\"@graph\":[{\"@type\":\"WebPage\",\"@id\":\"https:\\\/\\\/dignita.com\\\/no\\\/registrere-alkometer\\\/\",\"url\":\"https:\\\/\\\/dignita.com\\\/no\\\/registrere-alkometer\\\/\",\"name\":\"Registrere alkometer - Dignita\",\"isPartOf\":{\"@id\":\"https:\\\/\\\/dignita.com\\\/#website\"},\"datePublished\":\"2020-11-30T09:22:13+00:00\",\"dateModified\":\"2023-12-20T09:45:03+00:00\",\"breadcrumb\":{\"@id\":\"https:\\\/\\\/dignita.com\\\/no\\\/registrere-alkometer\\\/#breadcrumb\"},\"inLanguage\":\"nb-NO\",\"potentialAction\":[{\"@type\":\"ReadAction\",\"target\":[\"https:\\\/\\\/dignita.com\\\/no\\\/registrere-alkometer\\\/\"]}]},{\"@type\":\"BreadcrumbList\",\"@id\":\"https:\\\/\\\/dignita.com\\\/no\\\/registrere-alkometer\\\/#breadcrumb\",\"itemListElement\":[{\"@type\":\"ListItem\",\"position\":1,\"name\":\"Home\",\"item\":\"https:\\\/\\\/dignita.com\\\/no\\\/\"},{\"@type\":\"ListItem\",\"position\":2,\"name\":\"Registrere alkometer\"}]},{\"@type\":\"WebSite\",\"@id\":\"https:\\\/\\\/dignita.com\\\/#website\",\"url\":\"https:\\\/\\\/dignita.com\\\/\",\"name\":\"Dignita\",\"description\":\"\",\"potentialAction\":[{\"@type\":\"SearchAction\",\"target\":{\"@type\":\"EntryPoint\",\"urlTemplate\":\"https:\\\/\\\/dignita.com\\\/?s={search_term_string}\"},\"query-input\":{\"@type\":\"PropertyValueSpecification\",\"valueRequired\":true,\"valueName\":\"search_term_string\"}}],\"inLanguage\":\"nb-NO\"}]}<\/script>\n<!-- \/ Yoast SEO plugin. -->","yoast_head_json":{"title":"Registrere alkometer - Dignita","robots":{"index":"index","follow":"follow","max-snippet":"max-snippet:-1","max-image-preview":"max-image-preview:large","max-video-preview":"max-video-preview:-1"},"canonical":"https:\/\/dignita.com\/no\/registrere-alkometer\/","og_locale":"nb_NO","og_type":"article","og_title":"Registrere alkometer - Dignita","og_description":"Takk for at du har valgt \u00e5 kj\u00f8pe et alkometer fra oss! Viktig, registrer ditt alkometer! S\u00e5 snart du har registrert deg f\u00e5r du markedets beste garanti, 36 m\u00e5neder. For at du som kunde av Dignita skal v\u00e6re sikker p\u00e5 at det er et godt kj\u00f8p gir vi markedets beste garantier. Som alle h\u00f8ykvalitets m\u00e5leinstrumenter [&hellip;]","og_url":"https:\/\/dignita.com\/no\/registrere-alkometer\/","og_site_name":"Dignita","article_modified_time":"2023-12-20T09:45:03+00:00","twitter_card":"summary_large_image","twitter_misc":{"Est. reading time":"1 minute"},"schema":{"@context":"https:\/\/schema.org","@graph":[{"@type":"WebPage","@id":"https:\/\/dignita.com\/no\/registrere-alkometer\/","url":"https:\/\/dignita.com\/no\/registrere-alkometer\/","name":"Registrere alkometer - Dignita","isPartOf":{"@id":"https:\/\/dignita.com\/#website"},"datePublished":"2020-11-30T09:22:13+00:00","dateModified":"2023-12-20T09:45:03+00:00","breadcrumb":{"@id":"https:\/\/dignita.com\/no\/registrere-alkometer\/#breadcrumb"},"inLanguage":"nb-NO","potentialAction":[{"@type":"ReadAction","target":["https:\/\/dignita.com\/no\/registrere-alkometer\/"]}]},{"@type":"BreadcrumbList","@id":"https:\/\/dignita.com\/no\/registrere-alkometer\/#breadcrumb","itemListElement":[{"@type":"ListItem","position":1,"name":"Home","item":"https:\/\/dignita.com\/no\/"},{"@type":"ListItem","position":2,"name":"Registrere alkometer"}]},{"@type":"WebSite","@id":"https:\/\/dignita.com\/#website","url":"https:\/\/dignita.com\/","name":"Dignita","description":"","potentialAction":[{"@type":"SearchAction","target":{"@type":"EntryPoint","urlTemplate":"https:\/\/dignita.com\/?s={search_term_string}"},"query-input":{"@type":"PropertyValueSpecification","valueRequired":true,"valueName":"search_term_string"}}],"inLanguage":"nb-NO"}]}},"_links":{"self":[{"href":"https:\/\/dignita.com\/no\/wp-json\/wp\/v2\/pages\/1636","targetHints":{"allow":["GET"]}}],"collection":[{"href":"https:\/\/dignita.com\/no\/wp-json\/wp\/v2\/pages"}],"about":[{"href":"https:\/\/dignita.com\/no\/wp-json\/wp\/v2\/types\/page"}],"author":[{"embeddable":true,"href":"https:\/\/dignita.com\/no\/wp-json\/wp\/v2\/users\/2"}],"replies":[{"embeddable":true,"href":"https:\/\/dignita.com\/no\/wp-json\/wp\/v2\/comments?post=1636"}],"version-history":[{"count":10,"href":"https:\/\/dignita.com\/no\/wp-json\/wp\/v2\/pages\/1636\/revisions"}],"predecessor-version":[{"id":4125,"href":"https:\/\/dignita.com\/no\/wp-json\/wp\/v2\/pages\/1636\/revisions\/4125"}],"wp:attachment":[{"href":"https:\/\/dignita.com\/no\/wp-json\/wp\/v2\/media?parent=1636"}],"curies":[{"name":"wp","href":"https:\/\/api.w.org\/{rel}","templated":true}]}}