{"id":1650,"date":"2020-11-30T10:38:57","date_gmt":"2020-11-30T09:38:57","guid":{"rendered":"https:\/\/dignita.com\/?page_id=1650"},"modified":"2025-02-26T15:44:02","modified_gmt":"2025-02-26T14:44:02","slug":"alkolas-for-firma","status":"publish","type":"page","link":"https:\/\/dignita.com\/no\/1524-2\/alkolas-for-firma\/","title":{"rendered":"Alkol\u00e5s for firma"},"content":{"rendered":"<pre id=\"tw-target-text\" class=\"tw-data-text tw-text-large XcVN5d tw-ta\" dir=\"ltr\" data-placeholder=\"Oversettelse\"><span lang=\"no\">En alkol\u00e5s er en enkel m\u00e5te \u00e5 unng\u00e5 ulykker - og i mange tilfeller redde liv. \r\nMed alkol\u00e5s installert i kj\u00f8ret\u00f8yet tar du ikke bare ansvar for personalet og eiendelene dine, du viser ogs\u00e5 kunder og andre at firmaet ditt legger stor vekt p\u00e5 sikkerhet. \r\n\r\nI tillegg til \u00e5 v\u00e6re en godkjent, moderne alkol\u00e5s med rask oppvarming og sikker m\u00e5lbarhet, er Dignita AL-100K ogs\u00e5 kompatibel med mange eksterne telematikksystemer.\r\nDu kan ogs\u00e5 motta direkte varsler til mobiltelefonen din hvis noen bl\u00e5ser r\u00f8dt eller har frakoblet alkol\u00e5sen midlertidig.<\/span><\/pre>\n<p>Dignita AL-100K kan kj\u00f8pes eller leies. Vi anbefaler leie fra oss der du har garanti for b\u00e5de funksjon og typegodkjenning under hele leieperioden. Vil du vite mer om v\u00e5r alkol\u00e5s, pris, tekniske l\u00f8sninger og hvorfor flere kommuner, taxiselskap, transportselskap og andre firma har valgt Dignita alkol\u00e5s ?<\/p>\n<p>Ta kontakt med Dignitas distribut<span lang=\"no\">\u00f8r, Fartskriver p\u00e5 23 37 84 00<\/span> eller <a href=\"mailto:hei@fartskriver.no\">hei@fartskriver.no<\/a><\/p>\n<p>&nbsp;<\/p>\n<p><img loading=\"lazy\" decoding=\"async\" class=\"aligncenter wp-image-4032 size-large\" src=\"https:\/\/dignita.com\/app\/uploads\/2023\/12\/ah4i8293-lr-1024x683.jpg\" alt=\"\" width=\"1024\" height=\"683\" srcset=\"https:\/\/dignita.com\/app\/uploads\/2023\/12\/ah4i8293-lr-1024x683.jpg 1024w, https:\/\/dignita.com\/app\/uploads\/2023\/12\/ah4i8293-lr-300x200.jpg 300w, https:\/\/dignita.com\/app\/uploads\/2023\/12\/ah4i8293-lr-768x512.jpg 768w, https:\/\/dignita.com\/app\/uploads\/2023\/12\/ah4i8293-lr.jpg 1368w\" sizes=\"auto, (max-width: 1024px) 100vw, 1024px\" \/><\/p>\n","protected":false},"excerpt":{"rendered":"<p>En alkol\u00e5s er en enkel m\u00e5te \u00e5 unng\u00e5 ulykker &#8211; og i mange tilfeller redde liv. Med alkol\u00e5s installert i kj\u00f8ret\u00f8yet tar du ikke bare ansvar for personalet og eiendelene dine, du viser ogs\u00e5 kunder og andre at firmaet ditt legger stor vekt p\u00e5 sikkerhet. I tillegg til \u00e5 v\u00e6re en godkjent, moderne alkol\u00e5s med [&hellip;]<\/p>\n","protected":false},"author":2,"featured_media":1779,"parent":1524,"menu_order":0,"comment_status":"closed","ping_status":"closed","template":"template-product_cat.php","meta":{"_acf_changed":false,"footnotes":""},"class_list":["post-1650","page","type-page","status-publish","has-post-thumbnail","hentry"],"acf":[],"yoast_head":"<!-- This site is optimized with the Yoast SEO plugin v27.3 - https:\/\/yoast.com\/product\/yoast-seo-wordpress\/ -->\n<title>Alkol\u00e5s for firma - Dignita<\/title>\n<meta name=\"robots\" content=\"index, follow, max-snippet:-1, max-image-preview:large, max-video-preview:-1\" \/>\n<link rel=\"canonical\" href=\"https:\/\/dignita.com\/no\/1524-2\/alkolas-for-firma\/\" \/>\n<meta property=\"og:locale\" content=\"nb_NO\" \/>\n<meta property=\"og:type\" content=\"article\" \/>\n<meta property=\"og:title\" content=\"Alkol\u00e5s for firma - Dignita\" \/>\n<meta property=\"og:description\" content=\"En alkol\u00e5s er en enkel m\u00e5te \u00e5 unng\u00e5 ulykker - og i mange tilfeller redde liv. Med alkol\u00e5s installert i kj\u00f8ret\u00f8yet tar du ikke bare ansvar for personalet og eiendelene dine, du viser ogs\u00e5 kunder og andre at firmaet ditt legger stor vekt p\u00e5 sikkerhet. I tillegg til \u00e5 v\u00e6re en godkjent, moderne alkol\u00e5s med [&hellip;]\" \/>\n<meta property=\"og:url\" content=\"https:\/\/dignita.com\/no\/1524-2\/alkolas-for-firma\/\" \/>\n<meta property=\"og:site_name\" content=\"Dignita\" \/>\n<meta property=\"article:modified_time\" content=\"2025-02-26T14:44:02+00:00\" \/>\n<meta property=\"og:image\" content=\"https:\/\/dignita.com\/app\/uploads\/2020\/03\/al_100v_lock-e1714026574812.png\" \/>\n\t<meta property=\"og:image:width\" content=\"1000\" \/>\n\t<meta property=\"og:image:height\" content=\"1000\" \/>\n\t<meta property=\"og:image:type\" content=\"image\/png\" \/>\n<meta name=\"twitter:card\" content=\"summary_large_image\" \/>\n<meta name=\"twitter:label1\" content=\"Est. reading time\" \/>\n\t<meta name=\"twitter:data1\" content=\"1 minute\" \/>\n<script type=\"application\/ld+json\" class=\"yoast-schema-graph\">{\"@context\":\"https:\\\/\\\/schema.org\",\"@graph\":[{\"@type\":\"WebPage\",\"@id\":\"https:\\\/\\\/dignita.com\\\/no\\\/1524-2\\\/alkolas-for-firma\\\/\",\"url\":\"https:\\\/\\\/dignita.com\\\/no\\\/1524-2\\\/alkolas-for-firma\\\/\",\"name\":\"Alkol\u00e5s for firma - Dignita\",\"isPartOf\":{\"@id\":\"https:\\\/\\\/dignita.com\\\/#website\"},\"primaryImageOfPage\":{\"@id\":\"https:\\\/\\\/dignita.com\\\/no\\\/1524-2\\\/alkolas-for-firma\\\/#primaryimage\"},\"image\":{\"@id\":\"https:\\\/\\\/dignita.com\\\/no\\\/1524-2\\\/alkolas-for-firma\\\/#primaryimage\"},\"thumbnailUrl\":\"https:\\\/\\\/dignita.com\\\/app\\\/uploads\\\/2020\\\/03\\\/al_100v_lock-e1714026574812.png\",\"datePublished\":\"2020-11-30T09:38:57+00:00\",\"dateModified\":\"2025-02-26T14:44:02+00:00\",\"breadcrumb\":{\"@id\":\"https:\\\/\\\/dignita.com\\\/no\\\/1524-2\\\/alkolas-for-firma\\\/#breadcrumb\"},\"inLanguage\":\"nb-NO\",\"potentialAction\":[{\"@type\":\"ReadAction\",\"target\":[\"https:\\\/\\\/dignita.com\\\/no\\\/1524-2\\\/alkolas-for-firma\\\/\"]}]},{\"@type\":\"ImageObject\",\"inLanguage\":\"nb-NO\",\"@id\":\"https:\\\/\\\/dignita.com\\\/no\\\/1524-2\\\/alkolas-for-firma\\\/#primaryimage\",\"url\":\"https:\\\/\\\/dignita.com\\\/app\\\/uploads\\\/2020\\\/03\\\/al_100v_lock-e1714026574812.png\",\"contentUrl\":\"https:\\\/\\\/dignita.com\\\/app\\\/uploads\\\/2020\\\/03\\\/al_100v_lock-e1714026574812.png\",\"width\":1000,\"height\":1000},{\"@type\":\"BreadcrumbList\",\"@id\":\"https:\\\/\\\/dignita.com\\\/no\\\/1524-2\\\/alkolas-for-firma\\\/#breadcrumb\",\"itemListElement\":[{\"@type\":\"ListItem\",\"position\":1,\"name\":\"Home\",\"item\":\"https:\\\/\\\/dignita.com\\\/no\\\/\"},{\"@type\":\"ListItem\",\"position\":2,\"name\":\"Alkol\u00e5s\",\"item\":\"https:\\\/\\\/dignita.com\\\/no\\\/1524-2\\\/\"},{\"@type\":\"ListItem\",\"position\":3,\"name\":\"Alkol\u00e5s for firma\"}]},{\"@type\":\"WebSite\",\"@id\":\"https:\\\/\\\/dignita.com\\\/#website\",\"url\":\"https:\\\/\\\/dignita.com\\\/\",\"name\":\"Dignita\",\"description\":\"\",\"potentialAction\":[{\"@type\":\"SearchAction\",\"target\":{\"@type\":\"EntryPoint\",\"urlTemplate\":\"https:\\\/\\\/dignita.com\\\/?s={search_term_string}\"},\"query-input\":{\"@type\":\"PropertyValueSpecification\",\"valueRequired\":true,\"valueName\":\"search_term_string\"}}],\"inLanguage\":\"nb-NO\"}]}<\/script>\n<!-- \/ Yoast SEO plugin. -->","yoast_head_json":{"title":"Alkol\u00e5s for firma - Dignita","robots":{"index":"index","follow":"follow","max-snippet":"max-snippet:-1","max-image-preview":"max-image-preview:large","max-video-preview":"max-video-preview:-1"},"canonical":"https:\/\/dignita.com\/no\/1524-2\/alkolas-for-firma\/","og_locale":"nb_NO","og_type":"article","og_title":"Alkol\u00e5s for firma - Dignita","og_description":"En alkol\u00e5s er en enkel m\u00e5te \u00e5 unng\u00e5 ulykker - og i mange tilfeller redde liv. Med alkol\u00e5s installert i kj\u00f8ret\u00f8yet tar du ikke bare ansvar for personalet og eiendelene dine, du viser ogs\u00e5 kunder og andre at firmaet ditt legger stor vekt p\u00e5 sikkerhet. I tillegg til \u00e5 v\u00e6re en godkjent, moderne alkol\u00e5s med [&hellip;]","og_url":"https:\/\/dignita.com\/no\/1524-2\/alkolas-for-firma\/","og_site_name":"Dignita","article_modified_time":"2025-02-26T14:44:02+00:00","og_image":[{"width":1000,"height":1000,"url":"https:\/\/dignita.com\/app\/uploads\/2020\/03\/al_100v_lock-e1714026574812.png","type":"image\/png"}],"twitter_card":"summary_large_image","twitter_misc":{"Est. reading time":"1 minute"},"schema":{"@context":"https:\/\/schema.org","@graph":[{"@type":"WebPage","@id":"https:\/\/dignita.com\/no\/1524-2\/alkolas-for-firma\/","url":"https:\/\/dignita.com\/no\/1524-2\/alkolas-for-firma\/","name":"Alkol\u00e5s for firma - Dignita","isPartOf":{"@id":"https:\/\/dignita.com\/#website"},"primaryImageOfPage":{"@id":"https:\/\/dignita.com\/no\/1524-2\/alkolas-for-firma\/#primaryimage"},"image":{"@id":"https:\/\/dignita.com\/no\/1524-2\/alkolas-for-firma\/#primaryimage"},"thumbnailUrl":"https:\/\/dignita.com\/app\/uploads\/2020\/03\/al_100v_lock-e1714026574812.png","datePublished":"2020-11-30T09:38:57+00:00","dateModified":"2025-02-26T14:44:02+00:00","breadcrumb":{"@id":"https:\/\/dignita.com\/no\/1524-2\/alkolas-for-firma\/#breadcrumb"},"inLanguage":"nb-NO","potentialAction":[{"@type":"ReadAction","target":["https:\/\/dignita.com\/no\/1524-2\/alkolas-for-firma\/"]}]},{"@type":"ImageObject","inLanguage":"nb-NO","@id":"https:\/\/dignita.com\/no\/1524-2\/alkolas-for-firma\/#primaryimage","url":"https:\/\/dignita.com\/app\/uploads\/2020\/03\/al_100v_lock-e1714026574812.png","contentUrl":"https:\/\/dignita.com\/app\/uploads\/2020\/03\/al_100v_lock-e1714026574812.png","width":1000,"height":1000},{"@type":"BreadcrumbList","@id":"https:\/\/dignita.com\/no\/1524-2\/alkolas-for-firma\/#breadcrumb","itemListElement":[{"@type":"ListItem","position":1,"name":"Home","item":"https:\/\/dignita.com\/no\/"},{"@type":"ListItem","position":2,"name":"Alkol\u00e5s","item":"https:\/\/dignita.com\/no\/1524-2\/"},{"@type":"ListItem","position":3,"name":"Alkol\u00e5s for firma"}]},{"@type":"WebSite","@id":"https:\/\/dignita.com\/#website","url":"https:\/\/dignita.com\/","name":"Dignita","description":"","potentialAction":[{"@type":"SearchAction","target":{"@type":"EntryPoint","urlTemplate":"https:\/\/dignita.com\/?s={search_term_string}"},"query-input":{"@type":"PropertyValueSpecification","valueRequired":true,"valueName":"search_term_string"}}],"inLanguage":"nb-NO"}]}},"_links":{"self":[{"href":"https:\/\/dignita.com\/no\/wp-json\/wp\/v2\/pages\/1650","targetHints":{"allow":["GET"]}}],"collection":[{"href":"https:\/\/dignita.com\/no\/wp-json\/wp\/v2\/pages"}],"about":[{"href":"https:\/\/dignita.com\/no\/wp-json\/wp\/v2\/types\/page"}],"author":[{"embeddable":true,"href":"https:\/\/dignita.com\/no\/wp-json\/wp\/v2\/users\/2"}],"replies":[{"embeddable":true,"href":"https:\/\/dignita.com\/no\/wp-json\/wp\/v2\/comments?post=1650"}],"version-history":[{"count":14,"href":"https:\/\/dignita.com\/no\/wp-json\/wp\/v2\/pages\/1650\/revisions"}],"predecessor-version":[{"id":4589,"href":"https:\/\/dignita.com\/no\/wp-json\/wp\/v2\/pages\/1650\/revisions\/4589"}],"up":[{"embeddable":true,"href":"https:\/\/dignita.com\/no\/wp-json\/wp\/v2\/pages\/1524"}],"wp:featuredmedia":[{"embeddable":true,"href":"https:\/\/dignita.com\/no\/wp-json\/wp\/v2\/media\/1779"}],"wp:attachment":[{"href":"https:\/\/dignita.com\/no\/wp-json\/wp\/v2\/media?parent=1650"}],"curies":[{"name":"wp","href":"https:\/\/api.w.org\/{rel}","templated":true}]}}