{"id":1851,"date":"2021-11-08T16:22:43","date_gmt":"2021-11-08T15:22:43","guid":{"rendered":"https:\/\/dignita.com\/?page_id=1851"},"modified":"2025-03-03T13:56:44","modified_gmt":"2025-03-03T12:56:44","slug":"alkometer","status":"publish","type":"page","link":"https:\/\/dignita.com\/no\/alkometer\/","title":{"rendered":"Alkometer"},"content":{"rendered":"<p>En person med alkohol i blodet som setter seg bak rattet er en fare for seg selv og andre. I Norge kj\u00f8res 10000 kj\u00f8returer i rusp\u00e5virket tilstand hver dag, mange i troen p\u00e5 at de er edru. Grensen for fyllekj\u00f8ring i Norge er 0,2 promille. En grense som kan v\u00e6re vanskelig \u00e5 f\u00f8le. Med en alkometer kan du ha full kontroll. Gjennom en enkel test med en av v\u00e5re trygge og godkjente alkometre, vet du n\u00e5r det er 100% trygt \u00e5 sette seg bak rattet.<\/p>\n","protected":false},"excerpt":{"rendered":"<p>En person med alkohol i blodet som setter seg bak rattet er en fare for seg selv og andre. I Norge kj\u00f8res 10000 kj\u00f8returer i rusp\u00e5virket tilstand hver dag, mange i troen p\u00e5 at de er edru. Grensen for fyllekj\u00f8ring i Norge er 0,2 promille. En grense som kan v\u00e6re vanskelig \u00e5 f\u00f8le. Med en [&hellip;]<\/p>\n","protected":false},"author":7,"featured_media":0,"parent":0,"menu_order":0,"comment_status":"closed","ping_status":"closed","template":"template-product_cat.php","meta":{"_acf_changed":false,"footnotes":""},"class_list":["post-1851","page","type-page","status-publish","hentry"],"acf":[],"yoast_head":"<!-- This site is optimized with the Yoast SEO plugin v27.3 - https:\/\/yoast.com\/product\/yoast-seo-wordpress\/ -->\n<title>Alkometer - Dignita<\/title>\n<meta name=\"robots\" content=\"index, follow, max-snippet:-1, max-image-preview:large, max-video-preview:-1\" \/>\n<link rel=\"canonical\" href=\"https:\/\/dignita.com\/no\/alkometer\/\" \/>\n<meta property=\"og:locale\" content=\"nb_NO\" \/>\n<meta property=\"og:type\" content=\"article\" \/>\n<meta property=\"og:title\" content=\"Alkometer - Dignita\" \/>\n<meta property=\"og:description\" content=\"En person med alkohol i blodet som setter seg bak rattet er en fare for seg selv og andre. I Norge kj\u00f8res 10000 kj\u00f8returer i rusp\u00e5virket tilstand hver dag, mange i troen p\u00e5 at de er edru. Grensen for fyllekj\u00f8ring i Norge er 0,2 promille. En grense som kan v\u00e6re vanskelig \u00e5 f\u00f8le. Med en [&hellip;]\" \/>\n<meta property=\"og:url\" content=\"https:\/\/dignita.com\/no\/alkometer\/\" \/>\n<meta property=\"og:site_name\" content=\"Dignita\" \/>\n<meta property=\"article:modified_time\" content=\"2025-03-03T12:56:44+00:00\" \/>\n<meta name=\"twitter:card\" content=\"summary_large_image\" \/>\n<meta name=\"twitter:label1\" content=\"Est. reading time\" \/>\n\t<meta name=\"twitter:data1\" content=\"2 minutes\" \/>\n<script type=\"application\/ld+json\" class=\"yoast-schema-graph\">{\"@context\":\"https:\\\/\\\/schema.org\",\"@graph\":[{\"@type\":\"WebPage\",\"@id\":\"https:\\\/\\\/dignita.com\\\/no\\\/alkometer\\\/\",\"url\":\"https:\\\/\\\/dignita.com\\\/no\\\/alkometer\\\/\",\"name\":\"Alkometer - Dignita\",\"isPartOf\":{\"@id\":\"https:\\\/\\\/dignita.com\\\/#website\"},\"datePublished\":\"2021-11-08T15:22:43+00:00\",\"dateModified\":\"2025-03-03T12:56:44+00:00\",\"breadcrumb\":{\"@id\":\"https:\\\/\\\/dignita.com\\\/no\\\/alkometer\\\/#breadcrumb\"},\"inLanguage\":\"nb-NO\",\"potentialAction\":[{\"@type\":\"ReadAction\",\"target\":[\"https:\\\/\\\/dignita.com\\\/no\\\/alkometer\\\/\"]}]},{\"@type\":\"BreadcrumbList\",\"@id\":\"https:\\\/\\\/dignita.com\\\/no\\\/alkometer\\\/#breadcrumb\",\"itemListElement\":[{\"@type\":\"ListItem\",\"position\":1,\"name\":\"Home\",\"item\":\"https:\\\/\\\/dignita.com\\\/no\\\/\"},{\"@type\":\"ListItem\",\"position\":2,\"name\":\"Alkometer\"}]},{\"@type\":\"WebSite\",\"@id\":\"https:\\\/\\\/dignita.com\\\/#website\",\"url\":\"https:\\\/\\\/dignita.com\\\/\",\"name\":\"Dignita\",\"description\":\"\",\"potentialAction\":[{\"@type\":\"SearchAction\",\"target\":{\"@type\":\"EntryPoint\",\"urlTemplate\":\"https:\\\/\\\/dignita.com\\\/?s={search_term_string}\"},\"query-input\":{\"@type\":\"PropertyValueSpecification\",\"valueRequired\":true,\"valueName\":\"search_term_string\"}}],\"inLanguage\":\"nb-NO\"}]}<\/script>\n<!-- \/ Yoast SEO plugin. -->","yoast_head_json":{"title":"Alkometer - Dignita","robots":{"index":"index","follow":"follow","max-snippet":"max-snippet:-1","max-image-preview":"max-image-preview:large","max-video-preview":"max-video-preview:-1"},"canonical":"https:\/\/dignita.com\/no\/alkometer\/","og_locale":"nb_NO","og_type":"article","og_title":"Alkometer - Dignita","og_description":"En person med alkohol i blodet som setter seg bak rattet er en fare for seg selv og andre. I Norge kj\u00f8res 10000 kj\u00f8returer i rusp\u00e5virket tilstand hver dag, mange i troen p\u00e5 at de er edru. Grensen for fyllekj\u00f8ring i Norge er 0,2 promille. En grense som kan v\u00e6re vanskelig \u00e5 f\u00f8le. Med en [&hellip;]","og_url":"https:\/\/dignita.com\/no\/alkometer\/","og_site_name":"Dignita","article_modified_time":"2025-03-03T12:56:44+00:00","twitter_card":"summary_large_image","twitter_misc":{"Est. reading time":"2 minutes"},"schema":{"@context":"https:\/\/schema.org","@graph":[{"@type":"WebPage","@id":"https:\/\/dignita.com\/no\/alkometer\/","url":"https:\/\/dignita.com\/no\/alkometer\/","name":"Alkometer - Dignita","isPartOf":{"@id":"https:\/\/dignita.com\/#website"},"datePublished":"2021-11-08T15:22:43+00:00","dateModified":"2025-03-03T12:56:44+00:00","breadcrumb":{"@id":"https:\/\/dignita.com\/no\/alkometer\/#breadcrumb"},"inLanguage":"nb-NO","potentialAction":[{"@type":"ReadAction","target":["https:\/\/dignita.com\/no\/alkometer\/"]}]},{"@type":"BreadcrumbList","@id":"https:\/\/dignita.com\/no\/alkometer\/#breadcrumb","itemListElement":[{"@type":"ListItem","position":1,"name":"Home","item":"https:\/\/dignita.com\/no\/"},{"@type":"ListItem","position":2,"name":"Alkometer"}]},{"@type":"WebSite","@id":"https:\/\/dignita.com\/#website","url":"https:\/\/dignita.com\/","name":"Dignita","description":"","potentialAction":[{"@type":"SearchAction","target":{"@type":"EntryPoint","urlTemplate":"https:\/\/dignita.com\/?s={search_term_string}"},"query-input":{"@type":"PropertyValueSpecification","valueRequired":true,"valueName":"search_term_string"}}],"inLanguage":"nb-NO"}]}},"_links":{"self":[{"href":"https:\/\/dignita.com\/no\/wp-json\/wp\/v2\/pages\/1851","targetHints":{"allow":["GET"]}}],"collection":[{"href":"https:\/\/dignita.com\/no\/wp-json\/wp\/v2\/pages"}],"about":[{"href":"https:\/\/dignita.com\/no\/wp-json\/wp\/v2\/types\/page"}],"author":[{"embeddable":true,"href":"https:\/\/dignita.com\/no\/wp-json\/wp\/v2\/users\/7"}],"replies":[{"embeddable":true,"href":"https:\/\/dignita.com\/no\/wp-json\/wp\/v2\/comments?post=1851"}],"version-history":[{"count":6,"href":"https:\/\/dignita.com\/no\/wp-json\/wp\/v2\/pages\/1851\/revisions"}],"predecessor-version":[{"id":4601,"href":"https:\/\/dignita.com\/no\/wp-json\/wp\/v2\/pages\/1851\/revisions\/4601"}],"wp:attachment":[{"href":"https:\/\/dignita.com\/no\/wp-json\/wp\/v2\/media?parent=1851"}],"curies":[{"name":"wp","href":"https:\/\/api.w.org\/{rel}","templated":true}]}}