{"id":1859,"date":"2020-03-10T07:47:01","date_gmt":"2020-03-10T06:47:01","guid":{"rendered":"https:\/\/dignita.com\/?page_id=1859"},"modified":"2025-03-05T13:40:18","modified_gmt":"2025-03-05T12:40:18","slug":"integritetspolicy","status":"publish","type":"page","link":"https:\/\/dignita.com\/no\/integritetspolicy\/","title":{"rendered":"Integritetspolicy"},"content":{"rendered":"<div class=\"section\">\n<ol>\n<li style=\"font-weight: 400;\"><b><strong> BAKGRUNN OG M\u00c5L<\/strong><\/b><\/li>\n<\/ol>\n<p style=\"font-weight: 400;\">Personvernerkl\u00e6ringen ( &#8220;Policy&#8221;) inneholder regler og retningslinjer for behandling av personopplysninger som utf\u00f8res av behandlingsansvarlig i\u00a0 Dignita, uavhengig av hvilken type personopplysninger det gjelder og hvem sine personopplysninger det gjelder. Form\u00e5let med retningslinjene er \u00e5 \u00f8ke kunnskapen i Dignita og for \u00e5 sikre at Dignita oppfyller sine forpliktelser i henhold til databeskyttelsesforskriften.<\/p>\n<ol start=\"2\">\n<li style=\"font-weight: 400;\"><b><strong> DIGNITA SOM DATABEHANDLER<\/strong><\/b><\/li>\n<\/ol>\n<p style=\"font-weight: 400;\"><b><strong>2.1 GENERELT<\/strong><\/b><\/p>\n<p style=\"font-weight: 400;\">N\u00e5r Dignita samler inn, behandler og lagrer personopplysninger skal dette alltid gj\u00f8res p\u00e5 en lovlig, riktig, transparent og effektiv m\u00e5te, og i den grad Dignita anser det som n\u00f8dvendig. Dignita skal konsekvent behandle personopplysninger p\u00e5 en m\u00e5te som unng\u00e5r \u00e5 bryte personvernet til den registrerte. I alle tilfeller av personlig databehandling er Dignita veldig n\u00f8ye med at personopplysninger er beskyttet med passende sikkerhetstiltak.<\/p>\n<p style=\"font-weight: 400;\">Dignita kan behandle personopplysninger enten ved \u00e5 samle inn og behandle dataene selv, p\u00e5 egne vegne, eller p\u00e5 vegne av andre selskaper. Dignita kan dermed fungere som behandlingsansvarlig, men ogs\u00e5 i noen tilfeller som databehandler.<\/p>\n<p style=\"font-weight: 400;\">I flere tilfeller n\u00e5r Dignita ber om personopplysninger gj\u00f8r Dignita det for \u00e5 m\u00f8te regulatoriske eller kontraktskrav, eller krav som er n\u00f8dvendige for \u00e5 inng\u00e5 en avtale med for eksempel en kunde eller leverand\u00f8r. Dersom registranten ikke gir den informasjonen Dignita \u00f8nsker, kan det i visse tilfeller f\u00f8re til at Dignita ikke kan inng\u00e5 avtale eller oppfylle v\u00e5re forpliktelser i en avtale med den registrerte.<\/p>\n<p style=\"font-weight: 400;\">Hvis registranten har tvil eller bekymringer om \u00e5 overlate bestemte personopplysninger, kan man kontakte Dignita i samsvar med avsnitt 6 Kontaktinformasjon.<\/p>\n<p style=\"font-weight: 400;\">Hva er det juridiske grunnlaget for behandlingen?<\/p>\n<p style=\"font-weight: 400;\">For \u00e5 kunne konkludere og forvalte avtaler med v\u00e5re kunder og leverand\u00f8rer, behandler Dignita personlige data fra private kunder samt representanter for v\u00e5re forretningskunder \/ leverand\u00f8rer. Enkelte personopplysninger kan ogs\u00e5 behandles fordi Dignita har en juridisk forpliktelse til \u00e5 gj\u00f8re det, slik som personlig informasjon p\u00e5 fakturaer som f\u00f8lge av regnskapsplikt.<\/p>\n<p style=\"font-weight: 400;\">Hvilke personopplysninger behandles og hvem er mottakeren?<\/p>\n<p style=\"font-weight: 400;\">Kunder: Dignita behandler personopplysninger med de vi har kundeavtale med. Personopplysninger som behandles kan inneholde navn, telefonnummer, e-postadresse, personnummer og eventuelt registreringsnummer p\u00e5 bil.<\/p>\n<p style=\"font-weight: 400;\">Dignita kan ogs\u00e5 behandle personopplysninger om potensielle kunder. Personopplysninger som behandles kan inneholde navn, telefonnummer, adresse og e-post.<\/p>\n<p style=\"font-weight: 400;\">De som mottar informasjonen, er hovedsakelig relevante for avtalen i salgsavdelingen, \u00f8konomiavdelingen, markedsavdelingen, ledere og kontraktsadministratorer. Selv Dignitas kundest\u00f8tte og teknikere kan motta informasjonen, samt myndighetene om n\u00f8dvendig.<\/p>\n<p style=\"font-weight: 400;\">Leverand\u00f8rer: Dignita behandler personligopplysninger om representanter for leverand\u00f8rbedrifter som vi har eller har til hensikt \u00e5 inng\u00e5 avtale med. Personopplysninger som behandles kan inneholde navn, telefonnummer, e-postadresse og faglig tittel.<\/p>\n<p style=\"font-weight: 400;\">De som mottar informasjonen, er hovedsakelig Dignitas innkj\u00f8psavdeling, Daglig leder, \u00f8konomiavdeling og IT-avdeling.<\/p>\n<p style=\"font-weight: 400;\">Til hvilke form\u00e5l behandles personopplysninger?<\/p>\n<p style=\"font-weight: 400;\">\u00a0Kunder: I tilfeller der det foreligger en eksisterende kundeavtale, behandler Dignita kun personlig informasjon som er relevant for kundeforholdet og som kreves for avtalens gjennomf\u00f8ring. Det vil si prim\u00e6rt \u00e5 administrere tjenestene som blir forespurt, eller h\u00e5ndtering av ordre av varer eller tjenester. Personlige data, for eksempel personnummer, behandles bare om n\u00f8dvendig for fakturering, kredittvurderinger eller lignende. Personlige data kan ogs\u00e5 behandles med det form\u00e5l \u00e5 sende interessante tilbud og annonser. Registranten har imidlertid rett til \u00e5 motsette seg behandling av personopplysninger for direkte markedsf\u00f8ring n\u00e5r som helst, se avsnitt 5.3 nedenfor. I de tilfellene hvor Dignita behandler personlig informasjon om potensielle kunder, gj\u00f8res dette for \u00e5 kontakte kunden for \u00e5 gi kunden interessante tilbud og informasjon via telefon, e-post eller for \u00e5 administrere avtalte m\u00f8ter. Som angitt i punkt 5.3, har representanten alltid rett til \u00e5 motsette seg direkte markedsf\u00f8ring.<\/p>\n<p style=\"font-weight: 400;\">Leverand\u00f8rer: Dignita behandler personlig informasjon for generelt \u00e5 h\u00e5ndtere kj\u00f8psavtaler, h\u00e5ndtere fakturaer og stille sp\u00f8rsm\u00e5l til Dignitas leverand\u00f8rer ang\u00e5ende varene eller tjenestene vi kj\u00f8per.<\/p>\n<p style=\"font-weight: 400;\">Hvor lenge lagres data?<\/p>\n<p style=\"font-weight: 400;\">Dignita lagrer aldri data lenger enn n\u00f8dvendig med tanke p\u00e5 form\u00e5let med behandlingen. Dignita fjerner derfor regelmessige data i lagrede personopplysninger og fjerner data som ikke lenger er n\u00f8dvendig etter at kunde- og leverand\u00f8rforholdet er utl\u00f8pt.<\/p>\n<p style=\"font-weight: 400;\">Kunder: For Dignita kan det v\u00e6re n\u00f8dvendig \u00e5 lagre personopplysninger etter at kundeforholdet er opph\u00f8rt, dels for \u00e5 administrere eventuelle garantier og reklamasjonsfrister, h\u00e5ndtere rettslige krav som kan bli rettet mot Dignita, eller \u00e5 markedsf\u00f8re tjenester og sende tilbud som Dignita tror kan v\u00e6re av interesse for v\u00e5re kunder. Unntaksvis lagres personopplysninger i en viss tidsperiode etter kundeforholdet har opph\u00f8rt eller til personen frast\u00e5r \u00f8nske om direkte markedsf\u00f8ring.<\/p>\n<p style=\"font-weight: 400;\">Personlige opplysninger om potensielle kunder fjernes n\u00e5r dialogen med kunden avsluttes, forutsatt at det ikke er etablert et kundeforhold, eller personen har motsatt seg mot direkte markedsf\u00f8ring.<\/p>\n<p style=\"font-weight: 400;\">Leverand\u00f8rer: Dignita kan trenge \u00e5 lagre personopplysninger etter at avtaleforholdet er opph\u00f8rt, dels for \u00e5 administrere eventuelle garantier og reklamasjonsfrister, evt. h\u00e5ndtere rettslige krav som kan rettes mot Dignita. Unntaksvis er personopplysninger derfor lagret i 2 \u00e5r fra datoen for oppsigelsen av kontrakten.<\/p>\n<p style=\"font-weight: 400;\">Personlige data kan lagres generelt for \u00e5 sikre overholdelse av juridiske forpliktelser, for eksempel regnskap. Hvis det foreligger en slik forpliktelse, kan personopplysninger lagres i opptil 10 \u00e5r.<\/p>\n<ol start=\"3\">\n<li style=\"font-weight: 400;\"><b><strong> DIGNITA DELER INFORMASJON MED EKSTERN PART<\/strong><\/b><\/li>\n<\/ol>\n<p style=\"font-weight: 400;\">Dignita kan fra tid til annen gi informasjon til relevante tredjeparter (inkludert men ikke begrenset til situasjoner der vi har en lovlig forpliktelse til \u00e5 gj\u00f8re det). For \u00e5 sikre at din personlige informasjon behandles p\u00e5 en sikker m\u00e5te, har Dignita som rutine \u00e5 utarbeide avtaler (databehandler avtale eller liknende) med en ekstern part som h\u00e5ndterer personopplysninger p\u00e5 Dignitas vegne. I slike avtaler er form\u00e5let med behandlingen alltid oppgitt, behandlingens varighet, art og form\u00e5l, type personopplysninger og kategorier av registrerte personer og v\u00e5re forpliktelser og rettigheter som databehandler. I tillegg gir Dignita som behandlingsansvarlig alltid dokumenterte instruksjoner til databehandler som databehandler skal f\u00f8lge.<\/p>\n<ol start=\"4\">\n<li style=\"font-weight: 400;\"><b><strong> DIGNITA SOM DATABEHANDLER<\/strong><\/b><\/li>\n<\/ol>\n<p style=\"font-weight: 400;\">I hvert tilfelle, hvor Dignita er en databehandler, skal Dignita inng\u00e5 en databehandleravtale med en behandlingsansvarlig. Det er Behandlingsansvarlig som eksempelvis bestemmer form\u00e5l og lagringstider for personopplysninger. Derfor, n\u00e5r Dignita en databehandler, behandles personopplysninger alltid i samsvar med databehandleravtalen og i samsvar med behandlingsansvarliges instruksjoner.<\/p>\n<p style=\"font-weight: 400;\">Dignita s\u00f8rger alltid for at personopplysninger er beskyttet av hensiktsmessige sikkerhetstiltak, og at tilgang til personopplysninger bare gis til en begrenset krets innenfor Dignitas virksomhet som virkelig trenger tilgang til dem i sitt arbeid.<\/p>\n<ol start=\"5\">\n<li style=\"font-weight: 400;\"><b><strong> DEN REGISTRERTES RETTIGHETER<\/strong><\/b><\/li>\n<\/ol>\n<p style=\"font-weight: 400;\"><b><strong>5.1 RETT TIL TILGANG<\/strong><\/b><\/p>\n<p style=\"font-weight: 400;\">Den registrerte har rett til \u00e5 henvende seg til Dignita som behandlingsansvarlig og be om tilgang til personopplysninger Dignita behandler og ogs\u00e5 bli informert om blant annet form\u00e5let med behandlingen, og hvem som har f\u00e5tt tilgang til personopplysningene.<\/p>\n<p style=\"font-weight: 400;\">Dignita som behandlingsansvarlig skal gi den registrerte kostnadsfri kopi av personopplysningene som behandles. I tilfelle ytterligere kopier kan Dignita belaste et administrasjonsgebyr.<\/p>\n<p style=\"font-weight: 400;\"><b><strong>5.2 RETT TIL RETTIGHET, SLETTING ELLER BEGRENSNING<\/strong><\/b><\/p>\n<p style=\"font-weight: 400;\">Den registrerte har rett til \u00e5 f\u00e5 sine personopplysninger uten un\u00f8dig forsinkelse rettet eller, under visse forhold, begrenset eller slettet. Dersom registranten anser at Dignita behandler personopplysninger som er feil eller ufullstendig, kan registranten kreve at disse rettes eller suppleres.<\/p>\n<p style=\"font-weight: 400;\">Den registrerte har rett til \u00e5 f\u00e5 sine data slettet i tilfelle de ikke lenger er n\u00f8dvendig eller dersom behandlingen er basert p\u00e5 samtykke, og dette har blitt trukket tilbake.<\/p>\n<p style=\"font-weight: 400;\">Hvis den registrerte ber om retting, sletting eller begrensning i behandling har Dignita som behandlingsansvarlig som rutine \u00e5 informere alle mottakere av personopplysningene p\u00e5 den registrertes vegne.<\/p>\n<p style=\"font-weight: 400;\"><b><strong>5.3 RETT TIL INVENDELSER<\/strong><\/b><\/p>\n<p style=\"font-weight: 400;\">Den registrerte har til enhver tid rett til \u00e5 innvende seg mot behandling av sine personopplysninger om det lovlige grunnlaget for behandlingen er i offentlighetens interesse eller interesseavveining i henhold til artikkel 6.1 (e) og (f) databeskyttelsesforeskriften.<\/p>\n<p style=\"font-weight: 400;\">Den registrerte har ogs\u00e5 rett til \u00e5 motsette seg behandling av sine personopplysninger n\u00e5r som helst hvis de behandles for direkte markedsf\u00f8ring.<\/p>\n<p style=\"font-weight: 400;\"><b><strong>5.4 RETT TIL DATAPORTABILITET<\/strong><\/b><\/p>\n<p style=\"font-weight: 400;\">Den registrerte har rett til \u00e5 f\u00e5 ut personopplysningene som denne personen har gitt til behandlingsansvarlig, og har rett til \u00e5 overf\u00f8re denne informasjonen til en annen behandlingsansvarlig. Dette gjelder imidlertid, forutsatt at<\/p>\n<p style=\"font-weight: 400;\">(a) er teknisk mulig og<\/p>\n<p style=\"font-weight: 400;\">(b) Lovlig grunnlag for behandlingen utgj\u00f8r samtykke eller at behandlingen var n\u00f8dvendig for gjennomf\u00f8ring av en avtale.<\/p>\n<p style=\"font-weight: 400;\"><b><strong>5.5 RETT TIL \u00c5 TILBAKEKALLE SAMTYKKE<\/strong><\/b><\/p>\n<p style=\"font-weight: 400;\">Hvis personopplysninger er basert p\u00e5 samtykke fra den registrerte, har denne rettigheten rett til \u00e5 tilbakekalle dette samtykket n\u00e5r som helst. Slik tilbakekalling p\u00e5virker ikke lovligheten av personlig databehandling f\u00f8r samtykket ble tilbakekalt.<\/p>\n<p style=\"font-weight: 400;\"><b><strong>5.6 RETTIGHETER VED PROFILERING<\/strong><\/b><\/p>\n<p style=\"font-weight: 400;\">Den registrerte har rett til ikke \u00e5 bli form\u00e5l for beslutninger basert utelukkende p\u00e5 automatisert behandling, herunder profilering, som kan ha juridiske konsekvenser eller tilsvarende for den registrerte. Dette gjelder imidlertid ikke<\/p>\n<p style=\"font-weight: 400;\">(a) hvis slik behandling er n\u00f8dvendig for inng\u00e5else eller gjennomf\u00f8ring av avtaler med den registrerte,<\/p>\n<p style=\"font-weight: 400;\">(b) hvis slik behandling er tillatt i henhold til gjeldende lovgivning eller<\/p>\n<p style=\"font-weight: 400;\">(c) hvis lovlig grunn best\u00e5r av registrantens samtykke.<\/p>\n<p style=\"font-weight: 400;\"><b><strong>5.7 RETT TIL \u00c5 KLAGE TIL DATATILSYNET<\/strong><\/b><\/p>\n<p style=\"font-weight: 400;\">Registranten har rett til \u00e5 sende klage til Datatilsynet.<\/p>\n<p style=\"font-weight: 400;\"><b><strong>Kontakt<\/strong><\/b><\/p>\n<p style=\"font-weight: 400;\">Datatilsynet, Postboks 8177, 0034 Oslo<\/p>\n<p style=\"font-weight: 400;\">Telefonnummer:<\/p>\n<p style=\"font-weight: 400;\">22 39 69 00<\/p>\n<p style=\"font-weight: 400;\">E-postadresse:<\/p>\n<p style=\"font-weight: 400;\">postkasse@datatilsynet.no<\/p>\n<ol start=\"6\">\n<li style=\"font-weight: 400;\"><b><strong> KONTAKT INFORMASJON<\/strong><\/b><\/li>\n<\/ol>\n<p style=\"font-weight: 400;\">For sp\u00f8rsm\u00e5l om retningslinjene eller for andre foresp\u00f8rsler om personopplysninger, vennligst kontakt oss.<\/p>\n<p><strong>Dignita Systems AB<\/strong><\/p>\n<p>Formv\u00e4gen 16<br \/>\n906 21 Ume\u00e5<br \/>\nTel. 090-12 94 00<br \/>\n<a href=\"mailto:personuppgiftspolicy@dignita.se\">personuppgiftspolicy@dignita.se<\/a><br \/>\norg.nr. 556582-5964<\/p>\n<ol start=\"7\">\n<li style=\"font-weight: 400;\">\n<pre id=\"tw-target-text\" class=\"tw-data-text tw-text-large XcVN5d tw-ta\" dir=\"ltr\" data-placeholder=\"Oversettelse\"><span lang=\"no\"><strong>Informasjonskapsler<\/strong>\r\nDette nettstedet bruker informasjonskapsler. I henhold til lov om elektronisk kommunikasjon, m\u00e5 alle som bes\u00f8ker et nettsted med informasjonskapsler ha tilgang til informasjon om at nettstedet inneholder informasjonskapsler og form\u00e5let med deres bruk. Informasjonskapsler brukes normalt for \u00e5 forbedre nettstedet for brukeren, for eksempel for \u00e5 kunne tilpasse et nettsted til den bes\u00f8kendes \u00f8nsker og valg. Vi bruker ogs\u00e5 informasjonskapsler med v\u00e5rt analyseverkt\u00f8y for nettstatistikk.<\/span><\/pre>\n<\/li>\n<li style=\"font-weight: 400;\"><b><strong>ENDRINGER i POLICY<\/strong><\/b><\/li>\n<\/ol>\n<p style=\"font-weight: 400;\">Dignita forbeholder seg retten til \u00e5 endre og oppdatere retningslinjene. Ved materielle endringer i retningslinjene eller hvis den eksisterende informasjonen skal behandles annerledes enn angitt retningslinjene, vil Dignita informere p\u00e5 riktig m\u00e5te.<\/p>\n<p style=\"font-weight: 400;\">\n<\/div>\n","protected":false},"excerpt":{"rendered":"<p>BAKGRUNN OG M\u00c5L Personvernerkl\u00e6ringen ( &#8220;Policy&#8221;) inneholder regler og retningslinjer for behandling av personopplysninger som utf\u00f8res av behandlingsansvarlig i\u00a0 Dignita, uavhengig av hvilken type personopplysninger det gjelder og hvem sine personopplysninger det gjelder. Form\u00e5let med retningslinjene er \u00e5 \u00f8ke kunnskapen i Dignita og for \u00e5 sikre at Dignita oppfyller sine forpliktelser i henhold til databeskyttelsesforskriften. [&hellip;]<\/p>\n","protected":false},"author":7,"featured_media":0,"parent":0,"menu_order":0,"comment_status":"closed","ping_status":"open","template":"","meta":{"_acf_changed":false,"footnotes":""},"class_list":["post-1859","page","type-page","status-publish","hentry"],"acf":[],"yoast_head":"<!-- This site is optimized with the Yoast SEO plugin v27.3 - https:\/\/yoast.com\/product\/yoast-seo-wordpress\/ -->\n<title>Integritetspolicy - Dignita<\/title>\n<meta name=\"robots\" content=\"index, follow, max-snippet:-1, max-image-preview:large, max-video-preview:-1\" \/>\n<link rel=\"canonical\" href=\"https:\/\/dignita.com\/no\/integritetspolicy\/\" \/>\n<meta property=\"og:locale\" content=\"nb_NO\" \/>\n<meta property=\"og:type\" content=\"article\" \/>\n<meta property=\"og:title\" content=\"Integritetspolicy - Dignita\" \/>\n<meta property=\"og:description\" content=\"BAKGRUNN OG M\u00c5L Personvernerkl\u00e6ringen ( &#8220;Policy&#8221;) inneholder regler og retningslinjer for behandling av personopplysninger som utf\u00f8res av behandlingsansvarlig i\u00a0 Dignita, uavhengig av hvilken type personopplysninger det gjelder og hvem sine personopplysninger det gjelder. Form\u00e5let med retningslinjene er \u00e5 \u00f8ke kunnskapen i Dignita og for \u00e5 sikre at Dignita oppfyller sine forpliktelser i henhold til databeskyttelsesforskriften. [&hellip;]\" \/>\n<meta property=\"og:url\" content=\"https:\/\/dignita.com\/no\/integritetspolicy\/\" \/>\n<meta property=\"og:site_name\" content=\"Dignita\" \/>\n<meta property=\"article:modified_time\" content=\"2025-03-05T12:40:18+00:00\" \/>\n<meta name=\"twitter:card\" content=\"summary_large_image\" \/>\n<meta name=\"twitter:label1\" content=\"Est. reading time\" \/>\n\t<meta name=\"twitter:data1\" content=\"8 minutes\" \/>\n<script type=\"application\/ld+json\" class=\"yoast-schema-graph\">{\"@context\":\"https:\\\/\\\/schema.org\",\"@graph\":[{\"@type\":\"WebPage\",\"@id\":\"https:\\\/\\\/dignita.com\\\/no\\\/integritetspolicy\\\/\",\"url\":\"https:\\\/\\\/dignita.com\\\/no\\\/integritetspolicy\\\/\",\"name\":\"Integritetspolicy - Dignita\",\"isPartOf\":{\"@id\":\"https:\\\/\\\/dignita.com\\\/#website\"},\"datePublished\":\"2020-03-10T06:47:01+00:00\",\"dateModified\":\"2025-03-05T12:40:18+00:00\",\"breadcrumb\":{\"@id\":\"https:\\\/\\\/dignita.com\\\/no\\\/integritetspolicy\\\/#breadcrumb\"},\"inLanguage\":\"nb-NO\",\"potentialAction\":[{\"@type\":\"ReadAction\",\"target\":[\"https:\\\/\\\/dignita.com\\\/no\\\/integritetspolicy\\\/\"]}]},{\"@type\":\"BreadcrumbList\",\"@id\":\"https:\\\/\\\/dignita.com\\\/no\\\/integritetspolicy\\\/#breadcrumb\",\"itemListElement\":[{\"@type\":\"ListItem\",\"position\":1,\"name\":\"Home\",\"item\":\"https:\\\/\\\/dignita.com\\\/no\\\/\"},{\"@type\":\"ListItem\",\"position\":2,\"name\":\"Integritetspolicy\"}]},{\"@type\":\"WebSite\",\"@id\":\"https:\\\/\\\/dignita.com\\\/#website\",\"url\":\"https:\\\/\\\/dignita.com\\\/\",\"name\":\"Dignita\",\"description\":\"\",\"potentialAction\":[{\"@type\":\"SearchAction\",\"target\":{\"@type\":\"EntryPoint\",\"urlTemplate\":\"https:\\\/\\\/dignita.com\\\/?s={search_term_string}\"},\"query-input\":{\"@type\":\"PropertyValueSpecification\",\"valueRequired\":true,\"valueName\":\"search_term_string\"}}],\"inLanguage\":\"nb-NO\"}]}<\/script>\n<!-- \/ Yoast SEO plugin. -->","yoast_head_json":{"title":"Integritetspolicy - Dignita","robots":{"index":"index","follow":"follow","max-snippet":"max-snippet:-1","max-image-preview":"max-image-preview:large","max-video-preview":"max-video-preview:-1"},"canonical":"https:\/\/dignita.com\/no\/integritetspolicy\/","og_locale":"nb_NO","og_type":"article","og_title":"Integritetspolicy - Dignita","og_description":"BAKGRUNN OG M\u00c5L Personvernerkl\u00e6ringen ( &#8220;Policy&#8221;) inneholder regler og retningslinjer for behandling av personopplysninger som utf\u00f8res av behandlingsansvarlig i\u00a0 Dignita, uavhengig av hvilken type personopplysninger det gjelder og hvem sine personopplysninger det gjelder. Form\u00e5let med retningslinjene er \u00e5 \u00f8ke kunnskapen i Dignita og for \u00e5 sikre at Dignita oppfyller sine forpliktelser i henhold til databeskyttelsesforskriften. [&hellip;]","og_url":"https:\/\/dignita.com\/no\/integritetspolicy\/","og_site_name":"Dignita","article_modified_time":"2025-03-05T12:40:18+00:00","twitter_card":"summary_large_image","twitter_misc":{"Est. reading time":"8 minutes"},"schema":{"@context":"https:\/\/schema.org","@graph":[{"@type":"WebPage","@id":"https:\/\/dignita.com\/no\/integritetspolicy\/","url":"https:\/\/dignita.com\/no\/integritetspolicy\/","name":"Integritetspolicy - Dignita","isPartOf":{"@id":"https:\/\/dignita.com\/#website"},"datePublished":"2020-03-10T06:47:01+00:00","dateModified":"2025-03-05T12:40:18+00:00","breadcrumb":{"@id":"https:\/\/dignita.com\/no\/integritetspolicy\/#breadcrumb"},"inLanguage":"nb-NO","potentialAction":[{"@type":"ReadAction","target":["https:\/\/dignita.com\/no\/integritetspolicy\/"]}]},{"@type":"BreadcrumbList","@id":"https:\/\/dignita.com\/no\/integritetspolicy\/#breadcrumb","itemListElement":[{"@type":"ListItem","position":1,"name":"Home","item":"https:\/\/dignita.com\/no\/"},{"@type":"ListItem","position":2,"name":"Integritetspolicy"}]},{"@type":"WebSite","@id":"https:\/\/dignita.com\/#website","url":"https:\/\/dignita.com\/","name":"Dignita","description":"","potentialAction":[{"@type":"SearchAction","target":{"@type":"EntryPoint","urlTemplate":"https:\/\/dignita.com\/?s={search_term_string}"},"query-input":{"@type":"PropertyValueSpecification","valueRequired":true,"valueName":"search_term_string"}}],"inLanguage":"nb-NO"}]}},"_links":{"self":[{"href":"https:\/\/dignita.com\/no\/wp-json\/wp\/v2\/pages\/1859","targetHints":{"allow":["GET"]}}],"collection":[{"href":"https:\/\/dignita.com\/no\/wp-json\/wp\/v2\/pages"}],"about":[{"href":"https:\/\/dignita.com\/no\/wp-json\/wp\/v2\/types\/page"}],"author":[{"embeddable":true,"href":"https:\/\/dignita.com\/no\/wp-json\/wp\/v2\/users\/7"}],"replies":[{"embeddable":true,"href":"https:\/\/dignita.com\/no\/wp-json\/wp\/v2\/comments?post=1859"}],"version-history":[{"count":6,"href":"https:\/\/dignita.com\/no\/wp-json\/wp\/v2\/pages\/1859\/revisions"}],"predecessor-version":[{"id":4607,"href":"https:\/\/dignita.com\/no\/wp-json\/wp\/v2\/pages\/1859\/revisions\/4607"}],"wp:attachment":[{"href":"https:\/\/dignita.com\/no\/wp-json\/wp\/v2\/media?parent=1859"}],"curies":[{"name":"wp","href":"https:\/\/api.w.org\/{rel}","templated":true}]}}