{"id":1867,"date":"2020-10-22T08:30:32","date_gmt":"2020-10-22T06:30:32","guid":{"rendered":"https:\/\/dignita.com\/?page_id=1867"},"modified":"2025-02-26T16:00:22","modified_gmt":"2025-02-26T15:00:22","slug":"instruksjoner","status":"publish","type":"page","link":"https:\/\/dignita.com\/no\/kundeservice\/instruksjoner\/","title":{"rendered":"Instruksjoner"},"content":{"rendered":"<h3><a href=\"https:\/\/studiorail.com\/embed\/iyWUiJZJNG\">Bl\u00e5seteknikk<\/a><\/h3>\n<p>For alkol\u00e5s Dignita AL-100,<\/p>\n<p>Velg bl\u00e5seteknikk f\u00f8r kommersielt alkol\u00e5s.<\/p>\n","protected":false},"excerpt":{"rendered":"<p>Bl\u00e5seteknikk For alkol\u00e5s Dignita AL-100, Velg bl\u00e5seteknikk f\u00f8r kommersielt alkol\u00e5s.<\/p>\n","protected":false},"author":7,"featured_media":1760,"parent":1862,"menu_order":0,"comment_status":"closed","ping_status":"closed","template":"","meta":{"_acf_changed":false,"footnotes":""},"class_list":["post-1867","page","type-page","status-publish","has-post-thumbnail","hentry"],"acf":[],"yoast_head":"<!-- This site is optimized with the Yoast SEO plugin v27.3 - https:\/\/yoast.com\/product\/yoast-seo-wordpress\/ -->\n<title>Instruksjoner - Dignita<\/title>\n<meta name=\"robots\" content=\"index, follow, max-snippet:-1, max-image-preview:large, max-video-preview:-1\" \/>\n<link rel=\"canonical\" href=\"https:\/\/dignita.com\/no\/kundeservice\/instruksjoner\/\" \/>\n<meta property=\"og:locale\" content=\"nb_NO\" \/>\n<meta property=\"og:type\" content=\"article\" \/>\n<meta property=\"og:title\" content=\"Instruksjoner - Dignita\" \/>\n<meta property=\"og:description\" content=\"Bl\u00e5seteknikk For alkol\u00e5s Dignita AL-100, Velg bl\u00e5seteknikk f\u00f8r kommersielt alkol\u00e5s.\" \/>\n<meta property=\"og:url\" content=\"https:\/\/dignita.com\/no\/kundeservice\/instruksjoner\/\" \/>\n<meta property=\"og:site_name\" content=\"Dignita\" \/>\n<meta property=\"article:modified_time\" content=\"2025-02-26T15:00:22+00:00\" \/>\n<meta property=\"og:image\" content=\"https:\/\/dignita.com\/app\/uploads\/2020\/04\/al_100k_front.png\" \/>\n\t<meta property=\"og:image:width\" content=\"1000\" \/>\n\t<meta property=\"og:image:height\" content=\"1000\" \/>\n\t<meta property=\"og:image:type\" content=\"image\/png\" \/>\n<meta name=\"twitter:card\" content=\"summary_large_image\" \/>\n<meta name=\"twitter:label1\" content=\"Est. reading time\" \/>\n\t<meta name=\"twitter:data1\" content=\"1 minute\" \/>\n<script type=\"application\/ld+json\" class=\"yoast-schema-graph\">{\"@context\":\"https:\\\/\\\/schema.org\",\"@graph\":[{\"@type\":\"WebPage\",\"@id\":\"https:\\\/\\\/dignita.com\\\/no\\\/kundeservice\\\/instruksjoner\\\/\",\"url\":\"https:\\\/\\\/dignita.com\\\/no\\\/kundeservice\\\/instruksjoner\\\/\",\"name\":\"Instruksjoner - Dignita\",\"isPartOf\":{\"@id\":\"https:\\\/\\\/dignita.com\\\/#website\"},\"primaryImageOfPage\":{\"@id\":\"https:\\\/\\\/dignita.com\\\/no\\\/kundeservice\\\/instruksjoner\\\/#primaryimage\"},\"image\":{\"@id\":\"https:\\\/\\\/dignita.com\\\/no\\\/kundeservice\\\/instruksjoner\\\/#primaryimage\"},\"thumbnailUrl\":\"https:\\\/\\\/dignita.com\\\/app\\\/uploads\\\/2020\\\/04\\\/al_100k_front.png\",\"datePublished\":\"2020-10-22T06:30:32+00:00\",\"dateModified\":\"2025-02-26T15:00:22+00:00\",\"breadcrumb\":{\"@id\":\"https:\\\/\\\/dignita.com\\\/no\\\/kundeservice\\\/instruksjoner\\\/#breadcrumb\"},\"inLanguage\":\"nb-NO\",\"potentialAction\":[{\"@type\":\"ReadAction\",\"target\":[\"https:\\\/\\\/dignita.com\\\/no\\\/kundeservice\\\/instruksjoner\\\/\"]}]},{\"@type\":\"ImageObject\",\"inLanguage\":\"nb-NO\",\"@id\":\"https:\\\/\\\/dignita.com\\\/no\\\/kundeservice\\\/instruksjoner\\\/#primaryimage\",\"url\":\"https:\\\/\\\/dignita.com\\\/app\\\/uploads\\\/2020\\\/04\\\/al_100k_front.png\",\"contentUrl\":\"https:\\\/\\\/dignita.com\\\/app\\\/uploads\\\/2020\\\/04\\\/al_100k_front.png\",\"width\":1000,\"height\":1000},{\"@type\":\"BreadcrumbList\",\"@id\":\"https:\\\/\\\/dignita.com\\\/no\\\/kundeservice\\\/instruksjoner\\\/#breadcrumb\",\"itemListElement\":[{\"@type\":\"ListItem\",\"position\":1,\"name\":\"Home\",\"item\":\"https:\\\/\\\/dignita.com\\\/no\\\/\"},{\"@type\":\"ListItem\",\"position\":2,\"name\":\"Kundeservice\",\"item\":\"https:\\\/\\\/dignita.com\\\/no\\\/kundeservice\\\/\"},{\"@type\":\"ListItem\",\"position\":3,\"name\":\"Instruksjoner\"}]},{\"@type\":\"WebSite\",\"@id\":\"https:\\\/\\\/dignita.com\\\/#website\",\"url\":\"https:\\\/\\\/dignita.com\\\/\",\"name\":\"Dignita\",\"description\":\"\",\"potentialAction\":[{\"@type\":\"SearchAction\",\"target\":{\"@type\":\"EntryPoint\",\"urlTemplate\":\"https:\\\/\\\/dignita.com\\\/?s={search_term_string}\"},\"query-input\":{\"@type\":\"PropertyValueSpecification\",\"valueRequired\":true,\"valueName\":\"search_term_string\"}}],\"inLanguage\":\"nb-NO\"}]}<\/script>\n<!-- \/ Yoast SEO plugin. -->","yoast_head_json":{"title":"Instruksjoner - Dignita","robots":{"index":"index","follow":"follow","max-snippet":"max-snippet:-1","max-image-preview":"max-image-preview:large","max-video-preview":"max-video-preview:-1"},"canonical":"https:\/\/dignita.com\/no\/kundeservice\/instruksjoner\/","og_locale":"nb_NO","og_type":"article","og_title":"Instruksjoner - Dignita","og_description":"Bl\u00e5seteknikk For alkol\u00e5s Dignita AL-100, Velg bl\u00e5seteknikk f\u00f8r kommersielt alkol\u00e5s.","og_url":"https:\/\/dignita.com\/no\/kundeservice\/instruksjoner\/","og_site_name":"Dignita","article_modified_time":"2025-02-26T15:00:22+00:00","og_image":[{"width":1000,"height":1000,"url":"https:\/\/dignita.com\/app\/uploads\/2020\/04\/al_100k_front.png","type":"image\/png"}],"twitter_card":"summary_large_image","twitter_misc":{"Est. reading time":"1 minute"},"schema":{"@context":"https:\/\/schema.org","@graph":[{"@type":"WebPage","@id":"https:\/\/dignita.com\/no\/kundeservice\/instruksjoner\/","url":"https:\/\/dignita.com\/no\/kundeservice\/instruksjoner\/","name":"Instruksjoner - Dignita","isPartOf":{"@id":"https:\/\/dignita.com\/#website"},"primaryImageOfPage":{"@id":"https:\/\/dignita.com\/no\/kundeservice\/instruksjoner\/#primaryimage"},"image":{"@id":"https:\/\/dignita.com\/no\/kundeservice\/instruksjoner\/#primaryimage"},"thumbnailUrl":"https:\/\/dignita.com\/app\/uploads\/2020\/04\/al_100k_front.png","datePublished":"2020-10-22T06:30:32+00:00","dateModified":"2025-02-26T15:00:22+00:00","breadcrumb":{"@id":"https:\/\/dignita.com\/no\/kundeservice\/instruksjoner\/#breadcrumb"},"inLanguage":"nb-NO","potentialAction":[{"@type":"ReadAction","target":["https:\/\/dignita.com\/no\/kundeservice\/instruksjoner\/"]}]},{"@type":"ImageObject","inLanguage":"nb-NO","@id":"https:\/\/dignita.com\/no\/kundeservice\/instruksjoner\/#primaryimage","url":"https:\/\/dignita.com\/app\/uploads\/2020\/04\/al_100k_front.png","contentUrl":"https:\/\/dignita.com\/app\/uploads\/2020\/04\/al_100k_front.png","width":1000,"height":1000},{"@type":"BreadcrumbList","@id":"https:\/\/dignita.com\/no\/kundeservice\/instruksjoner\/#breadcrumb","itemListElement":[{"@type":"ListItem","position":1,"name":"Home","item":"https:\/\/dignita.com\/no\/"},{"@type":"ListItem","position":2,"name":"Kundeservice","item":"https:\/\/dignita.com\/no\/kundeservice\/"},{"@type":"ListItem","position":3,"name":"Instruksjoner"}]},{"@type":"WebSite","@id":"https:\/\/dignita.com\/#website","url":"https:\/\/dignita.com\/","name":"Dignita","description":"","potentialAction":[{"@type":"SearchAction","target":{"@type":"EntryPoint","urlTemplate":"https:\/\/dignita.com\/?s={search_term_string}"},"query-input":{"@type":"PropertyValueSpecification","valueRequired":true,"valueName":"search_term_string"}}],"inLanguage":"nb-NO"}]}},"_links":{"self":[{"href":"https:\/\/dignita.com\/no\/wp-json\/wp\/v2\/pages\/1867","targetHints":{"allow":["GET"]}}],"collection":[{"href":"https:\/\/dignita.com\/no\/wp-json\/wp\/v2\/pages"}],"about":[{"href":"https:\/\/dignita.com\/no\/wp-json\/wp\/v2\/types\/page"}],"author":[{"embeddable":true,"href":"https:\/\/dignita.com\/no\/wp-json\/wp\/v2\/users\/7"}],"replies":[{"embeddable":true,"href":"https:\/\/dignita.com\/no\/wp-json\/wp\/v2\/comments?post=1867"}],"version-history":[{"count":2,"href":"https:\/\/dignita.com\/no\/wp-json\/wp\/v2\/pages\/1867\/revisions"}],"predecessor-version":[{"id":4597,"href":"https:\/\/dignita.com\/no\/wp-json\/wp\/v2\/pages\/1867\/revisions\/4597"}],"up":[{"embeddable":true,"href":"https:\/\/dignita.com\/no\/wp-json\/wp\/v2\/pages\/1862"}],"wp:featuredmedia":[{"embeddable":true,"href":"https:\/\/dignita.com\/no\/wp-json\/wp\/v2\/media\/1760"}],"wp:attachment":[{"href":"https:\/\/dignita.com\/no\/wp-json\/wp\/v2\/media?parent=1867"}],"curies":[{"name":"wp","href":"https:\/\/api.w.org\/{rel}","templated":true}]}}