{"id":2523,"date":"2020-04-14T12:42:57","date_gmt":"2020-04-14T10:42:57","guid":{"rendered":"https:\/\/dignita.com\/?page_id=2523"},"modified":"2021-12-03T09:55:37","modified_gmt":"2021-12-03T08:55:37","slug":"registrera-alkomatare","status":"publish","type":"page","link":"https:\/\/dignita.com\/no\/registrera-alkomatare\/","title":{"rendered":"Registrera alkom\u00e4tare"},"content":{"rendered":"<h3>Tack f\u00f6r att du valt att k\u00f6pa en alkom\u00e4tare fr\u00e5n oss!<\/h3>\n<p><strong>Viktigt, registrera din alkom\u00e4tare!<\/strong><\/p>\n<p>S\u00e5 snart du registrerat dig f\u00e5r du marknadens b\u00e4sta garanti, 36 m\u00e5nader.<\/p>\n<p>F\u00f6r att du som kund till oss ska vara s\u00e4ker p\u00e5 ett bra k\u00f6p s\u00e5 ger vi marknadens b\u00e4sta garantier. Vi kalibrerar ocks\u00e5 alla m\u00e4tare innan leverans f\u00f6r att s\u00e4kerst\u00e4lla korrekta m\u00e4tv\u00e4rden.<\/p>\n<p>Liksom alla h\u00f6gkvalitativa m\u00e4tinstrument beh\u00f6ver \u00e4ven v\u00e5ra m\u00e4tare regelbunden service och kalibrering f\u00f6r att s\u00e4kerst\u00e4lla h\u00f6gsta noggrannhet. Vi rekommenderar d\u00e4rf\u00f6r att v\u00e5ra m\u00e4tare servas\/kalibreras minst en g\u00e5ng per \u00e5r.<\/p>\n<p><strong>Registrera genom att fylla i uppgifterna nedan:<\/strong><\/p>\n\n<div class=\"wpcf7 no-js\" id=\"wpcf7-f2520-o1\" lang=\"en-US\" dir=\"ltr\" data-wpcf7-id=\"2520\">\n<div class=\"screen-reader-response\"><p role=\"status\" aria-live=\"polite\" aria-atomic=\"true\"><\/p> <ul><\/ul><\/div>\n<form action=\"\/no\/wp-json\/wp\/v2\/pages\/2523#wpcf7-f2520-o1\" method=\"post\" class=\"wpcf7-form init\" aria-label=\"Contact form\" novalidate=\"novalidate\" data-status=\"init\">\n<fieldset class=\"hidden-fields-container\"><input type=\"hidden\" name=\"_wpcf7\" value=\"2520\" \/><input type=\"hidden\" name=\"_wpcf7_version\" value=\"6.1.5\" \/><input type=\"hidden\" name=\"_wpcf7_locale\" value=\"en_US\" \/><input type=\"hidden\" name=\"_wpcf7_unit_tag\" value=\"wpcf7-f2520-o1\" \/><input type=\"hidden\" name=\"_wpcf7_container_post\" value=\"0\" \/><input type=\"hidden\" name=\"_wpcf7_posted_data_hash\" value=\"\" \/><input type=\"hidden\" name=\"_wpcf7_recaptcha_response\" value=\"\" \/>\n<\/fieldset>\n<p>\t\t<div id=\"cf7md-form\" class=\"cf7md-form\">\n\t\t\t<div class=\"mdc-layout-grid\">\n\t\t\t\t<div class=\"mdc-layout-grid__inner\">\n\t\t\t\t\t\t\t\t\t\t\n<\/p>\n\t\t\n\t\t<div class=\"cf7md-item cf7md-text mdc-layout-grid__cell mdc-layout-grid__cell--span-12\">\n\t\t\t<br \/>\n<span class=\"wpcf7-form-control-wrap\" data-name=\"your-name\"><input size=\"40\" maxlength=\"400\" class=\"wpcf7-form-control wpcf7-text wpcf7-validates-as-required\" aria-required=\"true\" aria-invalid=\"false\" value=\"\" type=\"text\" name=\"your-name\" \/><\/span><br \/>\n\t\t\t\t\t\t<div style=\"display: none;\" class=\"cf7md-text-html\">\n\t\t\t\t<div class=\"mdc-text-field  mdc-text-field--outlined\">\n\t\t\t\t\t\n\t\t\t\t\t\t\t\t\t\t\t<div class=\"mdc-notched-outline\">\n\t\t\t\t\t\t\t<div class=\"mdc-notched-outline__leading\"><\/div>\n\t\t\t\t\t\t\t<div class=\"mdc-notched-outline__notch\">\n\t\t\t\t\t\t\t\t<label class=\"mdc-floating-label\">F\u00f6rnamn<\/label>\n\t\t\t\t\t\t\t<\/div>\n\t\t\t\t\t\t\t<div class=\"mdc-notched-outline__trailing\"><\/div>\n\t\t\t\t\t\t<\/div>\n\t\t\t\t\t\t\t\t\t<\/div>\n\t\t\t<\/div>\n\t\t<\/div>\n\t\t\n\t\t\n\t\t<div class=\"cf7md-item cf7md-text mdc-layout-grid__cell mdc-layout-grid__cell--span-12\">\n\t\t\t<br \/>\n<span class=\"wpcf7-form-control-wrap\" data-name=\"your-surname\"><input size=\"40\" maxlength=\"400\" class=\"wpcf7-form-control wpcf7-text wpcf7-validates-as-required\" aria-required=\"true\" aria-invalid=\"false\" value=\"\" type=\"text\" name=\"your-surname\" \/><\/span><br \/>\n\t\t\t\t\t\t<div style=\"display: none;\" class=\"cf7md-text-html\">\n\t\t\t\t<div class=\"mdc-text-field  mdc-text-field--outlined\">\n\t\t\t\t\t\n\t\t\t\t\t\t\t\t\t\t\t<div class=\"mdc-notched-outline\">\n\t\t\t\t\t\t\t<div class=\"mdc-notched-outline__leading\"><\/div>\n\t\t\t\t\t\t\t<div class=\"mdc-notched-outline__notch\">\n\t\t\t\t\t\t\t\t<label class=\"mdc-floating-label\">Efternamn<\/label>\n\t\t\t\t\t\t\t<\/div>\n\t\t\t\t\t\t\t<div class=\"mdc-notched-outline__trailing\"><\/div>\n\t\t\t\t\t\t<\/div>\n\t\t\t\t\t\t\t\t\t<\/div>\n\t\t\t<\/div>\n\t\t<\/div>\n\t\t\n\t\t\n\t\t<div class=\"cf7md-item cf7md-text mdc-layout-grid__cell mdc-layout-grid__cell--span-12\">\n\t\t\t<br \/>\n<span class=\"wpcf7-form-control-wrap\" data-name=\"your-address\"><input size=\"40\" maxlength=\"400\" class=\"wpcf7-form-control wpcf7-text wpcf7-validates-as-required\" aria-required=\"true\" aria-invalid=\"false\" value=\"\" type=\"text\" name=\"your-address\" \/><\/span><br \/>\n\t\t\t\t\t\t<div style=\"display: none;\" class=\"cf7md-text-html\">\n\t\t\t\t<div class=\"mdc-text-field  mdc-text-field--outlined\">\n\t\t\t\t\t\n\t\t\t\t\t\t\t\t\t\t\t<div class=\"mdc-notched-outline\">\n\t\t\t\t\t\t\t<div class=\"mdc-notched-outline__leading\"><\/div>\n\t\t\t\t\t\t\t<div class=\"mdc-notched-outline__notch\">\n\t\t\t\t\t\t\t\t<label class=\"mdc-floating-label\">Adress<\/label>\n\t\t\t\t\t\t\t<\/div>\n\t\t\t\t\t\t\t<div class=\"mdc-notched-outline__trailing\"><\/div>\n\t\t\t\t\t\t<\/div>\n\t\t\t\t\t\t\t\t\t<\/div>\n\t\t\t<\/div>\n\t\t<\/div>\n\t\t\n\t\t\n\t\t<div class=\"cf7md-item cf7md-text mdc-layout-grid__cell mdc-layout-grid__cell--span-12\">\n\t\t\t<br \/>\n<span class=\"wpcf7-form-control-wrap\" data-name=\"your-zipcode\"><input size=\"40\" maxlength=\"400\" class=\"wpcf7-form-control wpcf7-text wpcf7-validates-as-required\" aria-required=\"true\" aria-invalid=\"false\" value=\"\" type=\"text\" name=\"your-zipcode\" \/><\/span><br \/>\n\t\t\t\t\t\t<div style=\"display: none;\" class=\"cf7md-text-html\">\n\t\t\t\t<div class=\"mdc-text-field  mdc-text-field--outlined\">\n\t\t\t\t\t\n\t\t\t\t\t\t\t\t\t\t\t<div class=\"mdc-notched-outline\">\n\t\t\t\t\t\t\t<div class=\"mdc-notched-outline__leading\"><\/div>\n\t\t\t\t\t\t\t<div class=\"mdc-notched-outline__notch\">\n\t\t\t\t\t\t\t\t<label class=\"mdc-floating-label\">Postnr.<\/label>\n\t\t\t\t\t\t\t<\/div>\n\t\t\t\t\t\t\t<div class=\"mdc-notched-outline__trailing\"><\/div>\n\t\t\t\t\t\t<\/div>\n\t\t\t\t\t\t\t\t\t<\/div>\n\t\t\t<\/div>\n\t\t<\/div>\n\t\t\n\t\t\n\t\t<div class=\"cf7md-item cf7md-text mdc-layout-grid__cell mdc-layout-grid__cell--span-12\">\n\t\t\t<br \/>\n<span class=\"wpcf7-form-control-wrap\" data-name=\"your-city\"><input size=\"40\" maxlength=\"400\" class=\"wpcf7-form-control wpcf7-text wpcf7-validates-as-required\" aria-required=\"true\" aria-invalid=\"false\" value=\"\" type=\"text\" name=\"your-city\" \/><\/span><br \/>\n\t\t\t\t\t\t<div style=\"display: none;\" class=\"cf7md-text-html\">\n\t\t\t\t<div class=\"mdc-text-field  mdc-text-field--outlined\">\n\t\t\t\t\t\n\t\t\t\t\t\t\t\t\t\t\t<div class=\"mdc-notched-outline\">\n\t\t\t\t\t\t\t<div class=\"mdc-notched-outline__leading\"><\/div>\n\t\t\t\t\t\t\t<div class=\"mdc-notched-outline__notch\">\n\t\t\t\t\t\t\t\t<label class=\"mdc-floating-label\">Ort<\/label>\n\t\t\t\t\t\t\t<\/div>\n\t\t\t\t\t\t\t<div class=\"mdc-notched-outline__trailing\"><\/div>\n\t\t\t\t\t\t<\/div>\n\t\t\t\t\t\t\t\t\t<\/div>\n\t\t\t<\/div>\n\t\t<\/div>\n\t\t\n\t\t\n\t\t<div class=\"cf7md-item cf7md-text mdc-layout-grid__cell mdc-layout-grid__cell--span-12\">\n\t\t\t<br \/>\n<span class=\"wpcf7-form-control-wrap\" data-name=\"your-phone\"><input size=\"40\" maxlength=\"400\" class=\"wpcf7-form-control wpcf7-text wpcf7-validates-as-required\" aria-required=\"true\" aria-invalid=\"false\" value=\"\" type=\"text\" name=\"your-phone\" \/><\/span><br \/>\n\t\t\t\t\t\t<div style=\"display: none;\" class=\"cf7md-text-html\">\n\t\t\t\t<div class=\"mdc-text-field  mdc-text-field--outlined\">\n\t\t\t\t\t\n\t\t\t\t\t\t\t\t\t\t\t<div class=\"mdc-notched-outline\">\n\t\t\t\t\t\t\t<div class=\"mdc-notched-outline__leading\"><\/div>\n\t\t\t\t\t\t\t<div class=\"mdc-notched-outline__notch\">\n\t\t\t\t\t\t\t\t<label class=\"mdc-floating-label\">Mobilnummer<\/label>\n\t\t\t\t\t\t\t<\/div>\n\t\t\t\t\t\t\t<div class=\"mdc-notched-outline__trailing\"><\/div>\n\t\t\t\t\t\t<\/div>\n\t\t\t\t\t\t\t\t\t<\/div>\n\t\t\t<\/div>\n\t\t<\/div>\n\t\t\n\t\t\n\t\t<div class=\"cf7md-item cf7md-text mdc-layout-grid__cell mdc-layout-grid__cell--span-12\">\n\t\t\t<br \/>\n<span class=\"wpcf7-form-control-wrap\" data-name=\"your-email\"><input size=\"40\" maxlength=\"400\" class=\"wpcf7-form-control wpcf7-email wpcf7-validates-as-required wpcf7-text wpcf7-validates-as-email\" aria-required=\"true\" aria-invalid=\"false\" value=\"\" type=\"email\" name=\"your-email\" \/><\/span><br \/>\n\t\t\t\t\t\t<div style=\"display: none;\" class=\"cf7md-text-html\">\n\t\t\t\t<div class=\"mdc-text-field  mdc-text-field--outlined\">\n\t\t\t\t\t\n\t\t\t\t\t\t\t\t\t\t\t<div class=\"mdc-notched-outline\">\n\t\t\t\t\t\t\t<div class=\"mdc-notched-outline__leading\"><\/div>\n\t\t\t\t\t\t\t<div class=\"mdc-notched-outline__notch\">\n\t\t\t\t\t\t\t\t<label class=\"mdc-floating-label\">E-post<\/label>\n\t\t\t\t\t\t\t<\/div>\n\t\t\t\t\t\t\t<div class=\"mdc-notched-outline__trailing\"><\/div>\n\t\t\t\t\t\t<\/div>\n\t\t\t\t\t\t\t\t\t<\/div>\n\t\t\t<\/div>\n\t\t<\/div>\n\t\t\n\t\t<div class=\"cf7md-item cf7md-select mdc-layout-grid__cell mdc-layout-grid__cell--span-12\">\n\t\t\t<br \/>\n<span class=\"wpcf7-form-control-wrap\" data-name=\"your-product\"><select class=\"wpcf7-form-control wpcf7-select wpcf7-validates-as-required\" aria-required=\"true\" aria-invalid=\"false\" name=\"your-product\"><option value=\"\">&#8212;Please choose an option&#8212;<\/option><option value=\"Dignita AM-7000\">Dignita AM-7000<\/option><option value=\"Dignita AM-8000\">Dignita AM-8000<\/option><option value=\"Dignita AMP-100\">Dignita AMP-100<\/option><\/select><\/span><br \/>\n\t\t\t\t\t\t<div style=\"display: none;\" class=\"cf7md-select-html\">\n\t\t\t\t<div class=\"mdc-select  mdc-select--outlined\">\n\t\t\t\t\t\t\n\t\t\t\t\t<i class=\"mdc-select__dropdown-icon\"><\/i>\n\t\t\t\t\t\t\t\t\t\t\t<div class=\"mdc-notched-outline\">\n\t\t\t\t\t\t\t<div class=\"mdc-notched-outline__leading\"><\/div>\n\t\t\t\t\t\t\t<div class=\"mdc-notched-outline__notch\">\n\t\t\t\t\t\t\t\t<label class=\"mdc-floating-label\">V\u00e4lj modell<\/label>\n\t\t\t\t\t\t\t<\/div>\n\t\t\t\t\t\t\t<div class=\"mdc-notched-outline__trailing\"><\/div>\n\t\t\t\t\t\t<\/div>\n\t\t\t\t\t\t\t\t\t<\/div>\n\t\t\t<\/div>\n\t\t<\/div>\n\t\t\n\t\t\n\t\t<div class=\"cf7md-item cf7md-text mdc-layout-grid__cell mdc-layout-grid__cell--span-12\">\n\t\t\t<br \/>\n<span class=\"wpcf7-form-control-wrap\" data-name=\"your-reseller\"><input size=\"40\" maxlength=\"400\" class=\"wpcf7-form-control wpcf7-text wpcf7-validates-as-required\" aria-required=\"true\" aria-invalid=\"false\" value=\"\" type=\"text\" name=\"your-reseller\" \/><\/span><br \/>\n\t\t\t\t\t\t<div style=\"display: none;\" class=\"cf7md-text-html\">\n\t\t\t\t<div class=\"mdc-text-field  mdc-text-field--outlined\">\n\t\t\t\t\t\n\t\t\t\t\t\t\t\t\t\t\t<div class=\"mdc-notched-outline\">\n\t\t\t\t\t\t\t<div class=\"mdc-notched-outline__leading\"><\/div>\n\t\t\t\t\t\t\t<div class=\"mdc-notched-outline__notch\">\n\t\t\t\t\t\t\t\t<label class=\"mdc-floating-label\">Var \u00e4r m\u00e4taren ink\u00f6pt?<\/label>\n\t\t\t\t\t\t\t<\/div>\n\t\t\t\t\t\t\t<div class=\"mdc-notched-outline__trailing\"><\/div>\n\t\t\t\t\t\t<\/div>\n\t\t\t\t\t\t\t\t\t<\/div>\n\t\t\t<\/div>\n\t\t<\/div>\n\t\t\n\t\t\n\t\t<div class=\"cf7md-item cf7md-text mdc-layout-grid__cell mdc-layout-grid__cell--span-12\">\n\t\t\t<br \/>\n<span class=\"wpcf7-form-control-wrap\" data-name=\"purchase-date\"><input class=\"wpcf7-form-control wpcf7-date wpcf7-validates-as-required wpcf7-validates-as-date\" min=\"2010-01-01\" aria-required=\"true\" aria-invalid=\"false\" value=\"\" type=\"date\" name=\"purchase-date\" \/><\/span><br \/>\n\t\t\t\t\t\t<div style=\"display: none;\" class=\"cf7md-text-html\">\n\t\t\t\t<div class=\"mdc-text-field  mdc-text-field--outlined\">\n\t\t\t\t\t\n\t\t\t\t\t\t\t\t\t\t\t<div class=\"mdc-notched-outline\">\n\t\t\t\t\t\t\t<div class=\"mdc-notched-outline__leading\"><\/div>\n\t\t\t\t\t\t\t<div class=\"mdc-notched-outline__notch\">\n\t\t\t\t\t\t\t\t<label class=\"mdc-floating-label\">Ink\u00f6psdatum<\/label>\n\t\t\t\t\t\t\t<\/div>\n\t\t\t\t\t\t\t<div class=\"mdc-notched-outline__trailing\"><\/div>\n\t\t\t\t\t\t<\/div>\n\t\t\t\t\t\t\t\t\t<\/div>\n\t\t\t<\/div>\n\t\t<\/div>\n\t\t\n<p>Genom att skicka in formul\u00e4ret godk\u00e4nner du att vi behandlar dina uppgifter enligt v\u00e5r policy. <a href=\"\/privacy-policy\/\">L\u00e4s mer om den h\u00e4r<\/a>\n<\/p>\n\t\t<div class=\"cf7md-item cf7md-submit mdc-layout-grid__cell mdc-layout-grid__cell--span-12\" data-button-style=\"raised\">\n\t\t\t<br \/>\n<input class=\"wpcf7-form-control wpcf7-submit has-spinner\" type=\"submit\" value=\"Skicka\" \/><br \/>\n\t\t\t<svg class=\"cf7md-spinner\" width=\"25px\" height=\"25px\" viewBox=\"0 0 66 66\" xmlns=\"http:\/\/www.w3.org\/2000\/svg\">\n\t\t\t\t<circle class=\"cf7md-spinner-path\" fill=\"none\" stroke-width=\"6\" stroke-linecap=\"round\" cx=\"33\" cy=\"33\" r=\"30\"><\/circle>\n\t\t\t<\/svg>\n\t\t<\/div>\n\t\t\n\t\t\t\t\t\t\t\t\t<\/div>\n\t\t\t<\/div>\n\t\t<\/div>\n\t\t\n<\/p><div class=\"wpcf7-response-output\" aria-hidden=\"true\"><\/div>\n<\/form>\n<\/div>\n\n","protected":false},"excerpt":{"rendered":"<p>Tack f\u00f6r att du valt att k\u00f6pa en alkom\u00e4tare fr\u00e5n oss! Viktigt, registrera din alkom\u00e4tare! S\u00e5 snart du registrerat dig f\u00e5r du marknadens b\u00e4sta garanti, 36 m\u00e5nader. F\u00f6r att du som kund till oss ska vara s\u00e4ker p\u00e5 ett bra k\u00f6p s\u00e5 ger vi marknadens b\u00e4sta garantier. Vi kalibrerar ocks\u00e5 alla m\u00e4tare innan leverans f\u00f6r [&hellip;]<\/p>\n","protected":false},"author":1,"featured_media":0,"parent":0,"menu_order":0,"comment_status":"closed","ping_status":"closed","template":"template-register-breathalyzer.php","meta":{"_acf_changed":false,"footnotes":""},"class_list":["post-2523","page","type-page","status-publish","hentry"],"acf":[],"yoast_head":"<!-- This site is optimized with the Yoast SEO plugin v27.3 - https:\/\/yoast.com\/product\/yoast-seo-wordpress\/ -->\n<title>Registrera alkom\u00e4tare - Dignita<\/title>\n<meta name=\"robots\" content=\"index, follow, max-snippet:-1, max-image-preview:large, max-video-preview:-1\" \/>\n<link rel=\"canonical\" href=\"https:\/\/dignita.com\/no\/registrera-alkomatare\/\" \/>\n<meta property=\"og:locale\" content=\"nb_NO\" \/>\n<meta property=\"og:type\" content=\"article\" \/>\n<meta property=\"og:title\" content=\"Registrera alkom\u00e4tare - Dignita\" \/>\n<meta property=\"og:description\" content=\"Tack f\u00f6r att du valt att k\u00f6pa en alkom\u00e4tare fr\u00e5n oss! Viktigt, registrera din alkom\u00e4tare! S\u00e5 snart du registrerat dig f\u00e5r du marknadens b\u00e4sta garanti, 36 m\u00e5nader. F\u00f6r att du som kund till oss ska vara s\u00e4ker p\u00e5 ett bra k\u00f6p s\u00e5 ger vi marknadens b\u00e4sta garantier. Vi kalibrerar ocks\u00e5 alla m\u00e4tare innan leverans f\u00f6r [&hellip;]\" \/>\n<meta property=\"og:url\" content=\"https:\/\/dignita.com\/no\/registrera-alkomatare\/\" \/>\n<meta property=\"og:site_name\" content=\"Dignita\" \/>\n<meta property=\"article:modified_time\" content=\"2021-12-03T08:55:37+00:00\" \/>\n<meta name=\"twitter:card\" content=\"summary_large_image\" \/>\n<meta name=\"twitter:label1\" content=\"Est. reading time\" \/>\n\t<meta name=\"twitter:data1\" content=\"1 minute\" \/>\n<script type=\"application\/ld+json\" class=\"yoast-schema-graph\">{\"@context\":\"https:\\\/\\\/schema.org\",\"@graph\":[{\"@type\":\"WebPage\",\"@id\":\"https:\\\/\\\/dignita.com\\\/no\\\/registrera-alkomatare\\\/\",\"url\":\"https:\\\/\\\/dignita.com\\\/no\\\/registrera-alkomatare\\\/\",\"name\":\"Registrera alkom\u00e4tare - Dignita\",\"isPartOf\":{\"@id\":\"https:\\\/\\\/dignita.com\\\/#website\"},\"datePublished\":\"2020-04-14T10:42:57+00:00\",\"dateModified\":\"2021-12-03T08:55:37+00:00\",\"breadcrumb\":{\"@id\":\"https:\\\/\\\/dignita.com\\\/no\\\/registrera-alkomatare\\\/#breadcrumb\"},\"inLanguage\":\"nb-NO\",\"potentialAction\":[{\"@type\":\"ReadAction\",\"target\":[\"https:\\\/\\\/dignita.com\\\/no\\\/registrera-alkomatare\\\/\"]}]},{\"@type\":\"BreadcrumbList\",\"@id\":\"https:\\\/\\\/dignita.com\\\/no\\\/registrera-alkomatare\\\/#breadcrumb\",\"itemListElement\":[{\"@type\":\"ListItem\",\"position\":1,\"name\":\"Home\",\"item\":\"https:\\\/\\\/dignita.com\\\/no\\\/\"},{\"@type\":\"ListItem\",\"position\":2,\"name\":\"Registrera alkom\u00e4tare\"}]},{\"@type\":\"WebSite\",\"@id\":\"https:\\\/\\\/dignita.com\\\/#website\",\"url\":\"https:\\\/\\\/dignita.com\\\/\",\"name\":\"Dignita\",\"description\":\"\",\"potentialAction\":[{\"@type\":\"SearchAction\",\"target\":{\"@type\":\"EntryPoint\",\"urlTemplate\":\"https:\\\/\\\/dignita.com\\\/?s={search_term_string}\"},\"query-input\":{\"@type\":\"PropertyValueSpecification\",\"valueRequired\":true,\"valueName\":\"search_term_string\"}}],\"inLanguage\":\"nb-NO\"}]}<\/script>\n<!-- \/ Yoast SEO plugin. -->","yoast_head_json":{"title":"Registrera alkom\u00e4tare - Dignita","robots":{"index":"index","follow":"follow","max-snippet":"max-snippet:-1","max-image-preview":"max-image-preview:large","max-video-preview":"max-video-preview:-1"},"canonical":"https:\/\/dignita.com\/no\/registrera-alkomatare\/","og_locale":"nb_NO","og_type":"article","og_title":"Registrera alkom\u00e4tare - Dignita","og_description":"Tack f\u00f6r att du valt att k\u00f6pa en alkom\u00e4tare fr\u00e5n oss! Viktigt, registrera din alkom\u00e4tare! S\u00e5 snart du registrerat dig f\u00e5r du marknadens b\u00e4sta garanti, 36 m\u00e5nader. F\u00f6r att du som kund till oss ska vara s\u00e4ker p\u00e5 ett bra k\u00f6p s\u00e5 ger vi marknadens b\u00e4sta garantier. Vi kalibrerar ocks\u00e5 alla m\u00e4tare innan leverans f\u00f6r [&hellip;]","og_url":"https:\/\/dignita.com\/no\/registrera-alkomatare\/","og_site_name":"Dignita","article_modified_time":"2021-12-03T08:55:37+00:00","twitter_card":"summary_large_image","twitter_misc":{"Est. reading time":"1 minute"},"schema":{"@context":"https:\/\/schema.org","@graph":[{"@type":"WebPage","@id":"https:\/\/dignita.com\/no\/registrera-alkomatare\/","url":"https:\/\/dignita.com\/no\/registrera-alkomatare\/","name":"Registrera alkom\u00e4tare - Dignita","isPartOf":{"@id":"https:\/\/dignita.com\/#website"},"datePublished":"2020-04-14T10:42:57+00:00","dateModified":"2021-12-03T08:55:37+00:00","breadcrumb":{"@id":"https:\/\/dignita.com\/no\/registrera-alkomatare\/#breadcrumb"},"inLanguage":"nb-NO","potentialAction":[{"@type":"ReadAction","target":["https:\/\/dignita.com\/no\/registrera-alkomatare\/"]}]},{"@type":"BreadcrumbList","@id":"https:\/\/dignita.com\/no\/registrera-alkomatare\/#breadcrumb","itemListElement":[{"@type":"ListItem","position":1,"name":"Home","item":"https:\/\/dignita.com\/no\/"},{"@type":"ListItem","position":2,"name":"Registrera alkom\u00e4tare"}]},{"@type":"WebSite","@id":"https:\/\/dignita.com\/#website","url":"https:\/\/dignita.com\/","name":"Dignita","description":"","potentialAction":[{"@type":"SearchAction","target":{"@type":"EntryPoint","urlTemplate":"https:\/\/dignita.com\/?s={search_term_string}"},"query-input":{"@type":"PropertyValueSpecification","valueRequired":true,"valueName":"search_term_string"}}],"inLanguage":"nb-NO"}]}},"_links":{"self":[{"href":"https:\/\/dignita.com\/no\/wp-json\/wp\/v2\/pages\/2523","targetHints":{"allow":["GET"]}}],"collection":[{"href":"https:\/\/dignita.com\/no\/wp-json\/wp\/v2\/pages"}],"about":[{"href":"https:\/\/dignita.com\/no\/wp-json\/wp\/v2\/types\/page"}],"author":[{"embeddable":true,"href":"https:\/\/dignita.com\/no\/wp-json\/wp\/v2\/users\/1"}],"replies":[{"embeddable":true,"href":"https:\/\/dignita.com\/no\/wp-json\/wp\/v2\/comments?post=2523"}],"version-history":[{"count":2,"href":"https:\/\/dignita.com\/no\/wp-json\/wp\/v2\/pages\/2523\/revisions"}],"predecessor-version":[{"id":2525,"href":"https:\/\/dignita.com\/no\/wp-json\/wp\/v2\/pages\/2523\/revisions\/2525"}],"wp:attachment":[{"href":"https:\/\/dignita.com\/no\/wp-json\/wp\/v2\/media?parent=2523"}],"curies":[{"name":"wp","href":"https:\/\/api.w.org\/{rel}","templated":true}]}}